{"id":3014,"date":"2023-03-24T08:30:23","date_gmt":"2023-03-24T08:30:23","guid":{"rendered":"https:\/\/monteconsultancy.com\/servicios\/visado-de-trabajo\/"},"modified":"2024-04-08T19:21:32","modified_gmt":"2024-04-08T18:21:32","slug":"visado-de-trabajo","status":"publish","type":"page","link":"https:\/\/monteconsultancy.com\/es\/visado-de-trabajo\/","title":{"rendered":"Visado de trabajo"},"content":{"rendered":"<p>[vc_row bg_position=\u00bbcenter center\u00bb enable_gradient=\u00bbyes\u00bb enable_overlay=\u00bbyes\u00bb enable_row_dividers=\u00bbyes\u00bb gradient_bg=\u00bblinear-gradient(40deg, rgb(46, 52, 67) 0.3184713375796178%, rgb(50, 51, 74) 50.318471337579616%, #3b4157 100%)\u00bb css=\u00bb.vc_custom_1679644931609{padding-top: 145px !important;padding-bottom: 80px !important;background-image: url(https:\/\/monteconsultancy.com\/wp-content\/uploads\/2023\/03\/United-Kingdom-2.jpg?id=973) !important;background-position: center !important;background-repeat: no-repeat !important;background-size: cover !important;}\u00bb row_svg_divider=\u00bbbottom_shape_type:12|bottom_shape_color:%23ffffff|bottom_shape_height:89&#8243; overlay_bg=\u00bbrgba(0, 0, 0, 0.4)\u00bb][vc_column offset=\u00bbvc_col-md-offset-2 vc_col-md-8&#8243; responsive_align=\u00bbtext-center\u00bb]<style>.ld_fancy_heading_69d25be4e7e34 h1{color:rgb(255, 255, 255);}.ld_fancy_heading_69d25be4e7e34 h1 {font-size:62px; } @media (min-width: 768px) { .ld_fancy_heading_69d25be4e7e34 h1 {font-size:73px; }  } .ld_fancy_heading_69d25be4e7e34 h1 {margin-bottom:0.2em !important;  } .ld_fancy_heading_69d25be4e7e34 .lqd-highlight-inner{height:0.275em!important;bottom:0px!important;}.ld_fancy_heading_69d25be4e7e34 h1 {font-size:62px; } @media (min-width: 768px) { .ld_fancy_heading_69d25be4e7e34 h1 {font-size:73px; }  } .ld_fancy_heading_69d25be4e7e34 h1 {margin-bottom:0.2em !important;  } <\/style><div class=\"ld-fancy-heading ld_fancy_heading_69d25be4e7e34\">\n\t<h1 class=\"ld-fh-element lqd-highlight-underline lqd-highlight-grow-left text-decoration-default\"   >  Visado de trabajo<\/h1><\/div><style>.ld_fancy_heading_69d25be4e81ed p{background:rgb(255, 255, 255);}.ld_fancy_heading_69d25be4e81ed p {font-size:13px; } .ld_fancy_heading_69d25be4e81ed p {font-weight:700; } .ld_fancy_heading_69d25be4e81ed p {letter-spacing:0.05em; } .ld_fancy_heading_69d25be4e81ed p {padding-top:10px !important; padding-right:20px !important; padding-bottom:10px !important; padding-left:20px !important;  } .ld_fancy_heading_69d25be4e81ed p {margin-bottom:2em !important;  } .ld_fancy_heading_69d25be4e81ed .lqd-highlight-inner{height:0.275em!important;bottom:0px!important;}.ld_fancy_heading_69d25be4e81ed p {font-size:13px; } .ld_fancy_heading_69d25be4e81ed p {font-weight:700; } .ld_fancy_heading_69d25be4e81ed p {letter-spacing:0.05em; } .ld_fancy_heading_69d25be4e81ed p {padding-top:10px !important; padding-right:20px !important; padding-bottom:10px !important; padding-left:20px !important;  } .ld_fancy_heading_69d25be4e81ed p {margin-bottom:2em !important;  } <\/style><div class=\"ld-fancy-heading ld-fh-has-fill text-uppercase ld_fancy_heading_69d25be4e81ed\">\n\t<p class=\"ld-fh-element circle lqd-highlight-underline lqd-highlight-grow-left text-decoration-default h6\"   >  Visados para el Reino Unido y Ciudadan\u00eda Brit\u00e1nica<\/p><\/div><style>.ld_button_69d25be4e8321.btn-icon-solid .btn-icon{background:rgb(255, 255, 255);}.ld_button_69d25be4e8321.btn-icon-circle.btn-icon-ripple .btn-icon:before{border-color:rgb(255, 255, 255);}.ld_button_69d25be4e8321 .btn-icon{font-size:18px;}.ld_button_69d25be4e8321{color:rgb(255, 255, 255);}<\/style><a href=\"#\" class=\"btn btn-naked btn-icon-block btn-no-label ld_button_69d25be4e8321\" data-localscroll=\"true\" data-localscroll-options=\"{&quot;scrollBelowSection&quot;:true}\" >\n\t<span>\n\t\n\t\t\n\t<span class=\"btn-icon\"><i class=\"lqd-icn-ess icon-ion-ios-arrow-down\"><\/i><\/span>\t\t\t\t<\/span>\n<\/a>\n[\/vc_column][\/vc_row][vc_row responsive_css=\u00bbpadding_top_medium:110px|padding_top_small:80px|padding_bottom_small:60px\u00bb css=\u00bb.vc_custom_1610696800165{padding-top: 60px !important;padding-bottom: 30px !important;}\u00bb][vc_column width=\u00bb1\/2&#8243; offset=\u00bbvc_col-md-5&#8243; responsive_css=\u00bbmargin_bottom_small:0px\u00bb css=\u00bb.vc_custom_1610698221117{margin-bottom: 80px !important;}\u00bb]<div id=\"ld_images_group_container_69d25be4e84da\" class=\"lqd-imggrp-container ld_images_group_container_69d25be4e84da\"   >\n\t<div class=\"lqd-imggrp-inner\">\n\t\t<div id=\"ld_images_group_element_69d25be4e8627\" class=\"lqd-imggrp-single ld_images_group_element_69d25be4e8627\" data-shadow-style=\"4\" data-roundness=\"8\"  >\n\t\n\t<div class=\"lqd-imggrp-img-container\"    >\n\t\t\n\t\t\t\t\n\t\t\t\t<figure ><img decoding=\"async\" width=\"310\" height=\"393\" src=\"https:\/\/monteconsultancy.com\/wp-content\/uploads\/2023\/03\/img_European-Visa_01-min.jpg\" srcset=\"https:\/\/monteconsultancy.com\/wp-content\/uploads\/2023\/03\/img_European-Visa_01-min-237x300.jpg 237w, https:\/\/monteconsultancy.com\/wp-content\/uploads\/2023\/03\/img_European-Visa_01-min.jpg 620w\" class=\"\" alt=\"\" itemprop=\"image\" \/><\/figure>\t\t\t\t\t\t\t\t\n\t<\/div><!-- \/.lqd-imggrp-content -->\n<\/div><!-- \/.lqd-imggrp-single --><style>.ld_images_group_element_69d25be4e8a2b{position:absolute;}.ld_images_group_element_69d25be4e8a2b {top:60px !important; right:0px !important;  } @media (min-width: 768px) { .ld_images_group_element_69d25be4e8a2b {top:90px !important;  }  } .ld_images_group_element_69d25be4e8a2b {top:60px !important; right:0px !important;  } @media (min-width: 768px) { .ld_images_group_element_69d25be4e8a2b {top:90px !important;  }  } <\/style><div id=\"ld_images_group_element_69d25be4e8a2b\" class=\"lqd-imggrp-single ld_images_group_element_69d25be4e8a2b\" data-shadow-style=\"4\" data-roundness=\"8\"  >\n\t\n\t<div class=\"lqd-imggrp-img-container\"    >\n\t\t\n\t\t\t\t\n\t\t\t\t<figure ><img decoding=\"async\" width=\"275\" height=\"275\" src=\"data:image\/svg+xml;charset=utf-8,%3Csvg xmlns%3D&#039;http%3A%2F%2Fwww.w3.org%2F2000%2Fsvg&#039; viewBox%3D&#039;0 0 550 550&#039;%2F%3E\" class=\" ld-lazyload\" alt=\"\" itemprop=\"image\" data-src=\"https:\/\/monteconsultancy.com\/wp-content\/uploads\/2023\/03\/img_Work-Visa.jpg\" data-srcset=\"https:\/\/monteconsultancy.com\/wp-content\/uploads\/2023\/03\/img_Work-Visa-300x300.jpg 300w, https:\/\/monteconsultancy.com\/wp-content\/uploads\/2023\/03\/img_Work-Visa-150x150.jpg 150w, https:\/\/monteconsultancy.com\/wp-content\/uploads\/2023\/03\/img_Work-Visa.jpg 550w\" data-aspect=\"1\" \/><\/figure>\t\t\t\t\t\t\t\t\n\t<\/div><!-- \/.lqd-imggrp-content -->\n<\/div><!-- \/.lqd-imggrp-single --><\/p>\n\t\n\t<\/div><!-- \/.lqd-imggrp-inner -->\n<\/div><!-- \/.lqd-imggrp-container -->[\/vc_column][vc_column width=\u00bb1\/2&#8243; offset=\u00bbvc_col-lg-5 vc_col-md-offset-1 vc_col-md-6&#8243;]<style>.ld_fancy_heading_69d25be506c4d h2{color:#a31212;}.ld_fancy_heading_69d25be506c4d h2 {font-size:39px; } .ld_fancy_heading_69d25be506c4d h2 {line-height:1.05em; } .ld_fancy_heading_69d25be506c4d h2 {--element-line-height:1.05em; } .ld_fancy_heading_69d25be506c4d h2 {margin-bottom:1.15em !important;  } .ld_fancy_heading_69d25be506c4d .lqd-highlight-inner{height:0.275em!important;bottom:0px!important;background:rgba(255, 0, 0, 0.2)!important;}.ld_fancy_heading_69d25be506c4d h2 {font-size:39px; } .ld_fancy_heading_69d25be506c4d h2 {line-height:1.05em; } .ld_fancy_heading_69d25be506c4d h2 {--element-line-height:1.05em; } .ld_fancy_heading_69d25be506c4d h2 {margin-bottom:1.15em !important;  } <\/style><div class=\"ld-fancy-heading ld_fancy_heading_69d25be506c4d\">\n\t<h2 class=\"ld-fh-element lqd-highlight-underline lqd-highlight-grow-left text-decoration-default\"  data-inview=\"true\" data-transition-delay=\"true\" data-delay-options=\"{&quot;elements&quot;:&quot;.lqd-highlight-inner&quot;,&quot;delayType&quot;:&quot;transition&quot;}\"  >  Trabaje en <mark class=\"lqd-highlight\"><span class=\"lqd-highlight-txt\"  >Inglaterra <\/span><span class=\"lqd-highlight-inner\"><svg class=\"lqd-highlight-brush-svg\" xmlns=\"http:\/\/www.w3.org\/2000\/svg\" width=\"235.509\" height=\"13.504\" viewBox=\"0 0 235.509 13.504\" aria-hidden=\"true\" preserveAspectRatio=\"none\"><path d=\"M163,.383a13.044,13.044,0,0,1,1.517-.072,3.528,3.528,0,0,1,1.237-.134q.618.044,1.237.044a.249.249,0,0,1-.1.178.337.337,0,0,0-.1.266q3.092.088,6.184-.044T178.953.4l-.206-.088a12,12,0,0,0,4.123,0,13.467,13.467,0,0,1,5.772,0q1.443-.178,2.68-.266A5.978,5.978,0,0,1,193.8.4,16.707,16.707,0,0,1,198.01.045q2.164.088,4.844.088-.618.088-.824.134L201.412.4a3.893,3.893,0,0,0,2.061,0,5.413,5.413,0,0,1,1.649-.356q.618.088,1.134.178a9.762,9.762,0,0,0,1.544.09,17,17,0,0,1,3.092-.266q1.649,0,3.5.178,2.886.088,5.875.044t5.875-.222q0,.088.206.088h.412a21.975,21.975,0,0,0,2.577.889A12.458,12.458,0,0,1,232.12,2.18a3.962,3.962,0,0,1,1.031.622A3.349,3.349,0,0,1,234.8,3.825a5.079,5.079,0,0,1,.618,1.111q.412.534-1.031.98-1.031.444-.618.98a2.09,2.09,0,0,1,.206.889q0,.444.825.889.618.8-.206,1.245l-1.237.534q-1.443-.088-2.68-.134a17.255,17.255,0,0,1-2.267-.222,3.128,3.128,0,0,0-.928-.044,3.129,3.129,0,0,1-.928-.044q-2.267-.178-4.432-.266T217.7,9.476q-1.649-.088-2.886-.088a17.343,17.343,0,0,1-2.474-.178q-3.916,0-7.73-.088t-7.73-.266l-12.471-.178q-6.287-.088-12.883-.088h-1.958q-.928,0-1.958.088h-2.061q-1.031,0-2.061-.088-2.68-.088-5.256-.134t-5.256.044h-5.462q-2.577,0-5.462.088-4.535.088-8.76.178t-8.554.088q-2.886.088-5.875.088t-5.875.088q-1.443.088-2.886.134t-3.092.044q-4.741.178-9.791.312t-9.791.312q-2.267.088-4.329.088T78.77,10.1q-4.329.266-8.863.49t-9.276.49q-1.237.088-2.68.134a24.356,24.356,0,0,0-2.683.224q-2.68.178-5.462.312t-5.668.4q-2.474.266-4.741.312t-4.741.044q-1.031-.088-1.958-.134a9.684,9.684,0,0,1-1.958-.312,12.5,12.5,0,0,0-1.443-.312q-.825-.134-1.856-.31-2.886.356-6.39.666t-6.8.845a26.709,26.709,0,0,1-2.886.356,20.758,20.758,0,0,1-9.482-.889Q.232,11.962.026,11.25T1.263,9.917q0-.266.825-.266a13.039,13.039,0,0,0,2.886-.444A17.187,17.187,0,0,1,7.86,8.672q3.092-.266,6.184-.8,1.649-.178,3.3-.312t3.5-.312q4.123-.354,8.039-.712t8.039-.622q9.478-.8,18.758-1.338,2.68-.178,5.153-.356t4.741-.356q2.474-.178,5.05-.356T75.88,3.24h1.34a4.829,4.829,0,0,0,1.34-.178q2.267-.178,4.329-.222t4.329-.134a7.256,7.256,0,0,1,2.267,0,3.459,3.459,0,0,0,1.031-.088,6.009,6.009,0,0,1,2.37-.266,14.745,14.745,0,0,0,2.783-.088q1.649,0,2.474.088a1.308,1.308,0,0,1,.185.011,1.226,1.226,0,0,1,.33-.1,3.656,3.656,0,0,0,.515-.088,4.433,4.433,0,0,1,2.886.266q.412-.088,1.031-.178l1.237-.178q.412,0,1.031.044a5.761,5.761,0,0,0,1.237-.044q2.886-.088,5.772-.044a53.829,53.829,0,0,0,5.772-.222,9.505,9.505,0,0,1,1.34-.088h1.34a4.428,4.428,0,0,1,.821-.258l.825-.178a15.178,15.178,0,0,1,1.855.444,3.028,3.028,0,0,1,1.031-.534,4.039,4.039,0,0,1,1.443-.178,6.158,6.158,0,0,1,1.649.178,5.05,5.05,0,0,0,2.267.268q1.855-.088,3.813-.134T138.13,1.2q1.031,0,2.164-.044t2.37-.044q-.206-.088.412-.534h3.092q.412,0,.309.266t.928,0a5.845,5.845,0,0,1,1.443,0,31.833,31.833,0,0,0,5.359.088,21.471,21.471,0,0,1,6.8.178,5.236,5.236,0,0,0,1.031-.4q.412-.222.825-.4a.694.694,0,0,1,.137.07Z\" transform=\"translate(0 0.002)\"\/><\/svg><\/span><\/mark> y construya una<mark class=\"lqd-highlight\"><span class=\"lqd-highlight-txt\"  >carrera internacional.<\/span><span class=\"lqd-highlight-inner\"><svg class=\"lqd-highlight-brush-svg\" xmlns=\"http:\/\/www.w3.org\/2000\/svg\" width=\"235.509\" height=\"13.504\" viewBox=\"0 0 235.509 13.504\" aria-hidden=\"true\" preserveAspectRatio=\"none\"><path d=\"M163,.383a13.044,13.044,0,0,1,1.517-.072,3.528,3.528,0,0,1,1.237-.134q.618.044,1.237.044a.249.249,0,0,1-.1.178.337.337,0,0,0-.1.266q3.092.088,6.184-.044T178.953.4l-.206-.088a12,12,0,0,0,4.123,0,13.467,13.467,0,0,1,5.772,0q1.443-.178,2.68-.266A5.978,5.978,0,0,1,193.8.4,16.707,16.707,0,0,1,198.01.045q2.164.088,4.844.088-.618.088-.824.134L201.412.4a3.893,3.893,0,0,0,2.061,0,5.413,5.413,0,0,1,1.649-.356q.618.088,1.134.178a9.762,9.762,0,0,0,1.544.09,17,17,0,0,1,3.092-.266q1.649,0,3.5.178,2.886.088,5.875.044t5.875-.222q0,.088.206.088h.412a21.975,21.975,0,0,0,2.577.889A12.458,12.458,0,0,1,232.12,2.18a3.962,3.962,0,0,1,1.031.622A3.349,3.349,0,0,1,234.8,3.825a5.079,5.079,0,0,1,.618,1.111q.412.534-1.031.98-1.031.444-.618.98a2.09,2.09,0,0,1,.206.889q0,.444.825.889.618.8-.206,1.245l-1.237.534q-1.443-.088-2.68-.134a17.255,17.255,0,0,1-2.267-.222,3.128,3.128,0,0,0-.928-.044,3.129,3.129,0,0,1-.928-.044q-2.267-.178-4.432-.266T217.7,9.476q-1.649-.088-2.886-.088a17.343,17.343,0,0,1-2.474-.178q-3.916,0-7.73-.088t-7.73-.266l-12.471-.178q-6.287-.088-12.883-.088h-1.958q-.928,0-1.958.088h-2.061q-1.031,0-2.061-.088-2.68-.088-5.256-.134t-5.256.044h-5.462q-2.577,0-5.462.088-4.535.088-8.76.178t-8.554.088q-2.886.088-5.875.088t-5.875.088q-1.443.088-2.886.134t-3.092.044q-4.741.178-9.791.312t-9.791.312q-2.267.088-4.329.088T78.77,10.1q-4.329.266-8.863.49t-9.276.49q-1.237.088-2.68.134a24.356,24.356,0,0,0-2.683.224q-2.68.178-5.462.312t-5.668.4q-2.474.266-4.741.312t-4.741.044q-1.031-.088-1.958-.134a9.684,9.684,0,0,1-1.958-.312,12.5,12.5,0,0,0-1.443-.312q-.825-.134-1.856-.31-2.886.356-6.39.666t-6.8.845a26.709,26.709,0,0,1-2.886.356,20.758,20.758,0,0,1-9.482-.889Q.232,11.962.026,11.25T1.263,9.917q0-.266.825-.266a13.039,13.039,0,0,0,2.886-.444A17.187,17.187,0,0,1,7.86,8.672q3.092-.266,6.184-.8,1.649-.178,3.3-.312t3.5-.312q4.123-.354,8.039-.712t8.039-.622q9.478-.8,18.758-1.338,2.68-.178,5.153-.356t4.741-.356q2.474-.178,5.05-.356T75.88,3.24h1.34a4.829,4.829,0,0,0,1.34-.178q2.267-.178,4.329-.222t4.329-.134a7.256,7.256,0,0,1,2.267,0,3.459,3.459,0,0,0,1.031-.088,6.009,6.009,0,0,1,2.37-.266,14.745,14.745,0,0,0,2.783-.088q1.649,0,2.474.088a1.308,1.308,0,0,1,.185.011,1.226,1.226,0,0,1,.33-.1,3.656,3.656,0,0,0,.515-.088,4.433,4.433,0,0,1,2.886.266q.412-.088,1.031-.178l1.237-.178q.412,0,1.031.044a5.761,5.761,0,0,0,1.237-.044q2.886-.088,5.772-.044a53.829,53.829,0,0,0,5.772-.222,9.505,9.505,0,0,1,1.34-.088h1.34a4.428,4.428,0,0,1,.821-.258l.825-.178a15.178,15.178,0,0,1,1.855.444,3.028,3.028,0,0,1,1.031-.534,4.039,4.039,0,0,1,1.443-.178,6.158,6.158,0,0,1,1.649.178,5.05,5.05,0,0,0,2.267.268q1.855-.088,3.813-.134T138.13,1.2q1.031,0,2.164-.044t2.37-.044q-.206-.088.412-.534h3.092q.412,0,.309.266t.928,0a5.845,5.845,0,0,1,1.443,0,31.833,31.833,0,0,0,5.359.088,21.471,21.471,0,0,1,6.8.178,5.236,5.236,0,0,0,1.031-.4q.412-.222.825-.4a.694.694,0,0,1,.137.07Z\" transform=\"translate(0 0.002)\"\/><\/svg><\/span><\/mark><\/h2><\/div>[vc_row_inner][vc_column_inner offset=\u00bbvc_col-md-11&#8243; responsive_css=\u00bbmargin_bottom_medium:45px\u00bb css=\u00bb.vc_custom_1614595440928{margin-bottom: 30px !important;}\u00bb]<style>.ld_fancy_heading_69d25be507348 .lqd-highlight-inner{height:0.275em!important;bottom:0px!important;}<\/style><div class=\"ld-fancy-heading ld_fancy_heading_69d25be507348\">\n\t<h4 class=\"ld-fh-element lqd-highlight-underline lqd-highlight-grow-left text-decoration-default\"   >  Trabaje en Inglaterra, adquiera experiencia internacional, mejore su vida y aumente sus posibilidades de convertirse en ciudadano brit\u00e1nico. Aproveche esta oportunidad e impulse su carrera profesional.<\/h4><\/div>[vc_column_text]El Visado de Trabajo se llama Skilled Worker, forma parte del Sistema por Puntos (PBS), es una de las principales v\u00edas de trabajo para el Reino Unido porque puede ser solicitada por ciudadanos de cualquier nacionalidad, incluidos los brasile\u00f1os.[\/vc_column_text][\/vc_column_inner][\/vc_row_inner][\/vc_column][\/vc_row][vc_row][vc_column width=\u00bb1\/2&#8243; offset=\u00bbvc_col-md-5&#8243; responsive_css=\u00bbmargin_bottom_small:0px\u00bb css=\u00bb.vc_custom_1679646361268{margin-bottom: 0px !important;}\u00bb]<style>.ld_fancy_heading_69d25be507621 .lqd-highlight-inner{height:0.275em!important;bottom:0px!important;}<\/style><div class=\"ld-fancy-heading ld_fancy_heading_69d25be507621\">\n\t<h4 class=\"ld-fh-element lqd-highlight-underline lqd-highlight-grow-left text-decoration-default\"   >  Con la Skilled Worker Visa, usted puede:<\/h4><\/div>[vc_row_inner][vc_column_inner responsive_css=\u00bbmargin_bottom_medium:45px\u00bb css=\u00bb.vc_custom_1679553845022{margin-bottom: 30px !important;}\u00bb]<style>.ld_icon_box_69d25be50782e .iconbox-icon-container{font-size:23px;border-radius:px;}.ld_icon_box_69d25be50782e .iconbox-icon-wrap{margin-inline-end:12px !important;}.ld_icon_box_69d25be50782e .lqd-iconbox-title{margin-bottom:px;}<\/style>\n<div class=\"iconbox iconbox-side text-align-default align-items-center iconbox-xs ld_icon_box_69d25be50782e vc_custom_1687834118832\" id=\"ld_icon_box_69d25be50782e\"  data-animate-icon=\"true\"  >\n\t\n\t\t\t\t\t\n\t\n\t<div class=\"iconbox-icon-wrap\"><span class=\"iconbox-icon-container\"><i class=\"lqd-icn-ess icon-lqd-check\"><\/i><\/span><\/div>\t\n\t\t\n\t\t\n\t\t\n\t<p class=\"lqd-iconbox-title font-weight-medium\">Estudiar<\/p>\t\t\t\n\t\t\n\t\n<\/div>\n<style>.ld_icon_box_69d25be507a80 .iconbox-icon-container{font-size:23px;border-radius:px;}.ld_icon_box_69d25be507a80 .iconbox-icon-wrap{margin-inline-end:12px !important;}.ld_icon_box_69d25be507a80 .lqd-iconbox-title{margin-bottom:px;}<\/style>\n<div class=\"iconbox iconbox-side text-align-default align-items-center iconbox-xs ld_icon_box_69d25be507a80 vc_custom_1687834126772\" id=\"ld_icon_box_69d25be507a80\"  data-animate-icon=\"true\"  >\n\t\n\t\t\t\t\t\n\t\n\t<div class=\"iconbox-icon-wrap\"><span class=\"iconbox-icon-container\"><i class=\"lqd-icn-ess icon-lqd-check\"><\/i><\/span><\/div>\t\n\t\t\n\t\t\n\t\t\n\t<p class=\"lqd-iconbox-title font-weight-medium\">Trabajo<\/p>\t\t\t\n\t\t\n\t\n<\/div>\n<style>.ld_icon_box_69d25be507cde .iconbox-icon-container{font-size:23px;border-radius:px;}.ld_icon_box_69d25be507cde .iconbox-icon-wrap{margin-inline-end:12px !important;}.ld_icon_box_69d25be507cde .lqd-iconbox-title{margin-bottom:px;}<\/style>\n<div class=\"iconbox iconbox-side text-align-default align-items-center iconbox-xs ld_icon_box_69d25be507cde vc_custom_1687834135757\" id=\"ld_icon_box_69d25be507cde\"  data-animate-icon=\"true\"  >\n\t\n\t\t\t\t\t\n\t\n\t<div class=\"iconbox-icon-wrap\"><span class=\"iconbox-icon-container\"><i class=\"lqd-icn-ess icon-lqd-check\"><\/i><\/span><\/div>\t\n\t\t\n\t\t\n\t\t\n\t<p class=\"lqd-iconbox-title font-weight-medium\">Utilizar el sistema sanitario p\u00fablico<\/p>\t\t\t\n\t\t\n\t\n<\/div>\n<style>.ld_icon_box_69d25be507e71 .iconbox-icon-container{font-size:23px;border-radius:px;}.ld_icon_box_69d25be507e71 .iconbox-icon-wrap{margin-inline-end:12px !important;}.ld_icon_box_69d25be507e71 .lqd-iconbox-title{margin-bottom:px;}<\/style>\n<div class=\"iconbox iconbox-side text-align-default align-items-center iconbox-xs ld_icon_box_69d25be507e71 vc_custom_1687834144765\" id=\"ld_icon_box_69d25be507e71\"  data-animate-icon=\"true\"  >\n\t\n\t\t\t\t\t\n\t\n\t<div class=\"iconbox-icon-wrap\"><span class=\"iconbox-icon-container\"><i class=\"lqd-icn-ess icon-lqd-check\"><\/i><\/span><\/div>\t\n\t\t\n\t\t\n\t\t\n\t<p class=\"lqd-iconbox-title font-weight-medium\">Si cumple los requisitos, pida a su c\u00f3nyuge y a los hijos a su cargo que le acompa\u00f1en.<\/p>\t\t\t\n\t\t\n\t\n<\/div>\n[\/vc_column_inner][\/vc_row_inner][\/vc_column][vc_column width=\u00bb1\/2&#8243; offset=\u00bbvc_col-lg-5 vc_col-md-offset-1 vc_col-md-6&#8243;]<style>.ld_fancy_heading_69d25be507f87 .lqd-highlight-inner{height:0.275em!important;bottom:0px!important;}<\/style><div class=\"ld-fancy-heading ld_fancy_heading_69d25be507f87\">\n\t<h4 class=\"ld-fh-element lqd-highlight-underline lqd-highlight-grow-left text-decoration-default\"   >  Qui\u00e9n puede solicitarlo:<\/h4><\/div>[vc_row_inner][vc_column_inner responsive_css=\u00bbmargin_bottom_medium:45px\u00bb css=\u00bb.vc_custom_1679553845022{margin-bottom: 30px !important;}\u00bb]<style>.ld_icon_box_69d25be50818a .iconbox-icon-container{font-size:23px;border-radius:px;}.ld_icon_box_69d25be50818a .iconbox-icon-wrap{margin-inline-end:12px !important;}.ld_icon_box_69d25be50818a .lqd-iconbox-title{margin-bottom:px;}<\/style>\n<div class=\"iconbox iconbox-side text-align-default align-items-center iconbox-xs ld_icon_box_69d25be50818a vc_custom_1687834153507\" id=\"ld_icon_box_69d25be50818a\"  data-animate-icon=\"true\"  >\n\t\n\t\t\t\t\t\n\t\n\t<div class=\"iconbox-icon-wrap\"><span class=\"iconbox-icon-container\"><i class=\"lqd-icn-ess icon-lqd-check\"><\/i><\/span><\/div>\t\n\t\t\n\t\t\n\t\t\n\t<p class=\"lqd-iconbox-title font-weight-medium\">Cualquier persona que tenga una oferta de trabajo confirmada de una empresa autorizada por el Gobierno brit\u00e1nico.<\/p>\t\t\t\n\t\t\n\t\n<\/div>\n[\/vc_column_inner][\/vc_row_inner][\/vc_column][\/vc_row][vc_row responsive_css=\u00bbpadding_bottom_small:30px\u00bb css=\u00bb.vc_custom_1679646247267{padding-bottom: 30px !important;}\u00bb][vc_column responsive_css=\u00bbmargin_bottom_small:0px\u00bb css=\u00bb.vc_custom_1679647450183{margin-bottom: 0px !important;}\u00bb]<style>.ld_fancy_heading_69d25be5083bc .lqd-highlight-inner{height:0.275em!important;bottom:0px!important;}<\/style><div class=\"ld-fancy-heading ld_fancy_heading_69d25be5083bc\">\n\t<h4 class=\"ld-fh-element lqd-highlight-underline lqd-highlight-grow-left text-decoration-default\"   >  Sobre el visado para trabajadores cualificados<\/h4><\/div>[vc_row_inner][vc_column_inner responsive_css=\u00bbmargin_bottom_medium:45px\u00bb css=\u00bb.vc_custom_1679553845022{margin-bottom: 30px !important;}\u00bb][vc_column_text]La validez del visado tendr\u00e1 el mismo plazo que tu contrato de trabajo, y antes de que expire deber\u00e1s solicitar una pr\u00f3rroga del visado. Despu\u00e9s de 5 a\u00f1os viviendo legalmente, puedes solicitar un permiso de residencia permanente y m\u00e1s adelante, si cumples los requisitos, puedes solicitar la nacionalidad brit\u00e1nica.<\/p>\n<p>Tu trabajo debe ser del nivel adecuado a tus aptitudes y, dependiendo del empleo, debes tener un nivel de dominio de la lengua inglesa (algunos exigen un nivel b\u00e1sico de ingl\u00e9s, mientras que otros requieren que lo domines).<\/p>\n<p>Situaciones como un salario m\u00e1s alto, un empleo en un \u00e1rea en la que faltan trabajadores en el Reino Unido o incluso un doctorado pueden ayudarle a conseguir su visado de trabajo.[\/vc_column_text][\/vc_column_inner][\/vc_row_inner][\/vc_column][\/vc_row]<\/p>\n","protected":false},"excerpt":{"rendered":"<p>[vc_row bg_position=\u00bbcenter center\u00bb enable_gradient=\u00bbyes\u00bb enable_overlay=\u00bbyes\u00bb enable_row_dividers=\u00bbyes\u00bb gradient_bg=\u00bblinear-gradient(40deg, rgb(46, 52, 67) 0.3184713375796178%, rgb(50, 51, 74) 50.318471337579616%, #3b4157 100%)\u00bb css=\u00bb.vc_custom_1679644931609{padding-top: 145px !important;padding-bottom: 80px !important;background-image: url(https:\/\/monteconsultancy.com\/wp-content\/uploads\/2023\/03\/United-Kingdom-2.jpg?id=973) !important;background-position: center !important;background-repeat: no-repeat !important;background-size: cover !important;}\u00bb row_svg_divider=\u00bbbottom_shape_type:12|bottom_shape_color:%23ffffff|bottom_shape_height:89&#8243; overlay_bg=\u00bbrgba(0, 0, 0, 0.4)\u00bb][vc_column offset=\u00bbvc_col-md-offset-2 vc_col-md-8&#8243; responsive_align=\u00bbtext-center\u00bb][\/vc_column][\/vc_row][vc_row responsive_css=\u00bbpadding_top_medium:110px|padding_top_small:80px|padding_bottom_small:60px\u00bb css=\u00bb.vc_custom_1610696800165{padding-top: 60px !important;padding-bottom: 30px !important;}\u00bb][vc_column width=\u00bb1\/2&#8243; offset=\u00bbvc_col-md-5&#8243; responsive_css=\u00bbmargin_bottom_small:0px\u00bb css=\u00bb.vc_custom_1610698221117{margin-bottom: 80px !important;}\u00bb][\/vc_column][vc_column width=\u00bb1\/2&#8243; offset=\u00bbvc_col-lg-5 vc_col-md-offset-1 vc_col-md-6&#8243;][vc_row_inner][vc_column_inner offset=\u00bbvc_col-md-11&#8243; [&hellip;]<\/p>\n","protected":false},"author":1,"featured_media":0,"parent":0,"menu_order":0,"comment_status":"closed","ping_status":"closed","template":"","meta":{"om_disable_all_campaigns":false,"_monsterinsights_skip_tracking":false,"_monsterinsights_sitenote_active":false,"_monsterinsights_sitenote_note":"","_monsterinsights_sitenote_category":0,"footnotes":""},"class_list":["post-3014","page","type-page","status-publish","hentry"],"aioseo_notices":[],"_links":{"self":[{"href":"https:\/\/monteconsultancy.com\/es\/wp-json\/wp\/v2\/pages\/3014","targetHints":{"allow":["GET"]}}],"collection":[{"href":"https:\/\/monteconsultancy.com\/es\/wp-json\/wp\/v2\/pages"}],"about":[{"href":"https:\/\/monteconsultancy.com\/es\/wp-json\/wp\/v2\/types\/page"}],"author":[{"embeddable":true,"href":"https:\/\/monteconsultancy.com\/es\/wp-json\/wp\/v2\/users\/1"}],"replies":[{"embeddable":true,"href":"https:\/\/monteconsultancy.com\/es\/wp-json\/wp\/v2\/comments?post=3014"}],"version-history":[{"count":10,"href":"https:\/\/monteconsultancy.com\/es\/wp-json\/wp\/v2\/pages\/3014\/revisions"}],"predecessor-version":[{"id":3911,"href":"https:\/\/monteconsultancy.com\/es\/wp-json\/wp\/v2\/pages\/3014\/revisions\/3911"}],"wp:attachment":[{"href":"https:\/\/monteconsultancy.com\/es\/wp-json\/wp\/v2\/media?parent=3014"}],"curies":[{"name":"wp","href":"https:\/\/api.w.org\/{rel}","templated":true}]}}