{"id":3144,"date":"2023-04-26T05:11:41","date_gmt":"2023-04-26T04:11:41","guid":{"rendered":"https:\/\/monteconsultancy.com\/politica-de-reembolso-2\/"},"modified":"2024-04-08T19:26:02","modified_gmt":"2024-04-08T18:26:02","slug":"politica-de-reembolso","status":"publish","type":"page","link":"https:\/\/monteconsultancy.com\/es\/politica-de-reembolso\/","title":{"rendered":"Pol\u00edtica de reembolso"},"content":{"rendered":"<p>[vc_row enable_gradient=\u00bbyes\u00bb enable_overlay=\u00bbyes\u00bb enable_row_dividers=\u00bbyes\u00bb gradient_bg=\u00bblinear-gradient(40deg, rgb(46, 52, 67) 0.3184713375796178%, rgb(50, 51, 74) 50.318471337579616%, #3b4157 100%)\u00bb css=\u00bb.vc_custom_1679653274340{padding-top: 145px !important;padding-bottom: 40px !important;background-image: url(https:\/\/monteconsultancy.com\/wp-content\/uploads\/2023\/03\/United-Kingdom-2.jpg?id=973) !important;}\u00bb row_svg_divider=\u00bbbottom_shape_type:8|bottom_shape_color:%23ffffff|bottom_shape_height:60&#8243; overlay_bg=\u00bbrgba(0, 0, 0, 0.4)\u00bb][vc_column offset=\u00bbvc_col-lg-offset-3 vc_col-lg-6 vc_col-md-offset-2 vc_col-md-8&#8243; responsive_align=\u00bbtext-center\u00bb responsive_css=\u00bbpadding_right_large:10%25|padding_left_large:10%25|padding_right_medium:15%25|padding_left_medium:15%25&#8243;]<style>.ld_fancy_heading_69d25f92001cf h1{color:rgb(255, 255, 255);}.ld_fancy_heading_69d25f92001cf h1 {font-size:62px; } @media (min-width: 768px) { .ld_fancy_heading_69d25f92001cf h1 {font-size:73px; }  } .ld_fancy_heading_69d25f92001cf h1 {margin-bottom:0.2em !important;  } .ld_fancy_heading_69d25f92001cf .lqd-highlight-inner{height:0.275em!important;bottom:0px!important;}.ld_fancy_heading_69d25f92001cf h1 {font-size:62px; } @media (min-width: 768px) { .ld_fancy_heading_69d25f92001cf h1 {font-size:73px; }  } .ld_fancy_heading_69d25f92001cf h1 {margin-bottom:0.2em !important;  } <\/style><div class=\"ld-fancy-heading ld_fancy_heading_69d25f92001cf\">\n\t<h1 class=\"ld-fh-element lqd-highlight-underline lqd-highlight-grow-left text-decoration-default\"   >  Pol\u00edtica de reembolso<\/h1><\/div><style>.ld_button_69d25f92006d5.btn-icon-solid .btn-icon{background:rgb(255, 255, 255);}.ld_button_69d25f92006d5.btn-icon-circle.btn-icon-ripple .btn-icon:before{border-color:rgb(255, 255, 255);}.ld_button_69d25f92006d5 .btn-icon{font-size:18px;}.ld_button_69d25f92006d5{color:rgb(255, 255, 255);}<\/style><a href=\"#\" class=\"btn btn-naked btn-icon-block btn-no-label ld_button_69d25f92006d5\" data-localscroll=\"true\" data-localscroll-options=\"{&quot;scrollBelowSection&quot;:true}\" >\n\t<span>\n\t\n\t\t\n\t<span class=\"btn-icon\"><i class=\"lqd-icn-ess icon-ion-ios-arrow-down\"><\/i><\/span>\t\t\t\t<\/span>\n<\/a>\n[\/vc_column][\/vc_row][vc_row responsive_css=\u00bbpadding_top_large:60px|padding_top_medium:110px|padding_top_small:80px|padding_bottom_small:60px\u00bb css=\u00bb.vc_custom_1682478361260{padding-top: 60px !important;padding-bottom: 30px !important;}\u00bb][vc_column][vc_column_text]Nuestra pol\u00edtica de reembolso s\u00f3lo cubre las consultas iniciales no realizadas en el plazo de 14 (catorce) d\u00edas, disminuyendo la posibilidad de reembolso una vez transcurrido dicho plazo.<\/p>\n<p>Adem\u00e1s, cuando sea posible y posible identificar que la cita fue hecha por una persona menor de 18 a\u00f1os de edad, y en vista de nuestra Pol\u00edtica de Privacidad, reembolsaremos los importes inmediatamente, el tiempo eventualmente gastado para el procesamiento bancario no debe ser considerado.<\/p>\n<p>Dicho esto, aparte de los casos anteriores, no hay pol\u00edtica de reembolso para las acciones o medidas que se inicien o completen en la realizaci\u00f3n de trabajos intelectuales de car\u00e1cter jur\u00eddico o extrajudicial relacionados con el \u00e1mbito de trabajo de Monte Consultor\u00eda, ya que el C\u00f3digo de Defensa del Consumidor &#8211; CDC &#8211; no es aplicable a las relaciones contractuales entre clientes y abogados, que se rigen por el Estatuto de la Orden de los Abogados de Brasil &#8211; OAB, aprobado por la Ley n. 8,906\/94.<\/p>\n<p>Monte Consultor\u00eda[\/vc_column_text][\/vc_column][\/vc_row]<\/p>\n","protected":false},"excerpt":{"rendered":"<p>[vc_row enable_gradient=\u00bbyes\u00bb enable_overlay=\u00bbyes\u00bb enable_row_dividers=\u00bbyes\u00bb gradient_bg=\u00bblinear-gradient(40deg, rgb(46, 52, 67) 0.3184713375796178%, rgb(50, 51, 74) 50.318471337579616%, #3b4157 100%)\u00bb css=\u00bb.vc_custom_1679653274340{padding-top: 145px !important;padding-bottom: 40px !important;background-image: url(https:\/\/monteconsultancy.com\/wp-content\/uploads\/2023\/03\/United-Kingdom-2.jpg?id=973) !important;}\u00bb row_svg_divider=\u00bbbottom_shape_type:8|bottom_shape_color:%23ffffff|bottom_shape_height:60&#8243; overlay_bg=\u00bbrgba(0, 0, 0, 0.4)\u00bb][vc_column offset=\u00bbvc_col-lg-offset-3 vc_col-lg-6 vc_col-md-offset-2 vc_col-md-8&#8243; responsive_align=\u00bbtext-center\u00bb responsive_css=\u00bbpadding_right_large:10%25|padding_left_large:10%25|padding_right_medium:15%25|padding_left_medium:15%25&#8243;][\/vc_column][\/vc_row][vc_row responsive_css=\u00bbpadding_top_large:60px|padding_top_medium:110px|padding_top_small:80px|padding_bottom_small:60px\u00bb css=\u00bb.vc_custom_1682478361260{padding-top: 60px !important;padding-bottom: 30px !important;}\u00bb][vc_column][vc_column_text]Nuestra pol\u00edtica de reembolso s\u00f3lo cubre las consultas iniciales no realizadas en el plazo de 14 (catorce) [&hellip;]<\/p>\n","protected":false},"author":1,"featured_media":0,"parent":0,"menu_order":0,"comment_status":"closed","ping_status":"closed","template":"","meta":{"om_disable_all_campaigns":false,"_monsterinsights_skip_tracking":false,"_monsterinsights_sitenote_active":false,"_monsterinsights_sitenote_note":"","_monsterinsights_sitenote_category":0,"footnotes":""},"class_list":["post-3144","page","type-page","status-publish","hentry"],"aioseo_notices":[],"_links":{"self":[{"href":"https:\/\/monteconsultancy.com\/es\/wp-json\/wp\/v2\/pages\/3144","targetHints":{"allow":["GET"]}}],"collection":[{"href":"https:\/\/monteconsultancy.com\/es\/wp-json\/wp\/v2\/pages"}],"about":[{"href":"https:\/\/monteconsultancy.com\/es\/wp-json\/wp\/v2\/types\/page"}],"author":[{"embeddable":true,"href":"https:\/\/monteconsultancy.com\/es\/wp-json\/wp\/v2\/users\/1"}],"replies":[{"embeddable":true,"href":"https:\/\/monteconsultancy.com\/es\/wp-json\/wp\/v2\/comments?post=3144"}],"version-history":[{"count":2,"href":"https:\/\/monteconsultancy.com\/es\/wp-json\/wp\/v2\/pages\/3144\/revisions"}],"predecessor-version":[{"id":3927,"href":"https:\/\/monteconsultancy.com\/es\/wp-json\/wp\/v2\/pages\/3144\/revisions\/3927"}],"wp:attachment":[{"href":"https:\/\/monteconsultancy.com\/es\/wp-json\/wp\/v2\/media?parent=3144"}],"curies":[{"name":"wp","href":"https:\/\/api.w.org\/{rel}","templated":true}]}}