{"id":3152,"date":"2023-04-26T02:55:43","date_gmt":"2023-04-26T01:55:43","guid":{"rendered":"https:\/\/monteconsultancy.com\/condiciones-de-uso-2\/"},"modified":"2024-04-08T19:23:52","modified_gmt":"2024-04-08T18:23:52","slug":"condiciones-de-uso","status":"publish","type":"page","link":"https:\/\/monteconsultancy.com\/es\/condiciones-de-uso\/","title":{"rendered":"Condiciones de uso"},"content":{"rendered":"<p>[vc_row enable_gradient=\u00bbyes\u00bb enable_overlay=\u00bbyes\u00bb enable_row_dividers=\u00bbyes\u00bb gradient_bg=\u00bblinear-gradient(40deg, rgb(46, 52, 67) 0.3184713375796178%, rgb(50, 51, 74) 50.318471337579616%, #3b4157 100%)\u00bb css=\u00bb.vc_custom_1679653274340{padding-top: 145px !important;padding-bottom: 40px !important;background-image: url(https:\/\/monteconsultancy.com\/wp-content\/uploads\/2023\/03\/United-Kingdom-2.jpg?id=973) !important;}\u00bb row_svg_divider=\u00bbbottom_shape_type:8|bottom_shape_color:%23ffffff|bottom_shape_height:60&#8243; overlay_bg=\u00bbrgba(0, 0, 0, 0.4)\u00bb][vc_column offset=\u00bbvc_col-lg-offset-3 vc_col-lg-6 vc_col-md-offset-2 vc_col-md-8&#8243; responsive_align=\u00bbtext-center\u00bb responsive_css=\u00bbpadding_right_large:10%25|padding_left_large:10%25|padding_right_medium:15%25|padding_left_medium:15%25&#8243;]<style>.ld_fancy_heading_69d25bd2274bf h1{color:rgb(255, 255, 255);}.ld_fancy_heading_69d25bd2274bf h1 {font-size:62px; } @media (min-width: 768px) { .ld_fancy_heading_69d25bd2274bf h1 {font-size:73px; }  } .ld_fancy_heading_69d25bd2274bf h1 {margin-bottom:0.2em !important;  } .ld_fancy_heading_69d25bd2274bf .lqd-highlight-inner{height:0.275em!important;bottom:0px!important;}.ld_fancy_heading_69d25bd2274bf h1 {font-size:62px; } @media (min-width: 768px) { .ld_fancy_heading_69d25bd2274bf h1 {font-size:73px; }  } .ld_fancy_heading_69d25bd2274bf h1 {margin-bottom:0.2em !important;  } <\/style><div class=\"ld-fancy-heading ld_fancy_heading_69d25bd2274bf\">\n\t<h1 class=\"ld-fh-element lqd-highlight-underline lqd-highlight-grow-left text-decoration-default\"   >  Condiciones de uso<\/h1><\/div><style>.ld_button_69d25bd227690.btn-icon-solid .btn-icon{background:rgb(255, 255, 255);}.ld_button_69d25bd227690.btn-icon-circle.btn-icon-ripple .btn-icon:before{border-color:rgb(255, 255, 255);}.ld_button_69d25bd227690 .btn-icon{font-size:18px;}.ld_button_69d25bd227690{color:rgb(255, 255, 255);}<\/style><a href=\"#\" class=\"btn btn-naked btn-icon-block btn-no-label ld_button_69d25bd227690\" data-localscroll=\"true\" data-localscroll-options=\"{&quot;scrollBelowSection&quot;:true}\" >\n\t<span>\n\t\n\t\t\n\t<span class=\"btn-icon\"><i class=\"lqd-icn-ess icon-ion-ios-arrow-down\"><\/i><\/span>\t\t\t\t<\/span>\n<\/a>\n[\/vc_column][\/vc_row][vc_row responsive_css=\u00bbpadding_top_large:60px|padding_top_medium:110px|padding_top_small:80px|padding_bottom_small:60px\u00bb css=\u00bb.vc_custom_1682478361260{padding-top: 60px !important;padding-bottom: 30px !important;}\u00bb][vc_column]<style>.ld_fancy_heading_69d25bd227b44 .lqd-highlight-inner{height:0.275em!important;bottom:0px!important;}<\/style><div class=\"ld-fancy-heading ld_fancy_heading_69d25bd227b44\">\n\t<h4 class=\"ld-fh-element lqd-highlight-underline lqd-highlight-grow-left text-decoration-default\"   >  Objeto y contenido<\/h4><\/div>[vc_column_text]El sitio web de Monte Consultancy, situado en www.Monteconsultancy.pt, tiene como \u00fanico objetivo proporcionar informaci\u00f3n institucional sobre la empresa y sus miembros. Ninguna parte del contenido disponible a trav\u00e9s de este sitio web, incluidos los boletines institucionales y los art\u00edculos escritos por miembros del bufete, debe interpretarse como asesoramiento u opini\u00f3n jur\u00eddica. Debe solicitar asesoramiento jur\u00eddico a nuestros abogados.[\/vc_column_text]<style>.ld_spacer_69d25bd227ea7{height:32px;}<\/style>\n<div class=\"ld-empty-space ld_spacer_69d25bd227ea7\"><\/div><style>.ld_fancy_heading_69d25bd227f8e .lqd-highlight-inner{height:0.275em!important;bottom:0px!important;}<\/style><div class=\"ld-fancy-heading ld_fancy_heading_69d25bd227f8e\">\n\t<h4 class=\"ld-fh-element lqd-highlight-underline lqd-highlight-grow-left text-decoration-default\"   >  Derechos de autor<\/h4><\/div>[vc_column_text]Todos los materiales mostrados en este sitio web est\u00e1n protegidos por las leyes de Propiedad Intelectual y no pueden ser reproducidos y\/o distribuidos sin la autorizaci\u00f3n de Monte Consultor\u00eda.[\/vc_column_text]<style>.ld_spacer_69d25bd2281ee{height:32px;}<\/style>\n<div class=\"ld-empty-space ld_spacer_69d25bd2281ee\"><\/div><style>.ld_fancy_heading_69d25bd22826c .lqd-highlight-inner{height:0.275em!important;bottom:0px!important;}<\/style><div class=\"ld-fancy-heading ld_fancy_heading_69d25bd22826c\">\n\t<h4 class=\"ld-fh-element lqd-highlight-underline lqd-highlight-grow-left text-decoration-default\"   >  Informaci\u00f3n de terceros<\/h4><\/div>[vc_column_text]Monte Consultancy no se hace responsable de la informaci\u00f3n publicada en los enlaces externos que contiene este sitio web.<\/p>\n<p>Asimismo, la oficina no puede garantizar la exactitud de la informaci\u00f3n relativa a seminarios y otros eventos organizados por terceros, aunque est\u00e9n patrocinados por la oficina.[\/vc_column_text][\/vc_column][\/vc_row]<\/p>\n","protected":false},"excerpt":{"rendered":"<p>[vc_row enable_gradient=\u00bbyes\u00bb enable_overlay=\u00bbyes\u00bb enable_row_dividers=\u00bbyes\u00bb gradient_bg=\u00bblinear-gradient(40deg, rgb(46, 52, 67) 0.3184713375796178%, rgb(50, 51, 74) 50.318471337579616%, #3b4157 100%)\u00bb css=\u00bb.vc_custom_1679653274340{padding-top: 145px !important;padding-bottom: 40px !important;background-image: url(https:\/\/monteconsultancy.com\/wp-content\/uploads\/2023\/03\/United-Kingdom-2.jpg?id=973) !important;}\u00bb row_svg_divider=\u00bbbottom_shape_type:8|bottom_shape_color:%23ffffff|bottom_shape_height:60&#8243; overlay_bg=\u00bbrgba(0, 0, 0, 0.4)\u00bb][vc_column offset=\u00bbvc_col-lg-offset-3 vc_col-lg-6 vc_col-md-offset-2 vc_col-md-8&#8243; responsive_align=\u00bbtext-center\u00bb responsive_css=\u00bbpadding_right_large:10%25|padding_left_large:10%25|padding_right_medium:15%25|padding_left_medium:15%25&#8243;][\/vc_column][\/vc_row][vc_row responsive_css=\u00bbpadding_top_large:60px|padding_top_medium:110px|padding_top_small:80px|padding_bottom_small:60px\u00bb css=\u00bb.vc_custom_1682478361260{padding-top: 60px !important;padding-bottom: 30px !important;}\u00bb][vc_column][vc_column_text]El sitio web de Monte Consultancy, situado en www.Monteconsultancy.pt, tiene como \u00fanico objetivo proporcionar informaci\u00f3n institucional sobre [&hellip;]<\/p>\n","protected":false},"author":1,"featured_media":0,"parent":0,"menu_order":0,"comment_status":"closed","ping_status":"closed","template":"","meta":{"om_disable_all_campaigns":false,"_monsterinsights_skip_tracking":false,"_monsterinsights_sitenote_active":false,"_monsterinsights_sitenote_note":"","_monsterinsights_sitenote_category":0,"footnotes":""},"class_list":["post-3152","page","type-page","status-publish","hentry"],"aioseo_notices":[],"_links":{"self":[{"href":"https:\/\/monteconsultancy.com\/es\/wp-json\/wp\/v2\/pages\/3152","targetHints":{"allow":["GET"]}}],"collection":[{"href":"https:\/\/monteconsultancy.com\/es\/wp-json\/wp\/v2\/pages"}],"about":[{"href":"https:\/\/monteconsultancy.com\/es\/wp-json\/wp\/v2\/types\/page"}],"author":[{"embeddable":true,"href":"https:\/\/monteconsultancy.com\/es\/wp-json\/wp\/v2\/users\/1"}],"replies":[{"embeddable":true,"href":"https:\/\/monteconsultancy.com\/es\/wp-json\/wp\/v2\/comments?post=3152"}],"version-history":[{"count":4,"href":"https:\/\/monteconsultancy.com\/es\/wp-json\/wp\/v2\/pages\/3152\/revisions"}],"predecessor-version":[{"id":3925,"href":"https:\/\/monteconsultancy.com\/es\/wp-json\/wp\/v2\/pages\/3152\/revisions\/3925"}],"wp:attachment":[{"href":"https:\/\/monteconsultancy.com\/es\/wp-json\/wp\/v2\/media?parent=3152"}],"curies":[{"name":"wp","href":"https:\/\/api.w.org\/{rel}","templated":true}]}}