{"id":3169,"date":"2023-04-26T04:07:50","date_gmt":"2023-04-26T03:07:50","guid":{"rendered":"https:\/\/monteconsultancy.com\/politica-de-privacidad-2\/"},"modified":"2024-04-08T19:25:48","modified_gmt":"2024-04-08T18:25:48","slug":"politica-de-privacidad","status":"publish","type":"page","link":"https:\/\/monteconsultancy.com\/es\/politica-de-privacidad\/","title":{"rendered":"Pol\u00edtica de privacidad"},"content":{"rendered":"<p>[vc_row enable_gradient=\u00bbyes\u00bb enable_overlay=\u00bbyes\u00bb enable_row_dividers=\u00bbyes\u00bb gradient_bg=\u00bblinear-gradient(40deg, rgb(46, 52, 67) 0.3184713375796178%, rgb(50, 51, 74) 50.318471337579616%, #3b4157 100%)\u00bb css=\u00bb.vc_custom_1679653274340{padding-top: 145px !important;padding-bottom: 40px !important;background-image: url(https:\/\/monteconsultancy.com\/wp-content\/uploads\/2023\/03\/United-Kingdom-2.jpg?id=973) !important;}\u00bb row_svg_divider=\u00bbbottom_shape_type:8|bottom_shape_color:%23ffffff|bottom_shape_height:60&#8243; overlay_bg=\u00bbrgba(0, 0, 0, 0.4)\u00bb][vc_column offset=\u00bbvc_col-lg-offset-3 vc_col-lg-6 vc_col-md-offset-2 vc_col-md-8&#8243; responsive_align=\u00bbtext-center\u00bb responsive_css=\u00bbpadding_right_large:10%25|padding_left_large:10%25|padding_right_medium:15%25|padding_left_medium:15%25&#8243;]<style>.ld_fancy_heading_69d2606e54f44 h1{color:rgb(255, 255, 255);}.ld_fancy_heading_69d2606e54f44 h1 {font-size:62px; } @media (min-width: 768px) { .ld_fancy_heading_69d2606e54f44 h1 {font-size:73px; }  } .ld_fancy_heading_69d2606e54f44 h1 {margin-bottom:0.2em !important;  } .ld_fancy_heading_69d2606e54f44 .lqd-highlight-inner{height:0.275em!important;bottom:0px!important;}.ld_fancy_heading_69d2606e54f44 h1 {font-size:62px; } @media (min-width: 768px) { .ld_fancy_heading_69d2606e54f44 h1 {font-size:73px; }  } .ld_fancy_heading_69d2606e54f44 h1 {margin-bottom:0.2em !important;  } <\/style><div class=\"ld-fancy-heading ld_fancy_heading_69d2606e54f44\">\n\t<h1 class=\"ld-fh-element lqd-highlight-underline lqd-highlight-grow-left text-decoration-default\"   >  Pol\u00edtica de privacidad<\/h1><\/div><style>.ld_button_69d2606e553d8.btn-icon-solid .btn-icon{background:rgb(255, 255, 255);}.ld_button_69d2606e553d8.btn-icon-circle.btn-icon-ripple .btn-icon:before{border-color:rgb(255, 255, 255);}.ld_button_69d2606e553d8 .btn-icon{font-size:18px;}.ld_button_69d2606e553d8{color:rgb(255, 255, 255);}<\/style><a href=\"#\" class=\"btn btn-naked btn-icon-block btn-no-label ld_button_69d2606e553d8\" data-localscroll=\"true\" data-localscroll-options=\"{&quot;scrollBelowSection&quot;:true}\" >\n\t<span>\n\t\n\t\t\n\t<span class=\"btn-icon\"><i class=\"lqd-icn-ess icon-ion-ios-arrow-down\"><\/i><\/span>\t\t\t\t<\/span>\n<\/a>\n[\/vc_column][\/vc_row][vc_row responsive_css=\u00bbpadding_top_large:60px|padding_top_medium:110px|padding_top_small:80px|padding_bottom_small:60px\u00bb css=\u00bb.vc_custom_1682478361260{padding-top: 60px !important;padding-bottom: 30px !important;}\u00bb][vc_column][vc_column_text]Publicado el 20\/10\/2021<\/p>\n<p>Monte Consultor\u00eda, con sede en Lisboa, Portugal (la \u00abMonte Consultor\u00eda\u00bb, \u00abNosotros\u00bb u \u00abOficina\u00bb), entiende la importancia del deber de respetar la privacidad y seguridad de la informaci\u00f3n de sus clientes y del p\u00fablico en general. (\u00abUsuarios\u00bb o \u00abUsted\u00bb), que utilizan el sitio web https:\/\/monteconsultancy.com\/staging (\u00abSitio web\u00bb). Por lo tanto, el uso de dicha informaci\u00f3n se lleva a cabo de conformidad con la normativa nacional de protecci\u00f3n de datos, incluida la Ley n.\u00ba 13.709\/2018 (Ley General de Protecci\u00f3n de Datos &#8211; \u00abLGPD\u00bb).<\/p>\n<p>Le rogamos que lea atentamente nuestra Pol\u00edtica de Privacidad (\u00abPol\u00edtica\u00bb), ya que describe c\u00f3mo son tratados los datos personales proporcionados por todos aquellos que accedan y\/o utilicen el Sitio y\/o los servicios de Monte Consultor\u00eda, as\u00ed como cuando se inscriban en eventos promovidos por la Oficina. Si hay alguna objeci\u00f3n a los t\u00e9rminos y condiciones que figuran a continuaci\u00f3n, este sitio no debe ser utilizado.<\/p>\n<p>El sitio web est\u00e1 en l\u00ednea y es accesible a trav\u00e9s de la URL https:\/\/monteconsultancy.com\/staging\/ (Sitio web), que ofrece a los Usuarios la posibilidad de concertar una cita con abogados.<\/p>\n<p>Monte Consultancy no recoge ni solicita la recogida de Informaci\u00f3n o pagos de personas menores de 18 a\u00f1os. Los usuarios menores de 18 a\u00f1os no deben enviarnos informaci\u00f3n ni realizar pagos a trav\u00e9s de nuestro Sitio Web. Si tenemos conocimiento de que hemos recopilado Informaci\u00f3n de una persona menor de 18 a\u00f1os, no tendremos en cuenta la Informaci\u00f3n proporcionada y llevaremos a cabo un reembolso\/devoluci\u00f3n de las cantidades recibidas y no mantendremos la Informaci\u00f3n ni los Datos de Pago en nuestras bases.<\/p>\n<p>Para que el Sitio Web pueda ofrecer adecuadamente las funciones de pago, es necesario que est\u00e9n disponibles ciertos y determinados datos personales pertenecientes a los Usuarios (colectivamente, los \u00abdatos personales\u00bb).<\/p>\n<p>No es posible efectuar pagos en el sitio web sin tener acceso a estos datos personales. De este modo, el tratamiento de los datos personales es una condici\u00f3n para utilizar el sitio web.<\/p>\n<p>Nuestra Pol\u00edtica de Privacidad detalla, de forma directa, sencilla, objetiva y transparente, qu\u00e9 datos personales son recogidos y tratados por Monte Consultor\u00eda y con qu\u00e9 finalidades, adem\u00e1s de indicar con qui\u00e9n pueden ser compartidos y qu\u00e9 recursos est\u00e1n a disposici\u00f3n de los Usuarios para llevar a cabo la gesti\u00f3n de los datos personales.<\/p>\n<p><strong>Consulte el contenido de esta pol\u00edtica:<\/strong><\/p>\n<ol>\n<li>Qu\u00e9 datos personales recogemos y tratamos<\/li>\n<li>Por qu\u00e9 recogemos y tratamos estos datos personales<\/li>\n<li>Cu\u00e1ndo suprimimos datos personales<\/li>\n<li>\u00bfQui\u00e9n m\u00e1s tendr\u00e1 acceso a los datos personales y por qu\u00e9?<\/li>\n<li>\u00bfCu\u00e1les son sus derechos en relaci\u00f3n con estos datos personales?<\/li>\n<li>C\u00f3mo almacenamos y protegemos sus datos personales<\/li>\n<li>Tiene que dar su consentimiento para que utilicemos sus datos personales tal como se describe en esta pol\u00edtica.<\/li>\n<li>Sitio web de terceros<\/li>\n<li>Cambios en esta pol\u00edtica<\/li>\n<li>C\u00f3mo reclamar<\/li>\n<\/ol>\n<p>De acuerdo con la Ley n\u00ba 13.709\/2018, Monte Consultor\u00eda es considerado el \u00abOperador\u00bb de sus datos personales en el contexto de la prestaci\u00f3n de servicios jur\u00eddicos, por lo que la informaci\u00f3n presentada a lo largo de este documento se refiere \u00fanicamente a los datos tratados por Monte Consultor\u00eda en el contexto de la plataforma. Si, despu\u00e9s de leer esta Pol\u00edtica, sigue teniendo alguna pregunta o, por cualquier motivo, necesita comunicarse con nosotros sobre asuntos relacionados con sus datos personales, puede ponerse en contacto con nosotros a trav\u00e9s de los canales que se indican a continuaci\u00f3n:<\/p>\n<p>contato@monteconsultancy.com[\/vc_column_text]<style>.ld_spacer_69d2606e55afc{height:32px;}<\/style>\n<div class=\"ld-empty-space ld_spacer_69d2606e55afc\"><\/div><style>.ld_fancy_heading_69d2606e55e06 .lqd-highlight-inner{height:0.275em!important;bottom:0px!important;}<\/style><div class=\"ld-fancy-heading ld_fancy_heading_69d2606e55e06\">\n\t<h4 class=\"ld-fh-element lqd-highlight-underline lqd-highlight-grow-left text-decoration-default\"   >  1- Qu\u00e9 datos personales recogemos y tratamos<\/h4><\/div>[vc_column_text]Datos personales de datos y pago: Monte Consultor\u00eda s\u00f3lo recibe o recaba de otro modo la siguiente informaci\u00f3n relacionada con los Usuarios en dos ocasiones, (i) al acceder al sitio web, a trav\u00e9s de p\u00edxeles, (ii) y al pagar la consulta , lo que implica que se recoger\u00e1n los siguientes datos, aunque en momentos diferentes:<\/p>\n<ul>\n<li>Nombre;<\/li>\n<li>Direcci\u00f3n completa;<\/li>\n<li>Detalles de la forma de pago;<\/li>\n<li>correo electr\u00f3nico;<\/li>\n<li>tel\u00e9fono.<\/li>\n<li>fecha de acceso,<\/li>\n<li>Direcci\u00f3n IP,<\/li>\n<li>ubicaci\u00f3n estimada,<\/li>\n<li>tipo de dispositivo,<\/li>\n<\/ul>\n<p>Informaci\u00f3n del dispositivo: Tambi\u00e9n podemos recopilar informaci\u00f3n del dispositivo, como la IP, la fecha y la hora de acceso al sitio web a trav\u00e9s de p\u00edxeles de seguimiento. El uso de cookies por parte del sitio web est\u00e1 restringido al an\u00e1lisis estad\u00edstico del uso de la Plataforma, sin conexi\u00f3n alguna con la IP u otros datos personales del usuario.[\/vc_column_text]<style>.ld_spacer_69d2606e560d4{height:32px;}<\/style>\n<div class=\"ld-empty-space ld_spacer_69d2606e560d4\"><\/div><style>.ld_fancy_heading_69d2606e56163 .lqd-highlight-inner{height:0.275em!important;bottom:0px!important;}<\/style><div class=\"ld-fancy-heading ld_fancy_heading_69d2606e56163\">\n\t<h4 class=\"ld-fh-element lqd-highlight-underline lqd-highlight-grow-left text-decoration-default\"   >  2- Por qu\u00e9 recogemos y tratamos estos datos personales<\/h4><\/div>[vc_column_text]Utilizamos los datos personales de los usuarios para los siguientes fines:<\/p>\n<table dir=\"auto\" data-paging=\"false\" data-cascade=\"true\" data-filter-min=\"3\" data-paging-size=\"5\" data-useparentwidth=\"true\" data-filter-container=\"#filterBox\" data-filter-connectors=\"false\" data-use-parent-width=\"false\" data-sorting=\"false\" data-filtering=\"true\" data-filter-filters=\"[]\" data-filter-placeholder=\"Search\" data-filter-position=\"right\" data-show-header=\"true\">\n<thead>\n<tr>\n<th>Dado<\/th>\n<th>Prop\u00f3sito<\/th>\n<\/tr>\n<\/thead>\n<tbody>\n<tr>\n<td>Datos personales de registro<\/td>\n<td>&#8211; Para que los pagos de las consultas se realicen directamente a trav\u00e9s de la plataforma.<\/td>\n<\/tr>\n<tr>\n<td>Informaci\u00f3n sobre el dispositivo<\/td>\n<td>&#8211; Para cumplir las obligaciones legales y medir nuestro alcance.<\/td>\n<\/tr>\n<\/tbody>\n<\/table>\n<p>Monte Consultor\u00eda no utiliza los datos personales de los Usuarios para ning\u00fan otro fin o prop\u00f3sito, adem\u00e1s de los descritos anteriormente.[\/vc_column_text]<style>.ld_spacer_69d2606e5637f{height:32px;}<\/style>\n<div class=\"ld-empty-space ld_spacer_69d2606e5637f\"><\/div><style>.ld_fancy_heading_69d2606e563f9 .lqd-highlight-inner{height:0.275em!important;bottom:0px!important;}<\/style><div class=\"ld-fancy-heading ld_fancy_heading_69d2606e563f9\">\n\t<h4 class=\"ld-fh-element lqd-highlight-underline lqd-highlight-grow-left text-decoration-default\"   >  3- Cuando suprimimos datos personales<\/h4><\/div>[vc_column_text]Estructuramos el sitio web y nuestras operaciones de forma que sus datos personales no se conserven de forma identificada durante m\u00e1s tiempo del necesario. Es decir, conservamos los datos personales s\u00f3lo durante el periodo en que es necesario para los fines descritos anteriormente, si nos lo exige la ley o para el ejercicio regular de nuestros derechos.<\/p>\n<p>Podremos conservar los datos personales de forma an\u00f3nima, es decir, sin que est\u00e9n o puedan estar relacionados con un Usuario, durante per\u00edodos m\u00e1s largos.[\/vc_column_text]<style>.ld_spacer_69d2606e56510{height:32px;}<\/style>\n<div class=\"ld-empty-space ld_spacer_69d2606e56510\"><\/div><style>.ld_fancy_heading_69d2606e565a0 .lqd-highlight-inner{height:0.275em!important;bottom:0px!important;}<\/style><div class=\"ld-fancy-heading ld_fancy_heading_69d2606e565a0\">\n\t<h4 class=\"ld-fh-element lqd-highlight-underline lqd-highlight-grow-left text-decoration-default\"   >  4- \u00bfQui\u00e9n m\u00e1s tendr\u00e1 acceso a los datos personales y por qu\u00e9?<\/h4><\/div>[vc_column_text]Ocasionalmente, podremos compartir los datos personales de nuestros usuarios con las diferentes ramas de Monte Consultor\u00eda y\/o con los terceros identificados a continuaci\u00f3n, contratados para apoyarnos en la realizaci\u00f3n de los fines mencionados en el punto 2 anterior.<\/p>\n<p>Asimismo, la plataforma de alojamiento de sitios web Wix tambi\u00e9n tendr\u00e1 acceso a los datos, ya que tendr\u00e1n tr\u00e1fico a trav\u00e9s de esta plataforma, que ya est\u00e1 sujeta a la Ley General de Protecci\u00f3n de Datos (LGPD) &#8211; Ley n\u00ba 13.709\/2018.<\/p>\n<p>Algunas de estas sucursales y estos terceros pueden estar situados fuera de Brasil. Si sus datos personales son transferidos a otro pa\u00eds, tomaremos las medidas exigidas por la ley, tanto en Brasil como en el extranjero, para garantizar que permanezcan protegidos, sin embargo, le advertimos que tenga en cuenta que al utilizar el Sitio Web y proporcionarnos sus datos personales, \u00e9stos pueden ser enviados a otros pa\u00edses.<\/p>\n<table dir=\"auto\" data-paging=\"false\" data-cascade=\"true\" data-filter-min=\"3\" data-paging-size=\"5\" data-useparentwidth=\"true\" data-filter-container=\"#filterBox\" data-filter-connectors=\"false\" data-use-parent-width=\"false\" data-sorting=\"false\" data-filtering=\"true\" data-filter-filters=\"[]\" data-filter-placeholder=\"Search\" data-filter-position=\"right\" data-show-header=\"true\">\n<thead>\n<tr>\n<th>Tercera<\/th>\n<th>Tipo de datos compartidos<\/th>\n<th>Prop\u00f3sito de compartir<\/th>\n<\/tr>\n<\/thead>\n<tbody>\n<tr>\n<td>Nuestro proveedor externo de marketing, la plataforma de alojamiento (Wix) y nuestro departamento de atenci\u00f3n al cliente.<\/td>\n<td>&#8211; Datos personales de registro<\/td>\n<td>&#8211; Orientar nuestra estrategia de marketing y garantizar el mejor servicio al cliente<\/td>\n<\/tr>\n<tr>\n<td>Autoridades judiciales, policiales, gubernamentales u otros terceros con los que estemos obligados por ley, norma reglamentaria u orden judicial a compartir los datos<\/td>\n<td>&#8211; Datos personales de registro<br \/>\n&#8211; Informaci\u00f3n sobre el dispositivo<\/td>\n<td>&#8211; En caso de requerimiento, mediante orden judicial u obligaci\u00f3n legal o reglamentaria, de revelar a las autoridades judiciales, policiales o gubernamentales determinados datos de car\u00e1cter personal de nuestros Usuarios.<\/td>\n<\/tr>\n<\/tbody>\n<\/table>\n<p>[\/vc_column_text]<style>.ld_spacer_69d2606e565fe{height:32px;}<\/style>\n<div class=\"ld-empty-space ld_spacer_69d2606e565fe\"><\/div><style>.ld_fancy_heading_69d2606e56669 .lqd-highlight-inner{height:0.275em!important;bottom:0px!important;}<\/style><div class=\"ld-fancy-heading ld_fancy_heading_69d2606e56669\">\n\t<h4 class=\"ld-fh-element lqd-highlight-underline lqd-highlight-grow-left text-decoration-default\"   >  5- \u00bfCu\u00e1les son sus derechos en relaci\u00f3n con sus datos personales?<\/h4><\/div>[vc_column_text]En virtud de la Ley General de Protecci\u00f3n de Datos (LGPD) &#8211; Ley n\u00ba 13.709\/2018 -, tienes derecho a:<\/p>\n<ol>\n<li>confirmaci\u00f3n de que hemos tratado sus datos personales;<\/li>\n<li>acceso a sus datos personales;<\/li>\n<li>rectificaci\u00f3n de datos personales incompletos, inexactos o caducados;<\/li>\n<li>anonimizaci\u00f3n, bloqueo o supresi\u00f3n de datos personales innecesarios, excesivos o tratados en contra de lo dispuesto en la LGPD;<\/li>\n<li>portabilidad de sus datos personales a otro proveedor de servicios o productos, respetando nuestros secretos comerciales e industriales, previa regulaci\u00f3n de la Autoridad Nacional de Protecci\u00f3n de Datos;<\/li>\n<li>sierra. supresi\u00f3n de los datos personales tratados sobre la base de su consentimiento, salvo en los casos de conservaci\u00f3n de datos personales previstos en la LGPD;<\/li>\n<li>informaci\u00f3n sobre con qui\u00e9n compartimos sus datos personales;<\/li>\n<li>informaci\u00f3n sobre la posibilidad de no dar su consentimiento y las consecuencias;<\/li>\n<li>revocaci\u00f3n de su consentimiento para el tratamiento de sus datos personales, cuando los datos personales se traten sobre la base de su Consentimiento (v\u00e9ase el punto 7 a continuaci\u00f3n);<\/li>\n<li>oposici\u00f3n a un tratamiento que infrinja la LGPD.<\/li>\n<\/ol>\n<p>Puede ejercer cualquiera de los derechos anteriores enviando un correo electr\u00f3nico a contato@monteconsultancy.com.<\/p>\n<p>Antes de responder a una solicitud de ejercicio de los derechos antes mencionados, podemos pedirle que nos facilite determinada informaci\u00f3n para confirmar su identidad.[\/vc_column_text]<style>.ld_spacer_69d2606e566b7{height:32px;}<\/style>\n<div class=\"ld-empty-space ld_spacer_69d2606e566b7\"><\/div><style>.ld_fancy_heading_69d2606e56718 .lqd-highlight-inner{height:0.275em!important;bottom:0px!important;}<\/style><div class=\"ld-fancy-heading ld_fancy_heading_69d2606e56718\">\n\t<h4 class=\"ld-fh-element lqd-highlight-underline lqd-highlight-grow-left text-decoration-default\"   >  6- C\u00f3mo almacenamos y protegemos sus datos personales<\/h4><\/div>[vc_column_text]Almacenamos sus datos personales de forma segura en todo el sistema de Monte Consultor\u00eda, en Brasil y en el exterior. Cabe mencionar que adoptamos las mejores pr\u00e1cticas t\u00e9cnicas y administrativas para proteger los datos personales del acceso no autorizado, destrucci\u00f3n, p\u00e9rdida, alteraci\u00f3n, comunicaci\u00f3n o cualquier forma de tratamiento inadecuado o il\u00edcito.<\/p>\n<p>Sin embargo, al mismo tiempo, ninguna plataforma es completamente segura. Si le preocupa o sospecha que sus datos personales corren peligro, por ejemplo si alguien ha tenido acceso no autorizado a ellos, p\u00f3ngase en contacto con nosotros inmediatamente.[\/vc_column_text]<style>.ld_spacer_69d2606e56762{height:32px;}<\/style>\n<div class=\"ld-empty-space ld_spacer_69d2606e56762\"><\/div><style>.ld_fancy_heading_69d2606e567c1 .lqd-highlight-inner{height:0.275em!important;bottom:0px!important;}<\/style><div class=\"ld-fancy-heading ld_fancy_heading_69d2606e567c1\">\n\t<h4 class=\"ld-fh-element lqd-highlight-underline lqd-highlight-grow-left text-decoration-default\"   >  7- \u00bfNecesita dar su consentimiento para que Monte Consultor\u00eda utilice sus datos personales tal y como se describe en esta pol\u00edtica?<\/h4><\/div>[vc_column_text]La LGPD discrimina varias situaciones en las que se permite el tratamiento de datos personales con independencia del consentimiento del titular de los mismos. Estas son las denominadas \u00abbases jur\u00eddicas para el tratamiento de datos\u00bb.<\/p>\n<p>As\u00ed, si decide utilizar nuestro sitio web, en algunos casos podremos recoger y tratar sus datos personales independientemente de su consentimiento (si existe una \u00abbase jur\u00eddica\u00bb prevista en la LGPD que nos permita hacerlo). En otros casos, le pediremos su consentimiento para utilizar sus datos personales.<\/p>\n<p>Por el momento, a trav\u00e9s de esta pol\u00edtica, el sitio web de Monte Consultor\u00eda recoge su consentimiento \u00fanicamente para realizar consultas y pagos. En caso de que se produzca alg\u00fan cambio en el tratamiento de los datos personales y sea necesario recabar su consentimiento, se le informar\u00e1 (v\u00e9ase el punto 9) para que su consentimiento sea debidamente recabado en los t\u00e9rminos de la LGPD.[\/vc_column_text]<style>.ld_spacer_69d2606e56809{height:32px;}<\/style>\n<div class=\"ld-empty-space ld_spacer_69d2606e56809\"><\/div><style>.ld_fancy_heading_69d2606e56867 .lqd-highlight-inner{height:0.275em!important;bottom:0px!important;}<\/style><div class=\"ld-fancy-heading ld_fancy_heading_69d2606e56867\">\n\t<h4 class=\"ld-fh-element lqd-highlight-underline lqd-highlight-grow-left text-decoration-default\"   >  8- Sitios web de terceros<\/h4><\/div>[vc_column_text]Como recurso para nuestros Usuarios, podemos proporcionar enlaces a otros sitios web en Internet. Monte Consultor\u00eda no es responsable de estos sitios web y contenidos, ni comparte, suscribe, supervisa, valida o acepta la forma en que estos sitios web o herramientas de almacenamiento de contenidos recogen, procesan y transfieren su informaci\u00f3n personal y privada.<\/p>\n<p>Por lo tanto, le recomendamos que consulte las respectivas pol\u00edticas de privacidad de dichos sitios web y plataformas para informarse sobre el uso de su informaci\u00f3n y datos personales por parte de otros sitios web u otras herramientas.[\/vc_column_text]<style>.ld_spacer_69d2606e568ac{height:32px;}<\/style>\n<div class=\"ld-empty-space ld_spacer_69d2606e568ac\"><\/div><style>.ld_fancy_heading_69d2606e5690d .lqd-highlight-inner{height:0.275em!important;bottom:0px!important;}<\/style><div class=\"ld-fancy-heading ld_fancy_heading_69d2606e5690d\">\n\t<h4 class=\"ld-fh-element lqd-highlight-underline lqd-highlight-grow-left text-decoration-default\"   >  9- Modificaciones de esta pol\u00edtica<\/h4><\/div>[vc_column_text]Monte Consultancy se reserva el derecho a modificar las disposiciones de la presente Pol\u00edtica a su discreci\u00f3n y en cualquier momento.<\/p>\n<p>Siempre que modifiquemos sustancialmente esta Pol\u00edtica, dichos cambios ser\u00e1n v\u00e1lidos, efectivos y vinculantes despu\u00e9s de que: (1) se publiquen en el sitio web de Monte Consultor\u00eda; (2) se env\u00eden por correo electr\u00f3nico a los Usuarios y\/o (3) se comuniquen de cualquier otra forma a los Usuarios.<\/p>\n<p>El Usuario deber\u00e1 comprobar la versi\u00f3n actualizada de esta Pol\u00edtica cada vez que visite el Sitio Web.<\/p>\n<p>En los casos en que los cambios en esta Pol\u00edtica impliquen cambios en nuestras pr\u00e1cticas de tratamiento de datos personales que dependan del consentimiento de los Usuarios (v\u00e9ase el punto 7 anterior), se pedir\u00e1 a los Usuarios que den su consentimiento a los nuevos t\u00e9rminos de esta Pol\u00edtica tras el cambio para que puedan seguir utilizando la Plataforma y recibiendo los Servicios.<\/p>\n<p>[\/vc_column_text]<style>.ld_spacer_69d2606e5695b{height:32px;}<\/style>\n<div class=\"ld-empty-space ld_spacer_69d2606e5695b\"><\/div><style>.ld_fancy_heading_69d2606e569c5 .lqd-highlight-inner{height:0.275em!important;bottom:0px!important;}<\/style><div class=\"ld-fancy-heading ld_fancy_heading_69d2606e569c5\">\n\t<h4 class=\"ld-fh-element lqd-highlight-underline lqd-highlight-grow-left text-decoration-default\"   >  10- C\u00f3mo presentar una reclamaci\u00f3n<\/h4><\/div>[vc_column_text]Puede presentar una reclamaci\u00f3n utilizando los datos de contacto de Monte Consultancy facilitados anteriormente.<\/p>\n<p>Tambi\u00e9n puede enviar un mensaje a la Autoridad Nacional de Protecci\u00f3n de Datos.[\/vc_column_text][\/vc_column][\/vc_row]<\/p>\n","protected":false},"excerpt":{"rendered":"<p>[vc_row enable_gradient=\u00bbyes\u00bb enable_overlay=\u00bbyes\u00bb enable_row_dividers=\u00bbyes\u00bb gradient_bg=\u00bblinear-gradient(40deg, rgb(46, 52, 67) 0.3184713375796178%, rgb(50, 51, 74) 50.318471337579616%, #3b4157 100%)\u00bb css=\u00bb.vc_custom_1679653274340{padding-top: 145px !important;padding-bottom: 40px !important;background-image: url(https:\/\/monteconsultancy.com\/wp-content\/uploads\/2023\/03\/United-Kingdom-2.jpg?id=973) !important;}\u00bb row_svg_divider=\u00bbbottom_shape_type:8|bottom_shape_color:%23ffffff|bottom_shape_height:60&#8243; overlay_bg=\u00bbrgba(0, 0, 0, 0.4)\u00bb][vc_column offset=\u00bbvc_col-lg-offset-3 vc_col-lg-6 vc_col-md-offset-2 vc_col-md-8&#8243; responsive_align=\u00bbtext-center\u00bb responsive_css=\u00bbpadding_right_large:10%25|padding_left_large:10%25|padding_right_medium:15%25|padding_left_medium:15%25&#8243;][\/vc_column][\/vc_row][vc_row responsive_css=\u00bbpadding_top_large:60px|padding_top_medium:110px|padding_top_small:80px|padding_bottom_small:60px\u00bb css=\u00bb.vc_custom_1682478361260{padding-top: 60px !important;padding-bottom: 30px !important;}\u00bb][vc_column][vc_column_text]Publicado el 20\/10\/2021 Monte Consultor\u00eda, con sede en Lisboa, Portugal (la \u00abMonte Consultor\u00eda\u00bb, \u00abNosotros\u00bb u \u00abOficina\u00bb), entiende [&hellip;]<\/p>\n","protected":false},"author":1,"featured_media":0,"parent":0,"menu_order":0,"comment_status":"closed","ping_status":"closed","template":"","meta":{"om_disable_all_campaigns":false,"_monsterinsights_skip_tracking":false,"_monsterinsights_sitenote_active":false,"_monsterinsights_sitenote_note":"","_monsterinsights_sitenote_category":0,"footnotes":""},"class_list":["post-3169","page","type-page","status-publish","hentry"],"aioseo_notices":[],"_links":{"self":[{"href":"https:\/\/monteconsultancy.com\/es\/wp-json\/wp\/v2\/pages\/3169","targetHints":{"allow":["GET"]}}],"collection":[{"href":"https:\/\/monteconsultancy.com\/es\/wp-json\/wp\/v2\/pages"}],"about":[{"href":"https:\/\/monteconsultancy.com\/es\/wp-json\/wp\/v2\/types\/page"}],"author":[{"embeddable":true,"href":"https:\/\/monteconsultancy.com\/es\/wp-json\/wp\/v2\/users\/1"}],"replies":[{"embeddable":true,"href":"https:\/\/monteconsultancy.com\/es\/wp-json\/wp\/v2\/comments?post=3169"}],"version-history":[{"count":5,"href":"https:\/\/monteconsultancy.com\/es\/wp-json\/wp\/v2\/pages\/3169\/revisions"}],"predecessor-version":[{"id":3926,"href":"https:\/\/monteconsultancy.com\/es\/wp-json\/wp\/v2\/pages\/3169\/revisions\/3926"}],"wp:attachment":[{"href":"https:\/\/monteconsultancy.com\/es\/wp-json\/wp\/v2\/media?parent=3169"}],"curies":[{"name":"wp","href":"https:\/\/api.w.org\/{rel}","templated":true}]}}