{"id":3184,"date":"2023-03-24T11:30:06","date_gmt":"2023-03-24T11:30:06","guid":{"rendered":"https:\/\/monteconsultancy.com\/pongase-en-contacto-con\/"},"modified":"2024-04-08T19:25:22","modified_gmt":"2024-04-08T18:25:22","slug":"pongase-en-contacto-con","status":"publish","type":"page","link":"https:\/\/monteconsultancy.com\/es\/pongase-en-contacto-con\/","title":{"rendered":"P\u00f3ngase en contacto con"},"content":{"rendered":"<p>[vc_row enable_gradient=\u00bbyes\u00bb enable_overlay=\u00bbyes\u00bb enable_row_dividers=\u00bbyes\u00bb gradient_bg=\u00bblinear-gradient(40deg, rgb(46, 52, 67) 0.3184713375796178%, rgb(50, 51, 74) 50.318471337579616%, #3b4157 100%)\u00bb css=\u00bb.vc_custom_1679653274340{padding-top: 145px !important;padding-bottom: 40px !important;background-image: url(https:\/\/monteconsultancy.com\/wp-content\/uploads\/2023\/03\/United-Kingdom-2.jpg?id=973) !important;}\u00bb row_svg_divider=\u00bbbottom_shape_type:8|bottom_shape_color:%23ffffff|bottom_shape_height:60&#8243; overlay_bg=\u00bbrgba(0, 0, 0, 0.4)\u00bb][vc_column offset=\u00bbvc_col-lg-offset-3 vc_col-lg-6 vc_col-md-offset-2 vc_col-md-8&#8243; responsive_align=\u00bbtext-center\u00bb responsive_css=\u00bbpadding_right_large:10%25|padding_left_large:10%25|padding_right_medium:15%25|padding_left_medium:15%25&#8243;]<style>.ld_fancy_heading_69d260b983da2 h1{color:rgb(255, 255, 255);}.ld_fancy_heading_69d260b983da2 h1 {font-size:62px; } @media (min-width: 768px) { .ld_fancy_heading_69d260b983da2 h1 {font-size:73px; }  } .ld_fancy_heading_69d260b983da2 h1 {margin-bottom:0.2em !important;  } .ld_fancy_heading_69d260b983da2 .lqd-highlight-inner{height:0.275em!important;bottom:0px!important;}.ld_fancy_heading_69d260b983da2 h1 {font-size:62px; } @media (min-width: 768px) { .ld_fancy_heading_69d260b983da2 h1 {font-size:73px; }  } .ld_fancy_heading_69d260b983da2 h1 {margin-bottom:0.2em !important;  } <\/style><div class=\"ld-fancy-heading ld_fancy_heading_69d260b983da2\">\n\t<h1 class=\"ld-fh-element lqd-highlight-underline lqd-highlight-grow-left text-decoration-default\"   >  Contacte con nosotros<\/h1><\/div><style>.ld_fancy_heading_69d260b983f07 p{color:rgba(255, 255, 255, 0.6);}.ld_fancy_heading_69d260b983f07 p {font-size:18px; } .ld_fancy_heading_69d260b983f07 p {line-height:1.2em; } .ld_fancy_heading_69d260b983f07 p {--element-line-height:1.2em; } .ld_fancy_heading_69d260b983f07 p {margin-bottom:2.85em !important;  } .ld_fancy_heading_69d260b983f07 .lqd-highlight-inner{height:0.275em!important;bottom:0px!important;}.ld_fancy_heading_69d260b983f07 p {font-size:18px; } .ld_fancy_heading_69d260b983f07 p {line-height:1.2em; } .ld_fancy_heading_69d260b983f07 p {--element-line-height:1.2em; } .ld_fancy_heading_69d260b983f07 p {margin-bottom:2.85em !important;  } <\/style><div class=\"ld-fancy-heading ld_fancy_heading_69d260b983f07\">\n\t<p class=\"ld-fh-element lqd-highlight-underline lqd-highlight-grow-left text-decoration-default\"   >  Estamos a su disposici\u00f3n<\/p><\/div><style>.ld_button_69d260b983fc0.btn-icon-solid .btn-icon{background:rgb(255, 255, 255);}.ld_button_69d260b983fc0.btn-icon-circle.btn-icon-ripple .btn-icon:before{border-color:rgb(255, 255, 255);}.ld_button_69d260b983fc0 .btn-icon{font-size:18px;}.ld_button_69d260b983fc0{color:rgb(255, 255, 255);}<\/style><a href=\"#\" class=\"btn btn-naked btn-icon-block btn-no-label ld_button_69d260b983fc0\" data-localscroll=\"true\" data-localscroll-options=\"{&quot;scrollBelowSection&quot;:true}\" >\n\t<span>\n\t\n\t\t\n\t<span class=\"btn-icon\"><i class=\"lqd-icn-ess icon-ion-ios-arrow-down\"><\/i><\/span>\t\t\t\t<\/span>\n<\/a>\n[\/vc_column][\/vc_row][vc_row content_placement=\u00bbmiddle\u00bb responsive_css=\u00bbpadding_top_medium:100px|padding_bottom_medium:100px|padding_top_small:80px|padding_bottom_small:80px\u00bb css=\u00bb.vc_custom_1610102039754{padding-top: 30px !important;padding-bottom: 60px !important;}\u00bb][vc_column enable_content_animation=\u00bbyes\u00bb ca_init_scale_x=\u00bb1&#8243; ca_init_scale_y=\u00bb1&#8243; ca_init_opacity=\u00bb0&#8243; ca_an_scale_x=\u00bb1&#8243; ca_an_scale_y=\u00bb1&#8243; ca_an_opacity=\u00bb1&#8243; ca_init_scale_z=\u00bb1&#8243; ca_an_scale_z=\u00bb1&#8243; offset=\u00bbvc_col-lg-5 vc_col-md-6&#8243; ca_duration=\u00bb1800&#8243; ca_delay=\u00bb180&#8243; ca_init_translate_y=\u00bb60&#8243; css=\u00bb.vc_custom_1685954696366{padding-top: 35px !important;padding-bottom: 35px !important;}\u00bb]<style>.ld_fancy_heading_69d260b98435d h2 {font-size:34px; } @media (min-width: 992px) { .ld_fancy_heading_69d260b98435d h2 {padding-right:14% !important;  }  } .ld_fancy_heading_69d260b98435d .lqd-highlight-inner{height:0.275em!important;bottom:0px!important;}.ld_fancy_heading_69d260b98435d h2 {font-size:34px; } @media (min-width: 992px) { .ld_fancy_heading_69d260b98435d h2 {padding-right:14% !important;  }  } <\/style><div class=\"ld-fancy-heading ld_fancy_heading_69d260b98435d\">\n\t<h2 class=\"ld-fh-element lqd-highlight-underline lqd-highlight-grow-left text-decoration-default\"   >  Ponte en contacto<\/h2><\/div><style>.ld_fancy_heading_69d260b98455f p {margin-bottom:1.85em !important;  } .ld_fancy_heading_69d260b98455f .lqd-highlight-inner{height:0.275em!important;bottom:0px!important;}.ld_fancy_heading_69d260b98455f p {margin-bottom:1.85em !important;  } <\/style><div class=\"ld-fancy-heading ld_fancy_heading_69d260b98455f\">\n\t<p class=\"ld-fh-element lqd-highlight-underline lqd-highlight-grow-left text-decoration-default\"   >  Si necesita m\u00e1s informaci\u00f3n sobre c\u00f3mo obtener un visado para el Reino Unido, env\u00edenos un mensaje, \u00a1estaremos encantados de ayudarle!<\/p><\/div><style>.ld_icon_box_69d260b98474f .iconbox-icon-container{color:rgb(204, 204, 204);font-size:18px;border-radius:px;}.ld_icon_box_69d260b98474f .lqd-iconbox-title{color:rgba(0, 0, 0, 0.6);font-size:15px;}<\/style>\n<div class=\"iconbox iconbox-inline text-align-default ld_icon_box_69d260b98474f vc_custom_1685954787094\" id=\"ld_icon_box_69d260b98474f\"  data-animate-icon=\"true\" data-plugin-options='{\"color\":\"rgb(204, 204, 204)\"}'  >\n\t\n\t\t\t\t\t\n\t\n\t<div class=\"iconbox-icon-wrap\"><span class=\"iconbox-icon-container\"><i class=\"fas fa-map-marker-alt\"><\/i><\/span><\/div>\t\n\t<h6 class=\"lqd-iconbox-title font-weight-normal\">30-34 Moorgate, Londres, EC2R 6DA<\/h6>\t\n\t\t\n\t\t\n\t\t\t\t\n\t\t\n\t\n<\/div>\n<style>.ld_icon_box_69d260b984994 .iconbox-icon-container{color:rgb(204, 204, 204);font-size:18px;border-radius:px;}.ld_icon_box_69d260b984994 .lqd-iconbox-title{color:rgba(0, 0, 0, 0.6);margin-bottom:px;font-size:15px;}<\/style>\n<div class=\"iconbox iconbox-inline text-align-default ld_icon_box_69d260b984994 vc_custom_1679660089917\" id=\"ld_icon_box_69d260b984994\"  data-animate-icon=\"true\" data-plugin-options='{\"color\":\"rgb(204, 204, 204)\"}'  >\n\t\n\t\t\t\t\t\n\t\n\t<div class=\"iconbox-icon-wrap\"><span class=\"iconbox-icon-container\"><i class=\"fas fa-envelope\"><\/i><\/span><\/div>\t\n\t<h6 class=\"lqd-iconbox-title font-weight-normal\">contact@monteconsultancy.com<\/h6>\t\n\t\t\n\t\t\n\t\t\t\t\n\t\t\n\t\n<\/div>\n<style>.ld_icon_box_69d260b984b46 .iconbox-icon-container{color:rgb(204, 204, 204);font-size:18px;border-radius:px;}.ld_icon_box_69d260b984b46 .lqd-iconbox-title{color:rgba(0, 0, 0, 0.6);margin-bottom:px;font-size:15px;}<\/style>\n<div class=\"iconbox iconbox-inline text-align-default ld_icon_box_69d260b984b46 vc_custom_1679660130846\" id=\"ld_icon_box_69d260b984b46\"  data-animate-icon=\"true\" data-plugin-options='{\"color\":\"rgb(204, 204, 204)\"}'  >\n\t\n\t\t\t\t\t\n\t\n\t<div class=\"iconbox-icon-wrap\"><span class=\"iconbox-icon-container\"><i class=\"fas fa-mobile-alt\"><\/i><\/span><\/div>\t\n\t<h6 class=\"lqd-iconbox-title font-weight-normal\">+44 7460 337 391<\/h6>\t\n\t\t\n\t\t\n\t\t\t\t\n\t\t\n\t\n<\/div>\n<style>.ld_icon_box_69d260b984c50 .iconbox-icon-container{color:rgb(204, 204, 204);font-size:18px;border-radius:px;}.ld_icon_box_69d260b984c50 .lqd-iconbox-title{color:rgba(0, 0, 0, 0.6);margin-bottom:px;font-size:15px;}<\/style>\n<div class=\"iconbox iconbox-inline text-align-default ld_icon_box_69d260b984c50 vc_custom_1679660122750\" id=\"ld_icon_box_69d260b984c50\"  data-animate-icon=\"true\" data-plugin-options='{\"color\":\"rgb(204, 204, 204)\"}'  >\n\t\n\t\t\t\t\t\n\t\n\t<div class=\"iconbox-icon-wrap\"><span class=\"iconbox-icon-container\"><i class=\"fas fa-phone-alt\"><\/i><\/span><\/div>\t\n\t<h6 class=\"lqd-iconbox-title font-weight-normal\">+44 20 3006 2476<\/h6>\t\n\t\t\n\t\t\n\t\t\t\t\n\t\t\n\t\n<\/div>\n<style>.ld_fancy_heading_69d260b984ce5 h5 {margin-bottom:0.75em !important;  } .ld_fancy_heading_69d260b984ce5 .lqd-highlight-inner{height:0.275em!important;bottom:0px!important;}.ld_fancy_heading_69d260b984ce5 h5 {margin-bottom:0.75em !important;  } <\/style><div class=\"ld-fancy-heading ld_fancy_heading_69d260b984ce5\">\n\t<h5 class=\"ld-fh-element lqd-highlight-underline lqd-highlight-grow-left text-decoration-default\"   >  Horario comercial<\/h5><\/div><style>.ld_fancy_heading_69d260b984e25 p {font-size:15px; } .ld_fancy_heading_69d260b984e25 p {margin-bottom:0px !important;  } .ld_fancy_heading_69d260b984e25 .lqd-highlight-inner{height:0.275em!important;bottom:0px!important;}.ld_fancy_heading_69d260b984e25 p {font-size:15px; } .ld_fancy_heading_69d260b984e25 p {margin-bottom:0px !important;  } <\/style><div class=\"ld-fancy-heading ld_fancy_heading_69d260b984e25\">\n\t<p class=\"ld-fh-element lqd-highlight-underline lqd-highlight-grow-left text-decoration-default\"   >  Lun &#8211; Vie: 9am &#8211; 7pm<\/p><\/div><style>.ld_fancy_heading_69d260b984ff1 p {font-size:15px; } .ld_fancy_heading_69d260b984ff1 p {margin-bottom:0px !important;  } .ld_fancy_heading_69d260b984ff1 .lqd-highlight-inner{height:0.275em!important;bottom:0px!important;}.ld_fancy_heading_69d260b984ff1 p {font-size:15px; } .ld_fancy_heading_69d260b984ff1 p {margin-bottom:0px !important;  } <\/style><div class=\"ld-fancy-heading ld_fancy_heading_69d260b984ff1\">\n\t<p class=\"ld-fh-element lqd-highlight-underline lqd-highlight-grow-left text-decoration-default\"   >  S\u00e1b &#8211; Dom: Cerrado<\/p><\/div>[\/vc_column][vc_column enable_column_shadowbox=\u00bbyes\u00bb enable_content_animation=\u00bbyes\u00bb ca_init_scale_x=\u00bb1&#8243; ca_init_scale_y=\u00bb1&#8243; ca_init_opacity=\u00bb0&#8243; ca_an_scale_x=\u00bb1&#8243; ca_an_scale_y=\u00bb1&#8243; ca_an_opacity=\u00bb1&#8243; ca_init_scale_z=\u00bb1&#8243; ca_an_scale_z=\u00bb1&#8243; offset=\u00bbvc_col-md-6&#8243; css=\u00bb.vc_custom_1610101463920{padding-top: 35px !important;padding-right: 50px !important;padding-bottom: 40px !important;padding-left: 50px !important;background-color: #ffffff !important;border-radius: 5px !important;}\u00bb column_box_shadow=\u00bb%5B%7B%22x_offset%22%3A%220%22%2C%22y_offset%22%3A%2210px%22%2C%22blur_radius%22%3A%2260px%22%2C%22shadow_color%22%3A%22rgba(0%2C%200%2C%200%2C%200.07)%22%7D%5D\u00bb responsive_css=\u00bbmargin_left_large:50px|padding_bottom_medium:20px\u00bb ca_duration=\u00bb1800&#8243; ca_start_delay=\u00bb250&#8243; ca_delay=\u00bb180&#8243; ca_init_translate_y=\u00bb35&#8243;]<style>.ld_fancy_heading_69d260b9850ec h6 {font-size:20px; } .ld_fancy_heading_69d260b9850ec h6 {margin-bottom:1.1em !important;  } .ld_fancy_heading_69d260b9850ec .lqd-highlight-inner{height:0.275em!important;bottom:0px!important;}.ld_fancy_heading_69d260b9850ec h6 {font-size:20px; } .ld_fancy_heading_69d260b9850ec h6 {margin-bottom:1.1em !important;  } <\/style><div class=\"ld-fancy-heading ld_fancy_heading_69d260b9850ec\">\n\t<h6 class=\"ld-fh-element lqd-highlight-underline lqd-highlight-grow-left text-decoration-default\"   >  Env\u00edenos un mensaje<\/h6><\/div><style>.ld_cf7_69d260b98515e input,.ld_cf7_69d260b98515e textarea,.ld_cf7_69d260b98515e .ui-button.ui-selectmenu-button{font-size:14px;font-weight:400;}.ld_cf7_69d260b98515e input[type=\"submit\"]{font-size:16px;font-weight:700;background:rgb(163, 18, 18);color:rgb(255, 255, 255);border-color:rgb(163, 18, 18);}.ld_cf7_69d260b98515e input, .ld_cf7_69d260b98515e select, .ld_cf7_69d260b98515e textarea, .ld_cf7_69d260b98515e .ui-button.ui-selectmenu-button{background:rgb(247, 248, 248);}.ld_cf7_69d260b98515e input, .ld_cf7_69d260b98515e select, .ld_cf7_69d260b98515e textarea, .ld_cf7_69d260b98515e .ui-button.ui-selectmenu-button, .ld_cf7_69d260b98515e .wpcf7-form-control-wrap > i, .ld_cf7_69d260b98515e .wpcf7-radio{color:rgb(59, 75, 83);}.ld_cf7_69d260b98515e input[type=\"submit\"]:focus,.ld_cf7_69d260b98515e input[type=\"submit\"]:hover{background:rgb(91, 0, 0);}.ld_cf7_69d260b98515e input[type=\"submit\"]:hover{color:rgb(255, 255, 255);border-color:rgb(91, 0, 0);}.ld_cf7_69d260b98515e .wpcf7-form-control-wrap{margin-bottom:20px;}<\/style><div id=\"ld_cf7_69d260b98515e\" class=\"lqd-contact-form lqd-contact-form-inputs-filled lqd-contact-form-inputs-round lqd-contact-form-button-lg lqd-contact-form-button-block lqd-contact-form-button-circle ld_cf7_69d260b98515e vc_custom_1687833645738\">\n\t\n<div class=\"wpcf7 no-js\" id=\"wpcf7-f2128-o1\" lang=\"es-ES\" dir=\"ltr\" data-wpcf7-id=\"2128\">\n<div class=\"screen-reader-response\"><p role=\"status\" aria-live=\"polite\" aria-atomic=\"true\"><\/p> <ul><\/ul><\/div>\n<form action=\"\/es\/wp-json\/wp\/v2\/pages\/3184#wpcf7-f2128-o1\" method=\"post\" class=\"wpcf7-form init\" aria-label=\"Formulario de contacto\" novalidate=\"novalidate\" data-status=\"init\">\n<fieldset class=\"hidden-fields-container\"><input type=\"hidden\" name=\"_wpcf7\" value=\"2128\" \/><input type=\"hidden\" name=\"_wpcf7_version\" value=\"6.1.4\" \/><input type=\"hidden\" name=\"_wpcf7_locale\" value=\"es_ES\" \/><input type=\"hidden\" name=\"_wpcf7_unit_tag\" value=\"wpcf7-f2128-o1\" \/><input type=\"hidden\" name=\"_wpcf7_container_post\" value=\"0\" \/><input type=\"hidden\" name=\"_wpcf7_posted_data_hash\" value=\"\" \/>\n<\/fieldset>\n<div class=\"row\">\n\t<div class=\"col-md-12\">\n\t\t<p><span class=\"wpcf7-form-control-wrap\" data-name=\"name-619\"><input size=\"40\" maxlength=\"400\" class=\"wpcf7-form-control wpcf7-text wpcf7-validates-as-required\" aria-required=\"true\" aria-invalid=\"false\" placeholder=\"Nombre y apellidos\" value=\"\" type=\"text\" name=\"name-619\" \/><\/span>\n\t\t<\/p>\n\t<\/div>\n\t<div class=\"col-md-12\">\n\t\t<p><span class=\"wpcf7-form-control-wrap\" data-name=\"email-899\"><input size=\"40\" maxlength=\"400\" class=\"wpcf7-form-control wpcf7-email wpcf7-validates-as-required wpcf7-text wpcf7-validates-as-email\" aria-required=\"true\" aria-invalid=\"false\" placeholder=\"Email\" value=\"\" type=\"email\" name=\"email-899\" \/><\/span>\n\t\t<\/p>\n\t<\/div>\n\t<div class=\"col-md-12\">\n\t\t<p><span class=\"wpcf7-form-control-wrap\" data-name=\"subject-250\"><select class=\"wpcf7-form-control wpcf7-select wpcf7-validates-as-required\" aria-required=\"true\" aria-invalid=\"false\" name=\"subject-250\"><option value=\"Asunto\">Asunto<\/option><option value=\"UK Visados y ciudadan\u00eda\">UK Visados y ciudadan\u00eda<\/option><option value=\"Matrimonio y divorcio\">Matrimonio y divorcio<\/option><option value=\"Ciudadan\u00eda italiana\">Ciudadan\u00eda italiana<\/option><option value=\"Otros\">Otros<\/option><\/select><\/span>\n\t\t<\/p>\n\t<\/div>\n\t<div class=\"col-md-12\">\n\t\t<p><span class=\"wpcf7-form-control-wrap\" data-name=\"message-889\"><textarea cols=\"10\" rows=\"4\" maxlength=\"2000\" class=\"wpcf7-form-control wpcf7-textarea wpcf7-validates-as-required\" aria-required=\"true\" aria-invalid=\"false\" placeholder=\"Su mensaje\" name=\"message-889\"><\/textarea><\/span>\n\t\t<\/p>\n\t<\/div>\n\t<div class=\"col-md-12\">\n\t\t<p><span class=\"wpcf7-form-control-wrap\" data-name=\"acceptance-666\"><span class=\"wpcf7-form-control wpcf7-acceptance optional\"><span class=\"wpcf7-list-item\"><label><input type=\"checkbox\" name=\"acceptance-666\" value=\"1\" aria-invalid=\"false\" \/><span class=\"wpcf7-list-item-label\">Estoy vinculado por las condiciones del Servicio Acepto la Pol\u00edtica de privacidad<\/span><\/label><\/span><\/span><\/span>\n\t\t<\/p>\n\t<\/div>\n\t<div class=\"col-md-12\">\n\t\t<p><input class=\"wpcf7-form-control wpcf7-submit has-spinner\" type=\"submit\" value=\"Submit\" \/>\n\t\t<\/p>\n\t<\/div>\n<\/div><div class=\"wpcf7-response-output\" aria-hidden=\"true\"><\/div>\n<\/form>\n<\/div>\n<\/div>[\/vc_column][\/vc_row]<\/p>\n","protected":false},"excerpt":{"rendered":"<p>[vc_row enable_gradient=\u00bbyes\u00bb enable_overlay=\u00bbyes\u00bb enable_row_dividers=\u00bbyes\u00bb gradient_bg=\u00bblinear-gradient(40deg, rgb(46, 52, 67) 0.3184713375796178%, rgb(50, 51, 74) 50.318471337579616%, #3b4157 100%)\u00bb css=\u00bb.vc_custom_1679653274340{padding-top: 145px !important;padding-bottom: 40px !important;background-image: url(https:\/\/monteconsultancy.com\/wp-content\/uploads\/2023\/03\/United-Kingdom-2.jpg?id=973) !important;}\u00bb row_svg_divider=\u00bbbottom_shape_type:8|bottom_shape_color:%23ffffff|bottom_shape_height:60&#8243; overlay_bg=\u00bbrgba(0, 0, 0, 0.4)\u00bb][vc_column offset=\u00bbvc_col-lg-offset-3 vc_col-lg-6 vc_col-md-offset-2 vc_col-md-8&#8243; responsive_align=\u00bbtext-center\u00bb responsive_css=\u00bbpadding_right_large:10%25|padding_left_large:10%25|padding_right_medium:15%25|padding_left_medium:15%25&#8243;][\/vc_column][\/vc_row][vc_row content_placement=\u00bbmiddle\u00bb responsive_css=\u00bbpadding_top_medium:100px|padding_bottom_medium:100px|padding_top_small:80px|padding_bottom_small:80px\u00bb css=\u00bb.vc_custom_1610102039754{padding-top: 30px !important;padding-bottom: 60px !important;}\u00bb][vc_column enable_content_animation=\u00bbyes\u00bb ca_init_scale_x=\u00bb1&#8243; ca_init_scale_y=\u00bb1&#8243; ca_init_opacity=\u00bb0&#8243; ca_an_scale_x=\u00bb1&#8243; ca_an_scale_y=\u00bb1&#8243; ca_an_opacity=\u00bb1&#8243; ca_init_scale_z=\u00bb1&#8243; ca_an_scale_z=\u00bb1&#8243; offset=\u00bbvc_col-lg-5 vc_col-md-6&#8243; ca_duration=\u00bb1800&#8243; ca_delay=\u00bb180&#8243; ca_init_translate_y=\u00bb60&#8243; css=\u00bb.vc_custom_1685954696366{padding-top: [&hellip;]<\/p>\n","protected":false},"author":1,"featured_media":0,"parent":0,"menu_order":0,"comment_status":"closed","ping_status":"closed","template":"","meta":{"om_disable_all_campaigns":false,"_monsterinsights_skip_tracking":false,"_monsterinsights_sitenote_active":false,"_monsterinsights_sitenote_note":"","_monsterinsights_sitenote_category":0,"footnotes":""},"class_list":["post-3184","page","type-page","status-publish","hentry"],"aioseo_notices":[],"_links":{"self":[{"href":"https:\/\/monteconsultancy.com\/es\/wp-json\/wp\/v2\/pages\/3184","targetHints":{"allow":["GET"]}}],"collection":[{"href":"https:\/\/monteconsultancy.com\/es\/wp-json\/wp\/v2\/pages"}],"about":[{"href":"https:\/\/monteconsultancy.com\/es\/wp-json\/wp\/v2\/types\/page"}],"author":[{"embeddable":true,"href":"https:\/\/monteconsultancy.com\/es\/wp-json\/wp\/v2\/users\/1"}],"replies":[{"embeddable":true,"href":"https:\/\/monteconsultancy.com\/es\/wp-json\/wp\/v2\/comments?post=3184"}],"version-history":[{"count":3,"href":"https:\/\/monteconsultancy.com\/es\/wp-json\/wp\/v2\/pages\/3184\/revisions"}],"predecessor-version":[{"id":3923,"href":"https:\/\/monteconsultancy.com\/es\/wp-json\/wp\/v2\/pages\/3184\/revisions\/3923"}],"wp:attachment":[{"href":"https:\/\/monteconsultancy.com\/es\/wp-json\/wp\/v2\/media?parent=3184"}],"curies":[{"name":"wp","href":"https:\/\/api.w.org\/{rel}","templated":true}]}}