{"id":3338,"date":"2023-04-26T05:13:23","date_gmt":"2023-04-26T04:13:23","guid":{"rendered":"https:\/\/monteconsultancy.com\/politica-de-cookies\/"},"modified":"2024-04-08T19:28:38","modified_gmt":"2024-04-08T18:28:38","slug":"politica-de-cookies","status":"publish","type":"page","link":"https:\/\/monteconsultancy.com\/es\/politica-de-cookies\/","title":{"rendered":"Pol\u00edtica de cookies"},"content":{"rendered":"<p>[vc_row enable_gradient=\u00bbyes\u00bb enable_overlay=\u00bbyes\u00bb enable_row_dividers=\u00bbyes\u00bb gradient_bg=\u00bblinear-gradient(40deg, rgb(46, 52, 67) 0.3184713375796178%, rgb(50, 51, 74) 50.318471337579616%, #3b4157 100%)\u00bb css=\u00bb.vc_custom_1679653274340{padding-top: 145px !important;padding-bottom: 40px !important;background-image: url(https:\/\/monteconsultancy.com\/wp-content\/uploads\/2023\/03\/United-Kingdom-2.jpg?id=973) !important;}\u00bb row_svg_divider=\u00bbbottom_shape_type:8|bottom_shape_color:%23ffffff|bottom_shape_height:60&#8243; overlay_bg=\u00bbrgba(0, 0, 0, 0.4)\u00bb][vc_column offset=\u00bbvc_col-lg-offset-3 vc_col-lg-6 vc_col-md-offset-2 vc_col-md-8&#8243; responsive_align=\u00bbtext-center\u00bb responsive_css=\u00bbpadding_right_large:10%25|padding_left_large:10%25|padding_right_medium:15%25|padding_left_medium:15%25&#8243;]<style>.ld_fancy_heading_69d26111824ed h1{color:rgb(255, 255, 255);}.ld_fancy_heading_69d26111824ed h1 {font-size:62px; } @media (min-width: 768px) { .ld_fancy_heading_69d26111824ed h1 {font-size:73px; }  } .ld_fancy_heading_69d26111824ed h1 {margin-bottom:0.2em !important;  } .ld_fancy_heading_69d26111824ed .lqd-highlight-inner{height:0.275em!important;bottom:0px!important;}.ld_fancy_heading_69d26111824ed h1 {font-size:62px; } @media (min-width: 768px) { .ld_fancy_heading_69d26111824ed h1 {font-size:73px; }  } .ld_fancy_heading_69d26111824ed h1 {margin-bottom:0.2em !important;  } <\/style><div class=\"ld-fancy-heading ld_fancy_heading_69d26111824ed\">\n\t<h1 class=\"ld-fh-element lqd-highlight-underline lqd-highlight-grow-left text-decoration-default\"   >  Pol\u00edtica de cookies<\/h1><\/div><style>.ld_button_69d2611182685.btn-icon-solid .btn-icon{background:rgb(255, 255, 255);}.ld_button_69d2611182685.btn-icon-circle.btn-icon-ripple .btn-icon:before{border-color:rgb(255, 255, 255);}.ld_button_69d2611182685 .btn-icon{font-size:18px;}.ld_button_69d2611182685{color:rgb(255, 255, 255);}<\/style><a href=\"#\" class=\"btn btn-naked btn-icon-block btn-no-label ld_button_69d2611182685\" data-localscroll=\"true\" data-localscroll-options=\"{&quot;scrollBelowSection&quot;:true}\" >\n\t<span>\n\t\n\t\t\n\t<span class=\"btn-icon\"><i class=\"lqd-icn-ess icon-ion-ios-arrow-down\"><\/i><\/span>\t\t\t\t<\/span>\n<\/a>\n[\/vc_column][\/vc_row][vc_row responsive_css=\u00bbpadding_top_large:60px|padding_top_medium:110px|padding_top_small:80px|padding_bottom_small:60px\u00bb css=\u00bb.vc_custom_1682478361260{padding-top: 60px !important;padding-bottom: 30px !important;}\u00bb][vc_column][vc_column_text]<strong>Esta Pol\u00edtica de Cookies es un documento adicional a la Pol\u00edtica de Privacidad de Monte Consultor\u00eda, disponible <a href=\"https:\/\/monteconsultancy.com\/es\/?page_id=3169\">en este enlace<\/a>. Aqu\u00ed encontrar\u00e1 informaci\u00f3n objetiva y clara sobre qu\u00e9 son las Cookies, qu\u00e9 Cookies utilizamos en nuestras aplicaciones, qu\u00e9 funci\u00f3n desempe\u00f1an y c\u00f3mo configurarlas.<\/strong>[\/vc_column_text]<style>.ld_spacer_69d26111829bd{height:32px;}<\/style>\n<div class=\"ld-empty-space ld_spacer_69d26111829bd\"><\/div><style>.ld_fancy_heading_69d2611182a54 .lqd-highlight-inner{height:0.275em!important;bottom:0px!important;}<\/style><div class=\"ld-fancy-heading ld_fancy_heading_69d2611182a54\">\n\t<h4 class=\"ld-fh-element lqd-highlight-underline lqd-highlight-grow-left text-decoration-default\"   >  1. \u00bfQu\u00e9 son las cookies?<\/h4><\/div>[vc_column_text]Las cookies son peque\u00f1os archivos de texto o fragmentos de informaci\u00f3n que se descargan en su ordenador, smartphone o cualquier otro dispositivo con acceso a Internet cuando visita nuestra aplicaci\u00f3n.<\/p>\n<p>Contienen informaci\u00f3n sobre su navegaci\u00f3n en nuestras p\u00e1ginas y s\u00f3lo conservan informaci\u00f3n relacionada con sus preferencias.<\/p>\n<p>As\u00ed, esta p\u00e1gina puede almacenar y recuperar datos sobre sus h\u00e1bitos de navegaci\u00f3n, con el fin de mejorar la experiencia del usuario, por ejemplo. Es importante se\u00f1alar que no contienen informaci\u00f3n personal espec\u00edfica, como datos sensibles o bancarios.<\/p>\n<p>Su navegador almacena las cookies en su disco duro, pero ocupan un espacio m\u00ednimo en la memoria, por lo que no afectan al rendimiento de su ordenador. La mayor parte de la informaci\u00f3n se borra nada m\u00e1s terminar la sesi\u00f3n, como ver\u00e1s en el siguiente tema.[\/vc_column_text]<style>.ld_spacer_69d2611182c19{height:32px;}<\/style>\n<div class=\"ld-empty-space ld_spacer_69d2611182c19\"><\/div><style>.ld_fancy_heading_69d2611182cb3 .lqd-highlight-inner{height:0.275em!important;bottom:0px!important;}<\/style><div class=\"ld-fancy-heading ld_fancy_heading_69d2611182cb3\">\n\t<h4 class=\"ld-fh-element lqd-highlight-underline lqd-highlight-grow-left text-decoration-default\"   >  1.1. Tipos de cookies<\/h4><\/div>[vc_column_text]Las cookies, en cuanto a sus propietarios, pueden ser:<\/p>\n<ol>\n<li><strong>Cookies propias:<\/strong> Son cookies establecidas por nosotros o por terceros en nuestro nombre<\/li>\n<li><strong>Cookies de terceros:<\/strong> Son cookies instaladas por terceros de confianza en nuestra aplicaci\u00f3n.<\/li>\n<\/ol>\n<p>Las cookies, en cuanto a su vida \u00fatil, pueden ser:<\/p>\n<ol>\n<li><strong>Cookies de sesi\u00f3n o temporales:<\/strong> Son cookies que expiran en cuanto cierras el navegador, finalizando la sesi\u00f3n.<\/li>\n<li><strong>Cookies persistentes o permanentes:<\/strong> Son cookies que permanecen en su dispositivo durante un periodo determinado o hasta que usted las borra.<\/li>\n<\/ol>\n<p>Las cookies, en cuanto a su finalidad, pueden ser:<\/p>\n<ol>\n<li><strong>Cookies necesarias:<\/strong> se trata de cookies esenciales que permiten la navegaci\u00f3n en nuestras aplicaciones y el acceso a todas las funciones; de lo contrario, nuestros servicios podr\u00edan funcionar mal o no funcionar en absoluto.<\/li>\n<li><strong>Cookies de rendimiento:<\/strong> Son cookies que optimizan el funcionamiento de nuestras aplicaciones, recogiendo informaci\u00f3n an\u00f3nima sobre las p\u00e1ginas a las que se accede.<\/li>\n<li><strong>Cookies de funcionalidad:<\/strong> Son cookies que recuerdan tus preferencias y elecciones (como tu nombre de usuario)<\/li>\n<li><strong>Cookies publicitarias:<\/strong> Son cookies que orientan los anuncios en funci\u00f3n de sus intereses y limitan el n\u00famero de veces que aparece el anuncio.<\/li>\n<\/ol>\n<p>[\/vc_column_text]<style>.ld_spacer_69d2611182e72{height:32px;}<\/style>\n<div class=\"ld-empty-space ld_spacer_69d2611182e72\"><\/div><style>.ld_fancy_heading_69d2611182ee5 .lqd-highlight-inner{height:0.275em!important;bottom:0px!important;}<\/style><div class=\"ld-fancy-heading ld_fancy_heading_69d2611182ee5\">\n\t<h4 class=\"ld-fh-element lqd-highlight-underline lqd-highlight-grow-left text-decoration-default\"   >  2. \u00bfPor qu\u00e9 utilizamos cookies?<\/h4><\/div>[vc_column_text]Monte Consultor\u00eda utiliza Cookies para proporcionar la mejor experiencia al usuario, haciendo nuestras aplicaciones m\u00e1s f\u00e1ciles y personalizadas, basadas en sus elecciones de navegaci\u00f3n y comportamiento.<\/p>\n<p>As\u00ed, tratamos de entender c\u00f3mo utiliza nuestras aplicaciones y ajustar el contenido para que sea m\u00e1s relevante para usted, adem\u00e1s de recordar sus preferencias.<\/p>\n<p>Las cookies participan en este proceso ya que almacenan, leen y ejecutan los datos necesarios para cumplir nuestro prop\u00f3sito.[\/vc_column_text]<style>.ld_spacer_69d2611182f95{height:32px;}<\/style>\n<div class=\"ld-empty-space ld_spacer_69d2611182f95\"><\/div><style>.ld_fancy_heading_69d2611183013 .lqd-highlight-inner{height:0.275em!important;bottom:0px!important;}<\/style><div class=\"ld-fancy-heading ld_fancy_heading_69d2611183013\">\n\t<h4 class=\"ld-fh-element lqd-highlight-underline lqd-highlight-grow-left text-decoration-default\"   >  3. \u00bfQu\u00e9 tipo de Cookies utilizamos?<\/h4><\/div>[vc_column_text]A continuaci\u00f3n listamos todas las Cookies que pueden ser utilizadas por (nombre comercial). Es importante recordar que puede gestionar el permiso concedido para cada Cookie en su navegador.<\/p>\n<p>Adem\u00e1s, dado que las Cookies capturan datos sobre usted, le aconsejamos que lea nuestra Pol\u00edtica de Privacidad, disponible en este enlace.<\/p>\n<ol>\n<li>Cookies necesarias<\/li>\n<li>Cookies de rendimiento<\/li>\n<li>Cookies de funcionalidad<\/li>\n<li>Cookies publicitarias<\/li>\n<\/ol>\n<p>[\/vc_column_text]<style>.ld_spacer_69d2611183085{height:32px;}<\/style>\n<div class=\"ld-empty-space ld_spacer_69d2611183085\"><\/div><style>.ld_fancy_heading_69d2611183105 .lqd-highlight-inner{height:0.275em!important;bottom:0px!important;}<\/style><div class=\"ld-fancy-heading ld_fancy_heading_69d2611183105\">\n\t<h4 class=\"ld-fh-element lqd-highlight-underline lqd-highlight-grow-left text-decoration-default\"   >  4. Gesti\u00f3n de cookies<\/h4><\/div>[vc_column_text]La instalaci\u00f3n de cookies est\u00e1 sujeta a su consentimiento. Aunque la mayor\u00eda de los navegadores est\u00e1n configurados inicialmente para aceptar cookies de forma autom\u00e1tica, puede revisar sus permisos en cualquier momento para bloquearlas, aceptarlas o activar notificaciones cuando se env\u00eden algunas cookies a su dispositivo.<\/p>\n<p>Actualmente, la primera vez que acceda a nuestras aplicaciones, se le pedir\u00e1 que acepte instalarlas. S\u00f3lo se activar\u00e1n tras su aceptaci\u00f3n.<\/p>\n<p>Para ello, utilizamos un sistema (banner informativo u otro mecanismo que alerta y solicita el consentimiento) en la p\u00e1gina de inicio de Monte Consultor\u00eda. De este modo, no s\u00f3lo solicitamos su conformidad, sino que le informamos de que la navegaci\u00f3n continuada por nuestros sitios web se entender\u00e1 como consentimiento.<\/p>\n<p>Como ya se ha mencionado, usted puede, en cualquier momento y sin coste alguno, cambiar los permisos, bloquear o rechazar las Cookies. Tambi\u00e9n puede configurarlos caso por caso. No obstante, la revocaci\u00f3n del consentimiento para determinadas Cookies puede imposibilitar el correcto funcionamiento de algunas caracter\u00edsticas de la plataforma.<\/p>\n<p>Para gestionar las cookies de su navegador, s\u00f3lo tiene que hacerlo directamente en la configuraci\u00f3n del navegador, en el \u00e1rea de gesti\u00f3n de cookies.<\/p>\n<p>Puede acceder a tutoriales sobre el tema directamente desde los enlaces siguientes:<\/p>\n<ul>\n<li>Si utiliza <a href=\"https:\/\/support.microsoft.com\/en-us\/help\/17442\/windows-internet-explorer-delete-manage-cookies\" target=\"_blank\" rel=\"noopener\">Internet Explorer.<\/a><\/li>\n<li>Si utilizas <a href=\"https:\/\/support.mozilla.org\/en-US\/kb\/manage-configuracoes-de-%20s-local-storage\" target=\"_blank\" rel=\"noopener\">Firefox<\/a>.<\/li>\n<li>Si utilizas <a href=\"https:\/\/support.apple.com\/en-us\/guide\/safari\/sfri11471\/mac\" target=\"_blank\" rel=\"noopener\">Safari<\/a>.<\/li>\n<li>Si utilizas <a href=\"https:\/\/support.google.com\/chrome\/answer\/95647?co=GENIE.Platform%3DDesktop&amp;oco=1&amp;hl=pt-BR\" target=\"_blank\" rel=\"noopener\">Google Chrome<\/a>.<\/li>\n<li>Si utilizas <a href=\"https:\/\/support.microsoft.com\/en-us\/help\/4027947\/microsoft-edge-delete-cookies\" target=\"_blank\" rel=\"noopener\">Microsoft Edge. <\/a><\/li>\n<li>Si utilizas <a href=\"https:\/\/help.opera.com\/en\/latest\/web-preferences\/#cookies\" target=\"_blank\" rel=\"noopener\">Opera<\/a>.<\/li>\n<\/ul>\n<p>[\/vc_column_text]<style>.ld_spacer_69d2611183154{height:32px;}<\/style>\n<div class=\"ld-empty-space ld_spacer_69d2611183154\"><\/div><style>.ld_fancy_heading_69d26111831b5 .lqd-highlight-inner{height:0.275em!important;bottom:0px!important;}<\/style><div class=\"ld-fancy-heading ld_fancy_heading_69d26111831b5\">\n\t<h4 class=\"ld-fh-element lqd-highlight-underline lqd-highlight-grow-left text-decoration-default\"   >  5. Disposiciones finales<\/h4><\/div>[vc_column_text]Para Monte Consultor\u00eda, la privacidad y la confianza son fundamentales en nuestra relaci\u00f3n con usted. Nos actualizamos constantemente para mantener los m\u00e1s altos niveles de seguridad.<\/p>\n<p>Por lo tanto, nos reservamos el derecho de cambiar esta Pol\u00edtica de Cookies en cualquier momento.<\/p>\n<p>Los cambios entrar\u00e1n en vigor poco despu\u00e9s de su publicaci\u00f3n y le ser\u00e1n notificados.<\/p>\n<p>Si contin\u00faa navegando por nuestras aplicaciones despu\u00e9s de que este cambio entre en vigor, usted est\u00e1 de acuerdo con ellos. Le aconsejamos que compruebe siempre esta Pol\u00edtica, as\u00ed como nuestra Pol\u00edtica de privacidad.<\/p>\n<p>Si tiene alguna pregunta sobre esta Pol\u00edtica de Cookies, p\u00f3ngase en contacto con nosotros a trav\u00e9s de los siguientes medios:<\/p>\n<p>Contacto: correo electr\u00f3nico, tel\u00e9fono u otros medios.<\/p>\n<p>Esta Pol\u00edtica de Cookies fue actualizada por \u00faltima vez: 20\/10\/2021.[\/vc_column_text][\/vc_column][\/vc_row]<\/p>\n","protected":false},"excerpt":{"rendered":"<p>[vc_row enable_gradient=\u00bbyes\u00bb enable_overlay=\u00bbyes\u00bb enable_row_dividers=\u00bbyes\u00bb gradient_bg=\u00bblinear-gradient(40deg, rgb(46, 52, 67) 0.3184713375796178%, rgb(50, 51, 74) 50.318471337579616%, #3b4157 100%)\u00bb css=\u00bb.vc_custom_1679653274340{padding-top: 145px !important;padding-bottom: 40px !important;background-image: url(https:\/\/monteconsultancy.com\/wp-content\/uploads\/2023\/03\/United-Kingdom-2.jpg?id=973) !important;}\u00bb row_svg_divider=\u00bbbottom_shape_type:8|bottom_shape_color:%23ffffff|bottom_shape_height:60&#8243; overlay_bg=\u00bbrgba(0, 0, 0, 0.4)\u00bb][vc_column offset=\u00bbvc_col-lg-offset-3 vc_col-lg-6 vc_col-md-offset-2 vc_col-md-8&#8243; responsive_align=\u00bbtext-center\u00bb responsive_css=\u00bbpadding_right_large:10%25|padding_left_large:10%25|padding_right_medium:15%25|padding_left_medium:15%25&#8243;][\/vc_column][\/vc_row][vc_row responsive_css=\u00bbpadding_top_large:60px|padding_top_medium:110px|padding_top_small:80px|padding_bottom_small:60px\u00bb css=\u00bb.vc_custom_1682478361260{padding-top: 60px !important;padding-bottom: 30px !important;}\u00bb][vc_column][vc_column_text]Esta Pol\u00edtica de Cookies es un documento adicional a la Pol\u00edtica de Privacidad de Monte Consultor\u00eda, disponible [&hellip;]<\/p>\n","protected":false},"author":1,"featured_media":0,"parent":0,"menu_order":0,"comment_status":"closed","ping_status":"closed","template":"","meta":{"om_disable_all_campaigns":false,"_monsterinsights_skip_tracking":false,"_monsterinsights_sitenote_active":false,"_monsterinsights_sitenote_note":"","_monsterinsights_sitenote_category":0,"footnotes":""},"class_list":["post-3338","page","type-page","status-publish","hentry"],"aioseo_notices":[],"_links":{"self":[{"href":"https:\/\/monteconsultancy.com\/es\/wp-json\/wp\/v2\/pages\/3338","targetHints":{"allow":["GET"]}}],"collection":[{"href":"https:\/\/monteconsultancy.com\/es\/wp-json\/wp\/v2\/pages"}],"about":[{"href":"https:\/\/monteconsultancy.com\/es\/wp-json\/wp\/v2\/types\/page"}],"author":[{"embeddable":true,"href":"https:\/\/monteconsultancy.com\/es\/wp-json\/wp\/v2\/users\/1"}],"replies":[{"embeddable":true,"href":"https:\/\/monteconsultancy.com\/es\/wp-json\/wp\/v2\/comments?post=3338"}],"version-history":[{"count":2,"href":"https:\/\/monteconsultancy.com\/es\/wp-json\/wp\/v2\/pages\/3338\/revisions"}],"predecessor-version":[{"id":3929,"href":"https:\/\/monteconsultancy.com\/es\/wp-json\/wp\/v2\/pages\/3338\/revisions\/3929"}],"wp:attachment":[{"href":"https:\/\/monteconsultancy.com\/es\/wp-json\/wp\/v2\/media?parent=3338"}],"curies":[{"name":"wp","href":"https:\/\/api.w.org\/{rel}","templated":true}]}}