{"id":3129,"date":"2023-04-26T05:11:41","date_gmt":"2023-04-26T04:11:41","guid":{"rendered":"https:\/\/monteconsultancy.com\/politica-de-reembolso\/"},"modified":"2024-04-08T19:11:38","modified_gmt":"2024-04-08T18:11:38","slug":"politica-de-reembolso","status":"publish","type":"page","link":"https:\/\/monteconsultancy.com\/pt-br\/politica-de-reembolso\/","title":{"rendered":"Pol\u00edtica de reembolso"},"content":{"rendered":"<p>[vc_row enable_gradient=&#8221;yes&#8221; enable_overlay=&#8221;yes&#8221; enable_row_dividers=&#8221;yes&#8221; gradient_bg=&#8221;linear-gradient(40deg, rgb(46, 52, 67) 0.3184713375796178%, rgb(50, 51, 74) 50.318471337579616%, #3b4157 100%)&#8221; css=&#8221;.vc_custom_1679653274340{padding-top: 145px !important;padding-bottom: 40px !important;background-image: url(https:\/\/monteconsultancy.com\/wp-content\/uploads\/2023\/03\/United-Kingdom-2.jpg?id=973) !important;}&#8221; row_svg_divider=&#8221;bottom_shape_type:8|bottom_shape_color:%23ffffff|bottom_shape_height:60&#8243; overlay_bg=&#8221;rgba(0, 0, 0, 0.4)&#8221;][vc_column offset=&#8221;vc_col-lg-offset-3 vc_col-lg-6 vc_col-md-offset-2 vc_col-md-8&#8243; responsive_align=&#8221;text-center&#8221; responsive_css=&#8221;padding_right_large:10%25|padding_left_large:10%25|padding_right_medium:15%25|padding_left_medium:15%25&#8243;]<style>.ld_fancy_heading_69d4c76a15738 h1{color:rgb(255, 255, 255);}.ld_fancy_heading_69d4c76a15738 h1 {font-size:62px; } @media (min-width: 768px) { .ld_fancy_heading_69d4c76a15738 h1 {font-size:73px; }  } .ld_fancy_heading_69d4c76a15738 h1 {margin-bottom:0.2em !important;  } .ld_fancy_heading_69d4c76a15738 .lqd-highlight-inner{height:0.275em!important;bottom:0px!important;}.ld_fancy_heading_69d4c76a15738 h1 {font-size:62px; } @media (min-width: 768px) { .ld_fancy_heading_69d4c76a15738 h1 {font-size:73px; }  } .ld_fancy_heading_69d4c76a15738 h1 {margin-bottom:0.2em !important;  } <\/style><div class=\"ld-fancy-heading ld_fancy_heading_69d4c76a15738\">\n\t<h1 class=\"ld-fh-element lqd-highlight-underline lqd-highlight-grow-left text-decoration-default\"   >  Pol\u00edtica de reembolso<\/h1><\/div><style>.ld_button_69d4c76a15d8c.btn-icon-solid .btn-icon{background:rgb(255, 255, 255);}.ld_button_69d4c76a15d8c.btn-icon-circle.btn-icon-ripple .btn-icon:before{border-color:rgb(255, 255, 255);}.ld_button_69d4c76a15d8c .btn-icon{font-size:18px;}.ld_button_69d4c76a15d8c{color:rgb(255, 255, 255);}<\/style><a href=\"#\" class=\"btn btn-naked btn-icon-block btn-no-label ld_button_69d4c76a15d8c\" data-localscroll=\"true\" data-localscroll-options=\"{&quot;scrollBelowSection&quot;:true}\" >\n\t<span>\n\t\n\t\t\n\t<span class=\"btn-icon\"><i class=\"lqd-icn-ess icon-ion-ios-arrow-down\"><\/i><\/span>\t\t\t\t<\/span>\n<\/a>\n[\/vc_column][\/vc_row][vc_row responsive_css=&#8221;padding_top_large:60px|padding_top_medium:110px|padding_top_small:80px|padding_bottom_small:60px&#8221; css=&#8221;.vc_custom_1682478361260{padding-top: 60px !important;padding-bottom: 30px !important;}&#8221;][vc_column][vc_column_text]Nossa pol\u00edtica de reembolso cobre apenas as consultas iniciais n\u00e3o realizadas dentro do per\u00edodo de 14 (quatorze) dias, com a possibilidade de reembolso diminuindo ap\u00f3s o t\u00e9rmino desse per\u00edodo.<\/p>\n<p>Al\u00e9m disso, quando for poss\u00edvel e poss\u00edvel identificar que a indica\u00e7\u00e3o foi feita por uma pessoa menor de 18 anos, e tendo em vista nossa Pol\u00edtica de Privacidade, faremos a restitui\u00e7\u00e3o dos valores imediatamente, n\u00e3o devendo ser considerado o tempo eventualmente gasto para o processamento banc\u00e1rio.<\/p>\n<p>Dito isso, al\u00e9m dos casos anteriores, n\u00e3o h\u00e1 pol\u00edtica de reembolso para quaisquer a\u00e7\u00f5es ou medidas a serem iniciadas ou conclu\u00eddas quando da realiza\u00e7\u00e3o de trabalhos intelectuais de natureza judicial ou extrajudicial relacionados ao escopo de trabalho da Monte Consultoria, uma vez que o C\u00f3digo de Defesa do Consumidor &#8211; CDC &#8211; n\u00e3o \u00e9 aplic\u00e1vel \u00e0s rela\u00e7\u00f5es contratuais entre clientes e advogados, as quais s\u00e3o regidas pelo Estatuto da Ordem dos Advogados do Brasil &#8211; OAB, aprovado pela Lei n. 8,906\/94.<\/p>\n<p>Monte Consultoria[\/vc_column_text][\/vc_column][\/vc_row]<\/p>\n","protected":false},"excerpt":{"rendered":"<p>[vc_row enable_gradient=&#8221;yes&#8221; enable_overlay=&#8221;yes&#8221; enable_row_dividers=&#8221;yes&#8221; gradient_bg=&#8221;linear-gradient(40deg, rgb(46, 52, 67) 0.3184713375796178%, rgb(50, 51, 74) 50.318471337579616%, #3b4157 100%)&#8221; css=&#8221;.vc_custom_1679653274340{padding-top: 145px !important;padding-bottom: 40px !important;background-image: url(https:\/\/monteconsultancy.com\/wp-content\/uploads\/2023\/03\/United-Kingdom-2.jpg?id=973) !important;}&#8221; row_svg_divider=&#8221;bottom_shape_type:8|bottom_shape_color:%23ffffff|bottom_shape_height:60&#8243; overlay_bg=&#8221;rgba(0, 0, 0, 0.4)&#8221;][vc_column offset=&#8221;vc_col-lg-offset-3 vc_col-lg-6 vc_col-md-offset-2 vc_col-md-8&#8243; responsive_align=&#8221;text-center&#8221; responsive_css=&#8221;padding_right_large:10%25|padding_left_large:10%25|padding_right_medium:15%25|padding_left_medium:15%25&#8243;][\/vc_column][\/vc_row][vc_row responsive_css=&#8221;padding_top_large:60px|padding_top_medium:110px|padding_top_small:80px|padding_bottom_small:60px&#8221; css=&#8221;.vc_custom_1682478361260{padding-top: 60px !important;padding-bottom: 30px !important;}&#8221;][vc_column][vc_column_text]Nossa pol\u00edtica de reembolso cobre apenas as consultas iniciais n\u00e3o realizadas dentro do per\u00edodo de 14 (quatorze) [&hellip;]<\/p>\n","protected":false},"author":1,"featured_media":0,"parent":0,"menu_order":0,"comment_status":"closed","ping_status":"closed","template":"","meta":{"om_disable_all_campaigns":false,"_monsterinsights_skip_tracking":false,"_monsterinsights_sitenote_active":false,"_monsterinsights_sitenote_note":"","_monsterinsights_sitenote_category":0,"footnotes":""},"class_list":["post-3129","page","type-page","status-publish","hentry"],"aioseo_notices":[],"_links":{"self":[{"href":"https:\/\/monteconsultancy.com\/pt-br\/wp-json\/wp\/v2\/pages\/3129","targetHints":{"allow":["GET"]}}],"collection":[{"href":"https:\/\/monteconsultancy.com\/pt-br\/wp-json\/wp\/v2\/pages"}],"about":[{"href":"https:\/\/monteconsultancy.com\/pt-br\/wp-json\/wp\/v2\/types\/page"}],"author":[{"embeddable":true,"href":"https:\/\/monteconsultancy.com\/pt-br\/wp-json\/wp\/v2\/users\/1"}],"replies":[{"embeddable":true,"href":"https:\/\/monteconsultancy.com\/pt-br\/wp-json\/wp\/v2\/comments?post=3129"}],"version-history":[{"count":2,"href":"https:\/\/monteconsultancy.com\/pt-br\/wp-json\/wp\/v2\/pages\/3129\/revisions"}],"predecessor-version":[{"id":3904,"href":"https:\/\/monteconsultancy.com\/pt-br\/wp-json\/wp\/v2\/pages\/3129\/revisions\/3904"}],"wp:attachment":[{"href":"https:\/\/monteconsultancy.com\/pt-br\/wp-json\/wp\/v2\/media?parent=3129"}],"curies":[{"name":"wp","href":"https:\/\/api.w.org\/{rel}","templated":true}]}}