{"id":3142,"date":"2023-04-26T02:55:43","date_gmt":"2023-04-26T01:55:43","guid":{"rendered":"https:\/\/monteconsultancy.com\/termos-de-uso-2\/"},"modified":"2024-04-08T19:09:08","modified_gmt":"2024-04-08T18:09:08","slug":"termos-de-uso","status":"publish","type":"page","link":"https:\/\/monteconsultancy.com\/pt-br\/termos-de-uso\/","title":{"rendered":"Termos de uso"},"content":{"rendered":"<p>[vc_row enable_gradient=&#8221;yes&#8221; enable_overlay=&#8221;yes&#8221; enable_row_dividers=&#8221;yes&#8221; gradient_bg=&#8221;linear-gradient(40deg, rgb(46, 52, 67) 0.3184713375796178%, rgb(50, 51, 74) 50.318471337579616%, #3b4157 100%)&#8221; css=&#8221;.vc_custom_1679653274340{padding-top: 145px !important;padding-bottom: 40px !important;background-image: url(https:\/\/monteconsultancy.com\/wp-content\/uploads\/2023\/03\/United-Kingdom-2.jpg?id=973) !important;}&#8221; row_svg_divider=&#8221;bottom_shape_type:8|bottom_shape_color:%23ffffff|bottom_shape_height:60&#8243; overlay_bg=&#8221;rgba(0, 0, 0, 0.4)&#8221;][vc_column offset=&#8221;vc_col-lg-offset-3 vc_col-lg-6 vc_col-md-offset-2 vc_col-md-8&#8243; responsive_align=&#8221;text-center&#8221; responsive_css=&#8221;padding_right_large:10%25|padding_left_large:10%25|padding_right_medium:15%25|padding_left_medium:15%25&#8243;]<style>.ld_fancy_heading_69d25b1d3e212 h1{color:rgb(255, 255, 255);}.ld_fancy_heading_69d25b1d3e212 h1 {font-size:62px; } @media (min-width: 768px) { .ld_fancy_heading_69d25b1d3e212 h1 {font-size:73px; }  } .ld_fancy_heading_69d25b1d3e212 h1 {margin-bottom:0.2em !important;  } .ld_fancy_heading_69d25b1d3e212 .lqd-highlight-inner{height:0.275em!important;bottom:0px!important;}.ld_fancy_heading_69d25b1d3e212 h1 {font-size:62px; } @media (min-width: 768px) { .ld_fancy_heading_69d25b1d3e212 h1 {font-size:73px; }  } .ld_fancy_heading_69d25b1d3e212 h1 {margin-bottom:0.2em !important;  } <\/style><div class=\"ld-fancy-heading ld_fancy_heading_69d25b1d3e212\">\n\t<h1 class=\"ld-fh-element lqd-highlight-underline lqd-highlight-grow-left text-decoration-default\"   >  Termos de uso<\/h1><\/div><style>.ld_button_69d25b1d3e72a.btn-icon-solid .btn-icon{background:rgb(255, 255, 255);}.ld_button_69d25b1d3e72a.btn-icon-circle.btn-icon-ripple .btn-icon:before{border-color:rgb(255, 255, 255);}.ld_button_69d25b1d3e72a .btn-icon{font-size:18px;}.ld_button_69d25b1d3e72a{color:rgb(255, 255, 255);}<\/style><a href=\"#\" class=\"btn btn-naked btn-icon-block btn-no-label ld_button_69d25b1d3e72a\" data-localscroll=\"true\" data-localscroll-options=\"{&quot;scrollBelowSection&quot;:true}\" >\n\t<span>\n\t\n\t\t\n\t<span class=\"btn-icon\"><i class=\"lqd-icn-ess icon-ion-ios-arrow-down\"><\/i><\/span>\t\t\t\t<\/span>\n<\/a>\n[\/vc_column][\/vc_row][vc_row responsive_css=&#8221;padding_top_large:60px|padding_top_medium:110px|padding_top_small:80px|padding_bottom_small:60px&#8221; css=&#8221;.vc_custom_1682478361260{padding-top: 60px !important;padding-bottom: 30px !important;}&#8221;][vc_column]<style>.ld_fancy_heading_69d25b1d3edb6 .lqd-highlight-inner{height:0.275em!important;bottom:0px!important;}<\/style><div class=\"ld-fancy-heading ld_fancy_heading_69d25b1d3edb6\">\n\t<h4 class=\"ld-fh-element lqd-highlight-underline lqd-highlight-grow-left text-decoration-default\"   >  Objetivo e conte\u00fado<\/h4><\/div>[vc_column_text]O site da Monte Consultoria, localizado em www.Monteconsultancy.pt, tem como \u00fanico objetivo fornecer informa\u00e7\u00f5es institucionais sobre a empresa e seus membros. Nenhuma parte do conte\u00fado disponibilizado por meio deste site, incluindo boletins informativos institucionais e artigos escritos por membros do escrit\u00f3rio, deve ser interpretada como aconselhamento ou opini\u00e3o legal. A orienta\u00e7\u00e3o jur\u00eddica deve ser obtida com nossos advogados.[\/vc_column_text]<style>.ld_spacer_69d25b1d3efc2{height:32px;}<\/style>\n<div class=\"ld-empty-space ld_spacer_69d25b1d3efc2\"><\/div><style>.ld_fancy_heading_69d25b1d3f492 .lqd-highlight-inner{height:0.275em!important;bottom:0px!important;}<\/style><div class=\"ld-fancy-heading ld_fancy_heading_69d25b1d3f492\">\n\t<h4 class=\"ld-fh-element lqd-highlight-underline lqd-highlight-grow-left text-decoration-default\"   >  Direitos autorais<\/h4><\/div>[vc_column_text]Todos os materiais exibidos neste site s\u00e3o protegidos pelas leis de propriedade intelectual e n\u00e3o podem ser reproduzidos e\/ou distribu\u00eddos sem a autoriza\u00e7\u00e3o da Monte Consultancy.[\/vc_column_text]<style>.ld_spacer_69d25b1d3f661{height:32px;}<\/style>\n<div class=\"ld-empty-space ld_spacer_69d25b1d3f661\"><\/div><style>.ld_fancy_heading_69d25b1d3f6d3 .lqd-highlight-inner{height:0.275em!important;bottom:0px!important;}<\/style><div class=\"ld-fancy-heading ld_fancy_heading_69d25b1d3f6d3\">\n\t<h4 class=\"ld-fh-element lqd-highlight-underline lqd-highlight-grow-left text-decoration-default\"   >  Informa\u00e7\u00f5es de terceiros<\/h4><\/div>[vc_column_text]A Monte Consultancy n\u00e3o se responsabiliza pelas informa\u00e7\u00f5es publicadas em links externos contidos neste website.<\/p>\n<p>Da mesma forma, o escrit\u00f3rio n\u00e3o pode garantir a precis\u00e3o das informa\u00e7\u00f5es relacionadas a semin\u00e1rios e outros eventos organizados por terceiros, mesmo que patrocinados pelo escrit\u00f3rio.[\/vc_column_text][\/vc_column][\/vc_row]<\/p>\n","protected":false},"excerpt":{"rendered":"<p>[vc_row enable_gradient=&#8221;yes&#8221; enable_overlay=&#8221;yes&#8221; enable_row_dividers=&#8221;yes&#8221; gradient_bg=&#8221;linear-gradient(40deg, rgb(46, 52, 67) 0.3184713375796178%, rgb(50, 51, 74) 50.318471337579616%, #3b4157 100%)&#8221; css=&#8221;.vc_custom_1679653274340{padding-top: 145px !important;padding-bottom: 40px !important;background-image: url(https:\/\/monteconsultancy.com\/wp-content\/uploads\/2023\/03\/United-Kingdom-2.jpg?id=973) !important;}&#8221; row_svg_divider=&#8221;bottom_shape_type:8|bottom_shape_color:%23ffffff|bottom_shape_height:60&#8243; overlay_bg=&#8221;rgba(0, 0, 0, 0.4)&#8221;][vc_column offset=&#8221;vc_col-lg-offset-3 vc_col-lg-6 vc_col-md-offset-2 vc_col-md-8&#8243; responsive_align=&#8221;text-center&#8221; responsive_css=&#8221;padding_right_large:10%25|padding_left_large:10%25|padding_right_medium:15%25|padding_left_medium:15%25&#8243;][\/vc_column][\/vc_row][vc_row responsive_css=&#8221;padding_top_large:60px|padding_top_medium:110px|padding_top_small:80px|padding_bottom_small:60px&#8221; css=&#8221;.vc_custom_1682478361260{padding-top: 60px !important;padding-bottom: 30px !important;}&#8221;][vc_column][vc_column_text]O site da Monte Consultoria, localizado em www.Monteconsultancy.pt, tem como \u00fanico objetivo fornecer informa\u00e7\u00f5es institucionais sobre a [&hellip;]<\/p>\n","protected":false},"author":1,"featured_media":0,"parent":0,"menu_order":0,"comment_status":"closed","ping_status":"closed","template":"","meta":{"om_disable_all_campaigns":false,"_monsterinsights_skip_tracking":false,"_monsterinsights_sitenote_active":false,"_monsterinsights_sitenote_note":"","_monsterinsights_sitenote_category":0,"footnotes":""},"class_list":["post-3142","page","type-page","status-publish","hentry"],"aioseo_notices":[],"_links":{"self":[{"href":"https:\/\/monteconsultancy.com\/pt-br\/wp-json\/wp\/v2\/pages\/3142","targetHints":{"allow":["GET"]}}],"collection":[{"href":"https:\/\/monteconsultancy.com\/pt-br\/wp-json\/wp\/v2\/pages"}],"about":[{"href":"https:\/\/monteconsultancy.com\/pt-br\/wp-json\/wp\/v2\/types\/page"}],"author":[{"embeddable":true,"href":"https:\/\/monteconsultancy.com\/pt-br\/wp-json\/wp\/v2\/users\/1"}],"replies":[{"embeddable":true,"href":"https:\/\/monteconsultancy.com\/pt-br\/wp-json\/wp\/v2\/comments?post=3142"}],"version-history":[{"count":5,"href":"https:\/\/monteconsultancy.com\/pt-br\/wp-json\/wp\/v2\/pages\/3142\/revisions"}],"predecessor-version":[{"id":3901,"href":"https:\/\/monteconsultancy.com\/pt-br\/wp-json\/wp\/v2\/pages\/3142\/revisions\/3901"}],"wp:attachment":[{"href":"https:\/\/monteconsultancy.com\/pt-br\/wp-json\/wp\/v2\/media?parent=3142"}],"curies":[{"name":"wp","href":"https:\/\/api.w.org\/{rel}","templated":true}]}}