{"id":3159,"date":"2023-04-26T04:07:50","date_gmt":"2023-04-26T03:07:50","guid":{"rendered":"https:\/\/monteconsultancy.com\/politica-de-privacidade-2\/"},"modified":"2024-04-08T19:11:20","modified_gmt":"2024-04-08T18:11:20","slug":"politica-de-privacidade","status":"publish","type":"page","link":"https:\/\/monteconsultancy.com\/pt-br\/politica-de-privacidade\/","title":{"rendered":"Pol\u00edtica de privacidade"},"content":{"rendered":"<p>[vc_row enable_gradient=&#8221;yes&#8221; enable_overlay=&#8221;yes&#8221; enable_row_dividers=&#8221;yes&#8221; gradient_bg=&#8221;linear-gradient(40deg, rgb(46, 52, 67) 0.3184713375796178%, rgb(50, 51, 74) 50.318471337579616%, #3b4157 100%)&#8221; css=&#8221;.vc_custom_1679653274340{padding-top: 145px !important;padding-bottom: 40px !important;background-image: url(https:\/\/monteconsultancy.com\/wp-content\/uploads\/2023\/03\/United-Kingdom-2.jpg?id=973) !important;}&#8221; row_svg_divider=&#8221;bottom_shape_type:8|bottom_shape_color:%23ffffff|bottom_shape_height:60&#8243; overlay_bg=&#8221;rgba(0, 0, 0, 0.4)&#8221;][vc_column offset=&#8221;vc_col-lg-offset-3 vc_col-lg-6 vc_col-md-offset-2 vc_col-md-8&#8243; responsive_align=&#8221;text-center&#8221; responsive_css=&#8221;padding_right_large:10%25|padding_left_large:10%25|padding_right_medium:15%25|padding_left_medium:15%25&#8243;]<style>.ld_fancy_heading_69d25ee5597b3 h1{color:rgb(255, 255, 255);}.ld_fancy_heading_69d25ee5597b3 h1 {font-size:62px; } @media (min-width: 768px) { .ld_fancy_heading_69d25ee5597b3 h1 {font-size:73px; }  } .ld_fancy_heading_69d25ee5597b3 h1 {margin-bottom:0.2em !important;  } .ld_fancy_heading_69d25ee5597b3 .lqd-highlight-inner{height:0.275em!important;bottom:0px!important;}.ld_fancy_heading_69d25ee5597b3 h1 {font-size:62px; } @media (min-width: 768px) { .ld_fancy_heading_69d25ee5597b3 h1 {font-size:73px; }  } .ld_fancy_heading_69d25ee5597b3 h1 {margin-bottom:0.2em !important;  } <\/style><div class=\"ld-fancy-heading ld_fancy_heading_69d25ee5597b3\">\n\t<h1 class=\"ld-fh-element lqd-highlight-underline lqd-highlight-grow-left text-decoration-default\"   >  Pol\u00edtica de privacidade<\/h1><\/div><style>.ld_button_69d25ee559962.btn-icon-solid .btn-icon{background:rgb(255, 255, 255);}.ld_button_69d25ee559962.btn-icon-circle.btn-icon-ripple .btn-icon:before{border-color:rgb(255, 255, 255);}.ld_button_69d25ee559962 .btn-icon{font-size:18px;}.ld_button_69d25ee559962{color:rgb(255, 255, 255);}<\/style><a href=\"#\" class=\"btn btn-naked btn-icon-block btn-no-label ld_button_69d25ee559962\" data-localscroll=\"true\" data-localscroll-options=\"{&quot;scrollBelowSection&quot;:true}\" >\n\t<span>\n\t\n\t\t\n\t<span class=\"btn-icon\"><i class=\"lqd-icn-ess icon-ion-ios-arrow-down\"><\/i><\/span>\t\t\t\t<\/span>\n<\/a>\n[\/vc_column][\/vc_row][vc_row responsive_css=&#8221;padding_top_large:60px|padding_top_medium:110px|padding_top_small:80px|padding_bottom_small:60px&#8221; css=&#8221;.vc_custom_1682478361260{padding-top: 60px !important;padding-bottom: 30px !important;}&#8221;][vc_column][vc_column_text]Publicado em 20\/10\/2021<\/p>\n<p>A Monte Consultancy, com sede em Lisboa, Portugal (a &#8220;Monte Consultancy&#8221;, &#8220;N\u00f3s&#8221; ou &#8220;Escrit\u00f3rio&#8221;), compreende a import\u00e2ncia do dever de respeitar a privacidade e a seguran\u00e7a das informa\u00e7\u00f5es de seus clientes e do p\u00fablico em geral. (&#8220;Usu\u00e1rios&#8221; ou &#8220;Voc\u00ea&#8221;), que usam o site https:\/\/monteconsultancy.com\/staging (&#8220;Site&#8221;). Portanto, o uso de tais informa\u00e7\u00f5es \u00e9 realizado de acordo com as normas nacionais de prote\u00e7\u00e3o de dados, incluindo a Lei n\u00ba 13.709\/2018 (Lei Geral de Prote\u00e7\u00e3o de Dados &#8211; &#8220;LGPD&#8221;).<\/p>\n<p>Pedimos que leia atentamente nossa Pol\u00edtica de Privacidade (&#8220;Pol\u00edtica&#8221;), pois ela descreve como s\u00e3o tratadas as informa\u00e7\u00f5es pessoais fornecidas por todos aqueles que acessam e\/ou utilizam o Site e\/ou os servi\u00e7os da Monte Consultoria, bem como quando se inscrevem em eventos promovidos pelo Escrit\u00f3rio. Se houver alguma obje\u00e7\u00e3o aos termos e condi\u00e7\u00f5es abaixo, este site n\u00e3o deve ser usado.<\/p>\n<p>O site \u00e9 on-line e acess\u00edvel por meio do URL https:\/\/monteconsultancy.com\/staging\/ (Site), que oferece aos Usu\u00e1rios a possibilidade de marcar uma consulta com advogados.<\/p>\n<p>A Monte Consultancy n\u00e3o coleta nem solicita a coleta de informa\u00e7\u00f5es ou pagamentos de pessoas com menos de 18 anos de idade. Usu\u00e1rios com menos de 18 anos n\u00e3o devem enviar informa\u00e7\u00f5es para n\u00f3s nem fazer pagamentos por meio do nosso site. Se tomarmos conhecimento de que coletamos Informa\u00e7\u00f5es de um indiv\u00edduo com menos de 18 anos de idade, desconsideraremos as Informa\u00e7\u00f5es fornecidas e realizaremos um reembolso\/reembolso dos valores recebidos e n\u00e3o manteremos as Informa\u00e7\u00f5es e os Dados de Pagamento em nossas bases.<\/p>\n<p>Para que o Site possa oferecer adequadamente as fun\u00e7\u00f5es de pagamento, \u00e9 necess\u00e1rio que certas e determinadas informa\u00e7\u00f5es pessoais pertencentes aos Usu\u00e1rios sejam disponibilizadas (coletivamente, os &#8220;dados pessoais&#8221;).<\/p>\n<p>N\u00e3o \u00e9 poss\u00edvel fazer pagamentos no site sem ter acesso a esses dados pessoais. Dessa forma, o processamento de dados pessoais \u00e9 uma condi\u00e7\u00e3o para o uso do site.<\/p>\n<p>Nossa Pol\u00edtica de Privacidade detalha, de forma direta, simples, objetiva e transparente, quais dados pessoais s\u00e3o coletados e tratados pela Monte Consultoria e para quais finalidades, al\u00e9m de indicar com quem eles podem ser compartilhados e quais recursos est\u00e3o dispon\u00edveis aos Usu\u00e1rios para realizar a gest\u00e3o dos dados pessoais.<\/p>\n<p><strong>Verifique o conte\u00fado desta Pol\u00edtica:<\/strong><\/p>\n<ol>\n<li>Quais dados pessoais coletamos e processamos<\/li>\n<li>Por que coletamos e processamos esses dados pessoais<\/li>\n<li>Quando exclu\u00edmos dados pessoais<\/li>\n<li>Quem mais ter\u00e1 acesso aos dados pessoais e por qu\u00ea<\/li>\n<li>Quais s\u00e3o seus direitos em rela\u00e7\u00e3o a esses dados pessoais?<\/li>\n<li>Como armazenamos e protegemos seus dados pessoais<\/li>\n<li>Voc\u00ea precisa fornecer seu consentimento para usar seus dados pessoais conforme descrito nesta pol\u00edtica.<\/li>\n<li>Site de terceiros<\/li>\n<li>Altera\u00e7\u00f5es a esta pol\u00edtica<\/li>\n<li>Como fazer uma reclama\u00e7\u00e3o<\/li>\n<\/ol>\n<p>De acordo com a Lei n\u00ba 13.709\/2018, a Monte Consultoria \u00e9 considerada o &#8220;Operador&#8221; de seus dados pessoais no contexto da presta\u00e7\u00e3o de servi\u00e7os jur\u00eddicos, raz\u00e3o pela qual as informa\u00e7\u00f5es apresentadas ao longo deste documento dizem respeito apenas aos dados tratados pela Monte Consultoria no contexto da plataforma. Se, depois de ler esta Pol\u00edtica, voc\u00ea ainda tiver alguma d\u00favida ou, por qualquer motivo, precisar se comunicar conosco sobre assuntos que envolvam seus dados pessoais, voc\u00ea pode entrar em contato conosco pelos canais abaixo:<\/p>\n<p>contato@monteconsultancy.com[\/vc_column_text]<style>.ld_spacer_69d25ee559d8e{height:32px;}<\/style>\n<div class=\"ld-empty-space ld_spacer_69d25ee559d8e\"><\/div><style>.ld_fancy_heading_69d25ee559e3a .lqd-highlight-inner{height:0.275em!important;bottom:0px!important;}<\/style><div class=\"ld-fancy-heading ld_fancy_heading_69d25ee559e3a\">\n\t<h4 class=\"ld-fh-element lqd-highlight-underline lqd-highlight-grow-left text-decoration-default\"   >  1- Quais dados pessoais coletamos e processamos<\/h4><\/div>[vc_column_text]Dados pessoais de dados e pagamento: A Monte Consultancy somente recebe ou de outra forma coleta as seguintes informa\u00e7\u00f5es relacionadas aos Usu\u00e1rios em dois momentos, (i) ao acessar o site, por meio de pixels, (ii) e ao pagar pela consulta, o que implica que os seguintes dados ser\u00e3o coletados, embora em momentos diferentes:<\/p>\n<ul>\n<li>Nome;<\/li>\n<li>Endere\u00e7o completo;<\/li>\n<li>Detalhes do m\u00e9todo de pagamento;<\/li>\n<li>e-mail;<\/li>\n<li>telefone.<\/li>\n<li>data de acesso,<\/li>\n<li>Endere\u00e7o IP,<\/li>\n<li>localiza\u00e7\u00e3o estimada,<\/li>\n<li>Tipo de dispositivo,<\/li>\n<\/ul>\n<p>Informa\u00e7\u00f5es do dispositivo: Tamb\u00e9m podemos coletar informa\u00e7\u00f5es do dispositivo, como IP, data e hora de acesso ao site por meio de pixels de rastreamento. O uso de cookies pelo site \u00e9 restrito \u00e0 an\u00e1lise estat\u00edstica do uso da Plataforma, sem qualquer conex\u00e3o com o IP ou outros dados pessoais do usu\u00e1rio.[\/vc_column_text]<style>.ld_spacer_69d25ee55a084{height:32px;}<\/style>\n<div class=\"ld-empty-space ld_spacer_69d25ee55a084\"><\/div><style>.ld_fancy_heading_69d25ee55a0f9 .lqd-highlight-inner{height:0.275em!important;bottom:0px!important;}<\/style><div class=\"ld-fancy-heading ld_fancy_heading_69d25ee55a0f9\">\n\t<h4 class=\"ld-fh-element lqd-highlight-underline lqd-highlight-grow-left text-decoration-default\"   >  2- Por que coletamos e processamos esses dados pessoais<\/h4><\/div>[vc_column_text]Usamos os dados pessoais dos Usu\u00e1rios para as seguintes finalidades:<\/p>\n<table dir=\"auto\" data-paging=\"false\" data-cascade=\"true\" data-filter-min=\"3\" data-paging-size=\"5\" data-useparentwidth=\"true\" data-filter-container=\"#filterBox\" data-filter-connectors=\"false\" data-use-parent-width=\"false\" data-sorting=\"false\" data-filtering=\"true\" data-filter-filters=\"[]\" data-filter-placeholder=\"Search\" data-filter-position=\"right\" data-show-header=\"true\">\n<thead>\n<tr>\n<th>Dado<\/th>\n<th>Finalidade<\/th>\n<\/tr>\n<\/thead>\n<tbody>\n<tr>\n<td>Dados pessoais de registro<\/td>\n<td>&#8211; Para que os pagamentos de consultas sejam feitos diretamente por meio da plataforma.<\/td>\n<\/tr>\n<tr>\n<td>Informa\u00e7\u00f5es sobre o dispositivo<\/td>\n<td>&#8211; Para cumprir as obriga\u00e7\u00f5es legais e medir nosso alcance.<\/td>\n<\/tr>\n<\/tbody>\n<\/table>\n<p>A Monte Consultancy n\u00e3o utiliza os dados pessoais dos Usu\u00e1rios para qualquer outra finalidade ou prop\u00f3sito, al\u00e9m das finalidades descritas acima.[\/vc_column_text]<style>.ld_spacer_69d25ee55a2c9{height:32px;}<\/style>\n<div class=\"ld-empty-space ld_spacer_69d25ee55a2c9\"><\/div><style>.ld_fancy_heading_69d25ee55a335 .lqd-highlight-inner{height:0.275em!important;bottom:0px!important;}<\/style><div class=\"ld-fancy-heading ld_fancy_heading_69d25ee55a335\">\n\t<h4 class=\"ld-fh-element lqd-highlight-underline lqd-highlight-grow-left text-decoration-default\"   >  3- Quando exclu\u00edmos dados pessoais<\/h4><\/div>[vc_column_text]Estruturamos o site e nossas opera\u00e7\u00f5es para que seus dados pessoais n\u00e3o sejam mantidos de forma identificada por mais tempo do que o necess\u00e1rio. Ou seja, mantemos os dados pessoais somente pelo per\u00edodo necess\u00e1rio para os fins descritos acima, se formos obrigados por lei ou para o exerc\u00edcio regular de nossos direitos.<\/p>\n<p>Podemos manter os dados pessoais de forma an\u00f4nima, ou seja, sem estar ou poder estar relacionado a um usu\u00e1rio, por per\u00edodos mais longos.[\/vc_column_text]<style>.ld_spacer_69d25ee55a410{height:32px;}<\/style>\n<div class=\"ld-empty-space ld_spacer_69d25ee55a410\"><\/div><style>.ld_fancy_heading_69d25ee55a48c .lqd-highlight-inner{height:0.275em!important;bottom:0px!important;}<\/style><div class=\"ld-fancy-heading ld_fancy_heading_69d25ee55a48c\">\n\t<h4 class=\"ld-fh-element lqd-highlight-underline lqd-highlight-grow-left text-decoration-default\"   >  4- Quem mais ter\u00e1 acesso aos dados pessoais e por qu\u00ea<\/h4><\/div>[vc_column_text]Eventualmente, poderemos compartilhar os dados pessoais de nossos usu\u00e1rios com as diferentes filiais da Monte Consultoria e\/ou com os terceiros abaixo identificados, contratados para nos apoiar na realiza\u00e7\u00e3o das finalidades mencionadas no item 2 acima.<\/p>\n<p>Da mesma forma, a plataforma de hospedagem de sites Wix tamb\u00e9m ter\u00e1 acesso aos dados, pois ter\u00e3o tr\u00e1fego por meio dessa plataforma, que j\u00e1 est\u00e1 sujeita \u00e0 Lei Geral de Prote\u00e7\u00e3o de Dados (LGPD) &#8211; Lei n\u00ba 13.709\/2018.<\/p>\n<p>Algumas dessas filiais e esses terceiros podem estar localizados fora do Brasil. Se seus dados pessoais forem transferidos para outro pa\u00eds, tomaremos as medidas exigidas por lei, tanto no Brasil quanto no exterior, para garantir que eles permane\u00e7am protegidos, no entanto, alertamos para que tenha em mente que, ao usar o Site e nos fornecer seus dados pessoais, eles poder\u00e3o ser enviados para outros pa\u00edses.<\/p>\n<table dir=\"auto\" data-paging=\"false\" data-cascade=\"true\" data-filter-min=\"3\" data-paging-size=\"5\" data-useparentwidth=\"true\" data-filter-container=\"#filterBox\" data-filter-connectors=\"false\" data-use-parent-width=\"false\" data-sorting=\"false\" data-filtering=\"true\" data-filter-filters=\"[]\" data-filter-placeholder=\"Search\" data-filter-position=\"right\" data-show-header=\"true\">\n<thead>\n<tr>\n<th>Terceiro<\/th>\n<th>Tipo de dados compartilhados<\/th>\n<th>Objetivo do compartilhamento<\/th>\n<\/tr>\n<\/thead>\n<tbody>\n<tr>\n<td>Nosso provedor de marketing externo, a plataforma de hospedagem (Wix) e nosso departamento de atendimento ao cliente<\/td>\n<td>&#8211; Dados pessoais de registro<\/td>\n<td>&#8211; Orientar nossa estrat\u00e9gia de marketing e garantir a melhor presta\u00e7\u00e3o de servi\u00e7os ao cliente<\/td>\n<\/tr>\n<tr>\n<td>Autoridades judiciais, policiais, governamentais ou outros terceiros com os quais somos obrigados por lei, norma regulat\u00f3ria ou ordem judicial a compartilhar os dados<\/td>\n<td>&#8211; Dados pessoais de registro<br \/>\n&#8211; Informa\u00e7\u00f5es sobre o dispositivo<\/td>\n<td>&#8211; Em caso de solicita\u00e7\u00e3o, por meio de ordem judicial ou obriga\u00e7\u00e3o legal ou regulat\u00f3ria, para divulgar a autoridades judiciais, policiais ou governamentais determinados dados pessoais sobre nossos Usu\u00e1rios.<\/td>\n<\/tr>\n<\/tbody>\n<\/table>\n<p>[\/vc_column_text]<style>.ld_spacer_69d25ee55a4e0{height:32px;}<\/style>\n<div class=\"ld-empty-space ld_spacer_69d25ee55a4e0\"><\/div><style>.ld_fancy_heading_69d25ee55a544 .lqd-highlight-inner{height:0.275em!important;bottom:0px!important;}<\/style><div class=\"ld-fancy-heading ld_fancy_heading_69d25ee55a544\">\n\t<h4 class=\"ld-fh-element lqd-highlight-underline lqd-highlight-grow-left text-decoration-default\"   >  5- Quais s\u00e3o seus direitos em rela\u00e7\u00e3o a seus dados pessoais?<\/h4><\/div>[vc_column_text]De acordo com a Lei Geral de Prote\u00e7\u00e3o de Dados (LGPD) &#8211; Lei n\u00ba 13.709\/2018 -, voc\u00ea tem o direito de:<\/p>\n<ol>\n<li>confirma\u00e7\u00e3o de que processamos seus dados pessoais;<\/li>\n<li>acesso aos seus dados pessoais;<\/li>\n<li>corre\u00e7\u00e3o de dados pessoais que estejam incompletos, imprecisos ou desatualizados;<\/li>\n<li>anonimiza\u00e7\u00e3o, bloqueio ou exclus\u00e3o de dados pessoais desnecess\u00e1rios, excessivos ou processados em viola\u00e7\u00e3o \u00e0s disposi\u00e7\u00f5es da LGPD;<\/li>\n<li>portabilidade de seus dados pessoais para outro fornecedor de servi\u00e7os ou produtos, observando nossos segredos comerciais e industriais, ap\u00f3s regulamenta\u00e7\u00e3o da Autoridade Nacional de Prote\u00e7\u00e3o de Dados;<\/li>\n<li>viu. exclus\u00e3o de dados pessoais processados com base em seu consentimento, exceto nos casos de conserva\u00e7\u00e3o de dados pessoais previstos na LGPD;<\/li>\n<li>informa\u00e7\u00f5es sobre com quem compartilhamos seus dados pessoais;<\/li>\n<li>informa\u00e7\u00f5es sobre a possibilidade de n\u00e3o fornecer seu consentimento e as consequ\u00eancias;<\/li>\n<li>revoga\u00e7\u00e3o de seu consentimento para o processamento de seus dados pessoais, quando os dados pessoais forem processados com base em seu consentimento (consulte o item 7 abaixo);<\/li>\n<li>oposi\u00e7\u00e3o ao tratamento que viola a LGPD.<\/li>\n<\/ol>\n<p>Voc\u00ea pode exercer qualquer um dos direitos acima enviando um e-mail para contato@monteconsultancy.com<\/p>\n<p>Antes de respondermos a uma solicita\u00e7\u00e3o para exercer os direitos mencionados acima, podemos solicitar que voc\u00ea nos forne\u00e7a determinadas informa\u00e7\u00f5es para confirmar sua identidade.[\/vc_column_text]<style>.ld_spacer_69d25ee55a58e{height:32px;}<\/style>\n<div class=\"ld-empty-space ld_spacer_69d25ee55a58e\"><\/div><style>.ld_fancy_heading_69d25ee55a5f1 .lqd-highlight-inner{height:0.275em!important;bottom:0px!important;}<\/style><div class=\"ld-fancy-heading ld_fancy_heading_69d25ee55a5f1\">\n\t<h4 class=\"ld-fh-element lqd-highlight-underline lqd-highlight-grow-left text-decoration-default\"   >  6- Como armazenamos e protegemos seus dados pessoais<\/h4><\/div>[vc_column_text]Armazenamos seus dados pessoais de forma segura em todo o sistema da Monte Consultoria, no Brasil e no exterior. Vale ressaltar que adotamos as melhores pr\u00e1ticas t\u00e9cnicas e administrativas para proteger os dados pessoais contra acesso n\u00e3o autorizado, destrui\u00e7\u00e3o, perda, altera\u00e7\u00e3o, comunica\u00e7\u00e3o ou qualquer forma de tratamento inadequado ou il\u00edcito.<\/p>\n<p>No entanto, ao mesmo tempo, nenhuma plataforma \u00e9 totalmente segura. Se tiver alguma preocupa\u00e7\u00e3o ou suspeita de que seus dados pessoais estejam em risco, por exemplo, se algu\u00e9m tiver tido acesso n\u00e3o autorizado aos seus dados pessoais, entre em contato conosco imediatamente.[\/vc_column_text]<style>.ld_spacer_69d25ee55a638{height:32px;}<\/style>\n<div class=\"ld-empty-space ld_spacer_69d25ee55a638\"><\/div><style>.ld_fancy_heading_69d25ee55a6b6 .lqd-highlight-inner{height:0.275em!important;bottom:0px!important;}<\/style><div class=\"ld-fancy-heading ld_fancy_heading_69d25ee55a6b6\">\n\t<h4 class=\"ld-fh-element lqd-highlight-underline lqd-highlight-grow-left text-decoration-default\"   >  7- Voc\u00ea precisa fornecer seu consentimento para que a Monte Consultoria utilize os dados pessoais conforme descrito nesta pol\u00edtica?<\/h4><\/div>[vc_column_text]A LGPD discrimina diversas situa\u00e7\u00f5es em que o tratamento de dados pessoais \u00e9 permitido independentemente do consentimento do titular desses dados pessoais. Essas s\u00e3o as chamadas &#8220;bases legais para o processamento de dados&#8221;.<\/p>\n<p>Assim, se voc\u00ea optar por usar nosso Site, em alguns casos poderemos coletar e processar seus dados pessoais independentemente de seu consentimento (se houver uma &#8220;base legal&#8221; prevista na LGPD que nos permita fazer isso). Em outros casos, solicitaremos seu consentimento para usar seus dados pessoais.<\/p>\n<p>No momento, por meio desta pol\u00edtica, o site da Monte Consultoria coleta seu consentimento apenas para realizar consultas e pagamentos. Caso haja alguma altera\u00e7\u00e3o no tratamento dos dados pessoais e se torne necess\u00e1rio coletar seu consentimento, voc\u00ea ser\u00e1 informado (vide item 9 abaixo) para que seu consentimento seja devidamente coletado nos termos da LGPD.[\/vc_column_text]<style>.ld_spacer_69d25ee55a717{height:32px;}<\/style>\n<div class=\"ld-empty-space ld_spacer_69d25ee55a717\"><\/div><style>.ld_fancy_heading_69d25ee55a77b .lqd-highlight-inner{height:0.275em!important;bottom:0px!important;}<\/style><div class=\"ld-fancy-heading ld_fancy_heading_69d25ee55a77b\">\n\t<h4 class=\"ld-fh-element lqd-highlight-underline lqd-highlight-grow-left text-decoration-default\"   >  8- Sites de terceiros<\/h4><\/div>[vc_column_text]Como recurso para nossos Usu\u00e1rios, podemos fornecer links para outros sites na Internet. A Monte Consultancy n\u00e3o se responsabiliza por esses sites e conte\u00fados, nem compartilha, assina, monitora, valida ou aceita a forma como esses sites ou ferramentas de armazenamento de conte\u00fado coletam, processam e transferem suas informa\u00e7\u00f5es pessoais e privadas.<\/p>\n<p>Portanto, recomendamos que voc\u00ea consulte as respectivas pol\u00edticas de privacidade de tais sites e plataformas para se informar sobre o uso de suas informa\u00e7\u00f5es e dados pessoais por outros sites ou outras ferramentas.[\/vc_column_text]<style>.ld_spacer_69d25ee55a7cb{height:32px;}<\/style>\n<div class=\"ld-empty-space ld_spacer_69d25ee55a7cb\"><\/div><style>.ld_fancy_heading_69d25ee55a836 .lqd-highlight-inner{height:0.275em!important;bottom:0px!important;}<\/style><div class=\"ld-fancy-heading ld_fancy_heading_69d25ee55a836\">\n\t<h4 class=\"ld-fh-element lqd-highlight-underline lqd-highlight-grow-left text-decoration-default\"   >  9- Altera\u00e7\u00f5es a esta Pol\u00edtica<\/h4><\/div>[vc_column_text]A Monte Consultancy se reserva o direito de alterar as disposi\u00e7\u00f5es desta Pol\u00edtica a seu crit\u00e9rio e a qualquer momento.<\/p>\n<p>Sempre que alterarmos substancialmente esta Pol\u00edtica, essas altera\u00e7\u00f5es ser\u00e3o v\u00e1lidas, eficazes e vinculantes ap\u00f3s: (1) serem publicadas no site da Monte Consultoria; (2) serem enviadas por e-mail aos Usu\u00e1rios e\/ou (3) serem comunicadas de qualquer outra forma aos Usu\u00e1rios.<\/p>\n<p>O Usu\u00e1rio deve verificar a vers\u00e3o atualizada desta Pol\u00edtica sempre que visitar o Site.<\/p>\n<p>Nos casos em que as altera\u00e7\u00f5es desta Pol\u00edtica implicarem mudan\u00e7as em nossas pr\u00e1ticas de tratamento de dados pessoais que dependam do consentimento dos Usu\u00e1rios (vide item 7 acima), ser\u00e1 solicitado aos Usu\u00e1rios que consintam com os novos termos desta Pol\u00edtica ap\u00f3s a altera\u00e7\u00e3o para que possam continuar a utilizar a Plataforma e receber os Servi\u00e7os.<\/p>\n<p>[\/vc_column_text]<style>.ld_spacer_69d25ee55a87f{height:32px;}<\/style>\n<div class=\"ld-empty-space ld_spacer_69d25ee55a87f\"><\/div><style>.ld_fancy_heading_69d25ee55a8e0 .lqd-highlight-inner{height:0.275em!important;bottom:0px!important;}<\/style><div class=\"ld-fancy-heading ld_fancy_heading_69d25ee55a8e0\">\n\t<h4 class=\"ld-fh-element lqd-highlight-underline lqd-highlight-grow-left text-decoration-default\"   >  10- Como fazer uma reclama\u00e7\u00e3o<\/h4><\/div>[vc_column_text]Voc\u00ea pode registrar uma reclama\u00e7\u00e3o usando os detalhes de contato da Monte Consultoria fornecidos acima.<\/p>\n<p>Voc\u00ea tamb\u00e9m pode enviar uma mensagem para a Autoridade Nacional de Prote\u00e7\u00e3o de Dados.[\/vc_column_text][\/vc_column][\/vc_row]<\/p>\n","protected":false},"excerpt":{"rendered":"<p>[vc_row enable_gradient=&#8221;yes&#8221; enable_overlay=&#8221;yes&#8221; enable_row_dividers=&#8221;yes&#8221; gradient_bg=&#8221;linear-gradient(40deg, rgb(46, 52, 67) 0.3184713375796178%, rgb(50, 51, 74) 50.318471337579616%, #3b4157 100%)&#8221; css=&#8221;.vc_custom_1679653274340{padding-top: 145px !important;padding-bottom: 40px !important;background-image: url(https:\/\/monteconsultancy.com\/wp-content\/uploads\/2023\/03\/United-Kingdom-2.jpg?id=973) !important;}&#8221; row_svg_divider=&#8221;bottom_shape_type:8|bottom_shape_color:%23ffffff|bottom_shape_height:60&#8243; overlay_bg=&#8221;rgba(0, 0, 0, 0.4)&#8221;][vc_column offset=&#8221;vc_col-lg-offset-3 vc_col-lg-6 vc_col-md-offset-2 vc_col-md-8&#8243; responsive_align=&#8221;text-center&#8221; responsive_css=&#8221;padding_right_large:10%25|padding_left_large:10%25|padding_right_medium:15%25|padding_left_medium:15%25&#8243;][\/vc_column][\/vc_row][vc_row responsive_css=&#8221;padding_top_large:60px|padding_top_medium:110px|padding_top_small:80px|padding_bottom_small:60px&#8221; css=&#8221;.vc_custom_1682478361260{padding-top: 60px !important;padding-bottom: 30px !important;}&#8221;][vc_column][vc_column_text]Publicado em 20\/10\/2021 A Monte Consultancy, com sede em Lisboa, Portugal (a &#8220;Monte Consultancy&#8221;, &#8220;N\u00f3s&#8221; ou &#8220;Escrit\u00f3rio&#8221;), [&hellip;]<\/p>\n","protected":false},"author":1,"featured_media":0,"parent":0,"menu_order":0,"comment_status":"closed","ping_status":"closed","template":"","meta":{"om_disable_all_campaigns":false,"_monsterinsights_skip_tracking":false,"_monsterinsights_sitenote_active":false,"_monsterinsights_sitenote_note":"","_monsterinsights_sitenote_category":0,"footnotes":""},"class_list":["post-3159","page","type-page","status-publish","hentry"],"aioseo_notices":[],"_links":{"self":[{"href":"https:\/\/monteconsultancy.com\/pt-br\/wp-json\/wp\/v2\/pages\/3159","targetHints":{"allow":["GET"]}}],"collection":[{"href":"https:\/\/monteconsultancy.com\/pt-br\/wp-json\/wp\/v2\/pages"}],"about":[{"href":"https:\/\/monteconsultancy.com\/pt-br\/wp-json\/wp\/v2\/types\/page"}],"author":[{"embeddable":true,"href":"https:\/\/monteconsultancy.com\/pt-br\/wp-json\/wp\/v2\/users\/1"}],"replies":[{"embeddable":true,"href":"https:\/\/monteconsultancy.com\/pt-br\/wp-json\/wp\/v2\/comments?post=3159"}],"version-history":[{"count":5,"href":"https:\/\/monteconsultancy.com\/pt-br\/wp-json\/wp\/v2\/pages\/3159\/revisions"}],"predecessor-version":[{"id":3903,"href":"https:\/\/monteconsultancy.com\/pt-br\/wp-json\/wp\/v2\/pages\/3159\/revisions\/3903"}],"wp:attachment":[{"href":"https:\/\/monteconsultancy.com\/pt-br\/wp-json\/wp\/v2\/media?parent=3159"}],"curies":[{"name":"wp","href":"https:\/\/api.w.org\/{rel}","templated":true}]}}