{"id":3329,"date":"2023-03-24T11:30:06","date_gmt":"2023-03-24T11:30:06","guid":{"rendered":"https:\/\/monteconsultancy.com\/contato-2\/"},"modified":"2026-02-26T12:59:35","modified_gmt":"2026-02-26T12:59:35","slug":"contato","status":"publish","type":"page","link":"https:\/\/monteconsultancy.com\/pt-br\/contato\/","title":{"rendered":"Contato"},"content":{"rendered":"<p>[vc_row enable_gradient=&#8221;yes&#8221; enable_overlay=&#8221;yes&#8221; enable_row_dividers=&#8221;yes&#8221; gradient_bg=&#8221;linear-gradient(40deg, rgb(46, 52, 67) 0.3184713375796178%, rgb(50, 51, 74) 50.318471337579616%, #3b4157 100%)&#8221; css=&#8221;.vc_custom_1679653274340{padding-top: 145px !important;padding-bottom: 40px !important;background-image: url(https:\/\/monteconsultancy.com\/wp-content\/uploads\/2023\/03\/United-Kingdom-2.jpg?id=973) !important;}&#8221; row_svg_divider=&#8221;bottom_shape_type:8|bottom_shape_color:%23ffffff|bottom_shape_height:60&#8243; overlay_bg=&#8221;rgba(0, 0, 0, 0.4)&#8221;][vc_column offset=&#8221;vc_col-lg-offset-3 vc_col-lg-6 vc_col-md-offset-2 vc_col-md-8&#8243; responsive_align=&#8221;text-center&#8221; responsive_css=&#8221;padding_right_large:10%25|padding_left_large:10%25|padding_right_medium:15%25|padding_left_medium:15%25&#8243;]<style>.ld_fancy_heading_69d25bdeb7890 h1{color:rgb(255, 255, 255);}.ld_fancy_heading_69d25bdeb7890 h1 {font-size:62px; } @media (min-width: 768px) { .ld_fancy_heading_69d25bdeb7890 h1 {font-size:73px; }  } .ld_fancy_heading_69d25bdeb7890 h1 {margin-bottom:0.2em !important;  } .ld_fancy_heading_69d25bdeb7890 .lqd-highlight-inner{height:0.275em!important;bottom:0px!important;}.ld_fancy_heading_69d25bdeb7890 h1 {font-size:62px; } @media (min-width: 768px) { .ld_fancy_heading_69d25bdeb7890 h1 {font-size:73px; }  } .ld_fancy_heading_69d25bdeb7890 h1 {margin-bottom:0.2em !important;  } <\/style><div class=\"ld-fancy-heading ld_fancy_heading_69d25bdeb7890\">\n\t<h1 class=\"ld-fh-element lqd-highlight-underline lqd-highlight-grow-left text-decoration-default\"   >  Entre em contato<\/h1><\/div><style>.ld_fancy_heading_69d25bdeb7a29 p{color:rgba(255, 255, 255, 0.6);}.ld_fancy_heading_69d25bdeb7a29 p {font-size:18px; } .ld_fancy_heading_69d25bdeb7a29 p {line-height:1.2em; } .ld_fancy_heading_69d25bdeb7a29 p {--element-line-height:1.2em; } .ld_fancy_heading_69d25bdeb7a29 p {margin-bottom:2.85em !important;  } .ld_fancy_heading_69d25bdeb7a29 .lqd-highlight-inner{height:0.275em!important;bottom:0px!important;}.ld_fancy_heading_69d25bdeb7a29 p {font-size:18px; } .ld_fancy_heading_69d25bdeb7a29 p {line-height:1.2em; } .ld_fancy_heading_69d25bdeb7a29 p {--element-line-height:1.2em; } .ld_fancy_heading_69d25bdeb7a29 p {margin-bottom:2.85em !important;  } <\/style><div class=\"ld-fancy-heading ld_fancy_heading_69d25bdeb7a29\">\n\t<p class=\"ld-fh-element lqd-highlight-underline lqd-highlight-grow-left text-decoration-default\"   >  Estamos aqui para ajud\u00e1-lo!<\/p><\/div><style>.ld_button_69d25bdeb7af3.btn-icon-solid .btn-icon{background:rgb(255, 255, 255);}.ld_button_69d25bdeb7af3.btn-icon-circle.btn-icon-ripple .btn-icon:before{border-color:rgb(255, 255, 255);}.ld_button_69d25bdeb7af3 .btn-icon{font-size:18px;}.ld_button_69d25bdeb7af3{color:rgb(255, 255, 255);}<\/style><a href=\"#\" class=\"btn btn-naked btn-icon-block btn-no-label ld_button_69d25bdeb7af3\" data-localscroll=\"true\" data-localscroll-options=\"{&quot;scrollBelowSection&quot;:true}\" >\n\t<span>\n\t\n\t\t\n\t<span class=\"btn-icon\"><i class=\"lqd-icn-ess icon-ion-ios-arrow-down\"><\/i><\/span>\t\t\t\t<\/span>\n<\/a>\n[\/vc_column][\/vc_row][vc_row content_placement=&#8221;middle&#8221; responsive_css=&#8221;padding_top_medium:100px|padding_bottom_medium:100px|padding_top_small:80px|padding_bottom_small:80px&#8221; css=&#8221;.vc_custom_1610102039754{padding-top: 30px !important;padding-bottom: 60px !important;}&#8221;][vc_column enable_content_animation=&#8221;yes&#8221; ca_init_scale_x=&#8221;1&#8243; ca_init_scale_y=&#8221;1&#8243; ca_init_opacity=&#8221;0&#8243; ca_an_scale_x=&#8221;1&#8243; ca_an_scale_y=&#8221;1&#8243; ca_an_opacity=&#8221;1&#8243; ca_init_scale_z=&#8221;1&#8243; ca_an_scale_z=&#8221;1&#8243; offset=&#8221;vc_col-lg-5 vc_col-md-6&#8243; ca_duration=&#8221;1800&#8243; ca_delay=&#8221;180&#8243; ca_init_translate_y=&#8221;60&#8243; css=&#8221;.vc_custom_1685954696366{padding-top: 35px !important;padding-bottom: 35px !important;}&#8221;]<style>.ld_fancy_heading_69d25bdeb7f17 h2 {font-size:34px; } @media (min-width: 992px) { .ld_fancy_heading_69d25bdeb7f17 h2 {padding-right:14% !important;  }  } .ld_fancy_heading_69d25bdeb7f17 .lqd-highlight-inner{height:0.275em!important;bottom:0px!important;}.ld_fancy_heading_69d25bdeb7f17 h2 {font-size:34px; } @media (min-width: 992px) { .ld_fancy_heading_69d25bdeb7f17 h2 {padding-right:14% !important;  }  } <\/style><div class=\"ld-fancy-heading ld_fancy_heading_69d25bdeb7f17\">\n\t<h2 class=\"ld-fh-element lqd-highlight-underline lqd-highlight-grow-left text-decoration-default\"   >  Entre em contato<\/h2><\/div><style>.ld_fancy_heading_69d25bdeb8220 p {margin-bottom:1.85em !important;  } .ld_fancy_heading_69d25bdeb8220 .lqd-highlight-inner{height:0.275em!important;bottom:0px!important;}.ld_fancy_heading_69d25bdeb8220 p {margin-bottom:1.85em !important;  } <\/style><div class=\"ld-fancy-heading ld_fancy_heading_69d25bdeb8220\">\n\t<p class=\"ld-fh-element lqd-highlight-underline lqd-highlight-grow-left text-decoration-default\"   >  Se precisar de mais informa\u00e7\u00f5es sobre como obter um visto para o Reino Unido, envie-nos uma mensagem, teremos o maior prazer em ajud\u00e1-lo!<\/p><\/div><style>.ld_icon_box_69d25bdeb8527 .iconbox-icon-container{color:rgb(204, 204, 204);font-size:18px;border-radius:px;}.ld_icon_box_69d25bdeb8527 .lqd-iconbox-title{color:rgba(0, 0, 0, 0.6);font-size:15px;}<\/style>\n<div class=\"iconbox iconbox-inline text-align-default ld_icon_box_69d25bdeb8527 vc_custom_1772110759532\" id=\"ld_icon_box_69d25bdeb8527\"  data-animate-icon=\"true\" data-plugin-options='{\"color\":\"rgb(204, 204, 204)\"}'  >\n\t\n\t\t\t\t\t\n\t\n\t<div class=\"iconbox-icon-wrap\"><span class=\"iconbox-icon-container\"><i class=\"fas fa-map-marker-alt\"><\/i><\/span><\/div>\t\n\t<h6 class=\"lqd-iconbox-title font-weight-normal\">6th Floor, 37 Lombard Street, London, UK, EC3V 9BQ<\/h6>\t\n\t\t\n\t\t\n\t\t\t\t\n\t\t\n\t\n<\/div>\n<style>.ld_icon_box_69d25bdeb87e4 .iconbox-icon-container{color:rgb(204, 204, 204);font-size:18px;border-radius:px;}.ld_icon_box_69d25bdeb87e4 .lqd-iconbox-title{color:rgba(0, 0, 0, 0.6);margin-bottom:px;font-size:15px;}<\/style>\n<div class=\"iconbox iconbox-inline text-align-default ld_icon_box_69d25bdeb87e4 vc_custom_1679660089917\" id=\"ld_icon_box_69d25bdeb87e4\"  data-animate-icon=\"true\" data-plugin-options='{\"color\":\"rgb(204, 204, 204)\"}'  >\n\t\n\t\t\t\t\t\n\t\n\t<div class=\"iconbox-icon-wrap\"><span class=\"iconbox-icon-container\"><i class=\"fas fa-envelope\"><\/i><\/span><\/div>\t\n\t<h6 class=\"lqd-iconbox-title font-weight-normal\">contact@monteconsultancy.com<\/h6>\t\n\t\t\n\t\t\n\t\t\t\t\n\t\t\n\t\n<\/div>\n<style>.ld_icon_box_69d25bdeb89f4 .iconbox-icon-container{color:rgb(204, 204, 204);font-size:18px;border-radius:px;}.ld_icon_box_69d25bdeb89f4 .lqd-iconbox-title{color:rgba(0, 0, 0, 0.6);margin-bottom:px;font-size:15px;}<\/style>\n<div class=\"iconbox iconbox-inline text-align-default ld_icon_box_69d25bdeb89f4 vc_custom_1679660130846\" id=\"ld_icon_box_69d25bdeb89f4\"  data-animate-icon=\"true\" data-plugin-options='{\"color\":\"rgb(204, 204, 204)\"}'  >\n\t\n\t\t\t\t\t\n\t\n\t<div class=\"iconbox-icon-wrap\"><span class=\"iconbox-icon-container\"><i class=\"fas fa-mobile-alt\"><\/i><\/span><\/div>\t\n\t<h6 class=\"lqd-iconbox-title font-weight-normal\">+44 7460 337 391<\/h6>\t\n\t\t\n\t\t\n\t\t\t\t\n\t\t\n\t\n<\/div>\n<style>.ld_icon_box_69d25bdeb8b6e .iconbox-icon-container{color:rgb(204, 204, 204);font-size:18px;border-radius:px;}.ld_icon_box_69d25bdeb8b6e .lqd-iconbox-title{color:rgba(0, 0, 0, 0.6);margin-bottom:px;font-size:15px;}<\/style>\n<div class=\"iconbox iconbox-inline text-align-default ld_icon_box_69d25bdeb8b6e vc_custom_1679660122750\" id=\"ld_icon_box_69d25bdeb8b6e\"  data-animate-icon=\"true\" data-plugin-options='{\"color\":\"rgb(204, 204, 204)\"}'  >\n\t\n\t\t\t\t\t\n\t\n\t<div class=\"iconbox-icon-wrap\"><span class=\"iconbox-icon-container\"><i class=\"fas fa-phone-alt\"><\/i><\/span><\/div>\t\n\t<h6 class=\"lqd-iconbox-title font-weight-normal\">+44 20 3006 2476<\/h6>\t\n\t\t\n\t\t\n\t\t\t\t\n\t\t\n\t\n<\/div>\n<style>.ld_fancy_heading_69d25bdeb8c3c h5 {margin-bottom:0.75em !important;  } .ld_fancy_heading_69d25bdeb8c3c .lqd-highlight-inner{height:0.275em!important;bottom:0px!important;}.ld_fancy_heading_69d25bdeb8c3c h5 {margin-bottom:0.75em !important;  } <\/style><div class=\"ld-fancy-heading ld_fancy_heading_69d25bdeb8c3c\">\n\t<h5 class=\"ld-fh-element lqd-highlight-underline lqd-highlight-grow-left text-decoration-default\"   >  Hor\u00e1rio comercial<\/h5><\/div><style>.ld_fancy_heading_69d25bdeb8de3 p {font-size:15px; } .ld_fancy_heading_69d25bdeb8de3 p {margin-bottom:0px !important;  } .ld_fancy_heading_69d25bdeb8de3 .lqd-highlight-inner{height:0.275em!important;bottom:0px!important;}.ld_fancy_heading_69d25bdeb8de3 p {font-size:15px; } .ld_fancy_heading_69d25bdeb8de3 p {margin-bottom:0px !important;  } <\/style><div class=\"ld-fancy-heading ld_fancy_heading_69d25bdeb8de3\">\n\t<p class=\"ld-fh-element lqd-highlight-underline lqd-highlight-grow-left text-decoration-default\"   >  De segunda a sexta: das 9h \u00e0s 18h<\/p><\/div><style>.ld_fancy_heading_69d25bdeb900a p {font-size:15px; } .ld_fancy_heading_69d25bdeb900a p {margin-bottom:0px !important;  } .ld_fancy_heading_69d25bdeb900a .lqd-highlight-inner{height:0.275em!important;bottom:0px!important;}.ld_fancy_heading_69d25bdeb900a p {font-size:15px; } .ld_fancy_heading_69d25bdeb900a p {margin-bottom:0px !important;  } <\/style><div class=\"ld-fancy-heading ld_fancy_heading_69d25bdeb900a\">\n\t<p class=\"ld-fh-element lqd-highlight-underline lqd-highlight-grow-left text-decoration-default\"   >  S\u00e1bados e domingos: Fechado<\/p><\/div>[\/vc_column][vc_column enable_column_shadowbox=&#8221;yes&#8221; enable_content_animation=&#8221;yes&#8221; ca_init_scale_x=&#8221;1&#8243; ca_init_scale_y=&#8221;1&#8243; ca_init_opacity=&#8221;0&#8243; ca_an_scale_x=&#8221;1&#8243; ca_an_scale_y=&#8221;1&#8243; ca_an_opacity=&#8221;1&#8243; ca_init_scale_z=&#8221;1&#8243; ca_an_scale_z=&#8221;1&#8243; offset=&#8221;vc_col-md-6&#8243; css=&#8221;.vc_custom_1610101463920{padding-top: 35px !important;padding-right: 50px !important;padding-bottom: 40px !important;padding-left: 50px !important;background-color: #ffffff !important;border-radius: 5px !important;}&#8221; column_box_shadow=&#8221;%5B%7B%22x_offset%22%3A%220%22%2C%22y_offset%22%3A%2210px%22%2C%22blur_radius%22%3A%2260px%22%2C%22shadow_color%22%3A%22rgba(0%2C%200%2C%200%2C%200.07)%22%7D%5D&#8221; responsive_css=&#8221;margin_left_large:50px|padding_bottom_medium:20px&#8221; ca_duration=&#8221;1800&#8243; ca_start_delay=&#8221;250&#8243; ca_delay=&#8221;180&#8243; ca_init_translate_y=&#8221;35&#8243;]<style>.ld_fancy_heading_69d25bdeb9124 h6 {font-size:20px; } .ld_fancy_heading_69d25bdeb9124 h6 {margin-bottom:1.1em !important;  } .ld_fancy_heading_69d25bdeb9124 .lqd-highlight-inner{height:0.275em!important;bottom:0px!important;}.ld_fancy_heading_69d25bdeb9124 h6 {font-size:20px; } .ld_fancy_heading_69d25bdeb9124 h6 {margin-bottom:1.1em !important;  } <\/style><div class=\"ld-fancy-heading ld_fancy_heading_69d25bdeb9124\">\n\t<h6 class=\"ld-fh-element lqd-highlight-underline lqd-highlight-grow-left text-decoration-default\"   >  Nos envie uma mensagem!<\/h6><\/div><style>.ld_cf7_69d25bdeb919d input,.ld_cf7_69d25bdeb919d textarea,.ld_cf7_69d25bdeb919d .ui-button.ui-selectmenu-button{font-size:14px;font-weight:400;}.ld_cf7_69d25bdeb919d input[type=\"submit\"]{font-size:16px;font-weight:700;background:rgb(163, 18, 18);color:rgb(255, 255, 255);border-color:rgb(163, 18, 18);}.ld_cf7_69d25bdeb919d input, .ld_cf7_69d25bdeb919d select, .ld_cf7_69d25bdeb919d textarea, .ld_cf7_69d25bdeb919d .ui-button.ui-selectmenu-button{background:rgb(247, 248, 248);}.ld_cf7_69d25bdeb919d input, .ld_cf7_69d25bdeb919d select, .ld_cf7_69d25bdeb919d textarea, .ld_cf7_69d25bdeb919d .ui-button.ui-selectmenu-button, .ld_cf7_69d25bdeb919d .wpcf7-form-control-wrap > i, .ld_cf7_69d25bdeb919d .wpcf7-radio{color:rgb(59, 75, 83);}.ld_cf7_69d25bdeb919d input[type=\"submit\"]:focus,.ld_cf7_69d25bdeb919d input[type=\"submit\"]:hover{background:rgb(91, 0, 0);}.ld_cf7_69d25bdeb919d input[type=\"submit\"]:hover{color:rgb(255, 255, 255);border-color:rgb(91, 0, 0);}.ld_cf7_69d25bdeb919d .wpcf7-form-control-wrap{margin-bottom:20px;}<\/style><div id=\"ld_cf7_69d25bdeb919d\" class=\"lqd-contact-form lqd-contact-form-inputs-filled lqd-contact-form-inputs-round lqd-contact-form-button-lg lqd-contact-form-button-block lqd-contact-form-button-circle ld_cf7_69d25bdeb919d vc_custom_1701460983497\">\n\t\n<div class=\"wpcf7 no-js\" id=\"wpcf7-f2142-o1\" lang=\"pt-BR\" dir=\"ltr\" data-wpcf7-id=\"2142\">\n<div class=\"screen-reader-response\"><p role=\"status\" aria-live=\"polite\" aria-atomic=\"true\"><\/p> <ul><\/ul><\/div>\n<form action=\"\/pt-br\/wp-json\/wp\/v2\/pages\/3329#wpcf7-f2142-o1\" method=\"post\" class=\"wpcf7-form init\" aria-label=\"Formul\u00e1rios de contato\" novalidate=\"novalidate\" data-status=\"init\">\n<fieldset class=\"hidden-fields-container\"><input type=\"hidden\" name=\"_wpcf7\" value=\"2142\" \/><input type=\"hidden\" name=\"_wpcf7_version\" value=\"6.1.4\" \/><input type=\"hidden\" name=\"_wpcf7_locale\" value=\"pt_BR\" \/><input type=\"hidden\" name=\"_wpcf7_unit_tag\" value=\"wpcf7-f2142-o1\" \/><input type=\"hidden\" name=\"_wpcf7_container_post\" value=\"0\" \/><input type=\"hidden\" name=\"_wpcf7_posted_data_hash\" value=\"\" \/>\n<\/fieldset>\n<div class=\"row\">\n\t<div class=\"col-md-12\">\n\t\t<p><span class=\"wpcf7-form-control-wrap\" data-name=\"name-619\"><input size=\"40\" maxlength=\"400\" class=\"wpcf7-form-control wpcf7-text wpcf7-validates-as-required\" aria-required=\"true\" aria-invalid=\"false\" placeholder=\"Full name\" value=\"\" type=\"text\" name=\"name-619\" \/><\/span>\n\t\t<\/p>\n\t<\/div>\n\t<div class=\"col-md-12\">\n\t\t<p><span class=\"wpcf7-form-control-wrap\" data-name=\"email-899\"><input size=\"40\" maxlength=\"400\" class=\"wpcf7-form-control wpcf7-email wpcf7-validates-as-required wpcf7-text wpcf7-validates-as-email\" aria-required=\"true\" aria-invalid=\"false\" placeholder=\"Email Address\" value=\"\" type=\"email\" name=\"email-899\" \/><\/span>\n\t\t<\/p>\n\t<\/div>\n\t<div class=\"col-md-12\">\n\t\t<p><span class=\"wpcf7-form-control-wrap\" data-name=\"subject-250\"><select class=\"wpcf7-form-control wpcf7-select wpcf7-validates-as-required\" aria-required=\"true\" aria-invalid=\"false\" name=\"subject-250\"><option value=\"Subject\">Subject<\/option><option value=\"UK Visas &amp; British Citizenship\">UK Visas &amp; British Citizenship<\/option><option value=\"Marriage &amp; Divorce by Proxy\">Marriage &amp; Divorce by Proxy<\/option><option value=\"Italian Citizenship\">Italian Citizenship<\/option><option value=\"Other\">Other<\/option><\/select><\/span>\n\t\t<\/p>\n\t<\/div>\n\t<div class=\"col-md-12\">\n\t\t<p><span class=\"wpcf7-form-control-wrap\" data-name=\"message-889\"><textarea cols=\"10\" rows=\"4\" maxlength=\"2000\" class=\"wpcf7-form-control wpcf7-textarea wpcf7-validates-as-required\" aria-required=\"true\" aria-invalid=\"false\" placeholder=\"Sua mensagem\" name=\"message-889\"><\/textarea><\/span>\n\t\t<\/p>\n\t<\/div>\n\t<div class=\"col-md-12\">\n\t\t<p><span class=\"wpcf7-form-control-wrap\" data-name=\"acceptance-666\"><span class=\"wpcf7-form-control wpcf7-acceptance optional\"><span class=\"wpcf7-list-item\"><label><input type=\"checkbox\" name=\"acceptance-666\" value=\"1\" aria-invalid=\"false\" \/><span class=\"wpcf7-list-item-label\">Estou vinculado aos termos do Servi\u00e7o Aceito a Pol\u00edtica de Privacidade<\/span><\/label><\/span><\/span><\/span>\n\t\t<\/p>\n\t<\/div>\n\t<div class=\"col-md-12\">\n\t\t<p><input class=\"wpcf7-form-control wpcf7-submit has-spinner\" type=\"submit\" value=\"Submit\" \/>\n\t\t<\/p>\n\t<\/div>\n<\/div><div class=\"wpcf7-response-output\" aria-hidden=\"true\"><\/div>\n<\/form>\n<\/div>\n<\/div>[\/vc_column][\/vc_row]<\/p>\n","protected":false},"excerpt":{"rendered":"<p>[vc_row enable_gradient=&#8221;yes&#8221; enable_overlay=&#8221;yes&#8221; enable_row_dividers=&#8221;yes&#8221; gradient_bg=&#8221;linear-gradient(40deg, rgb(46, 52, 67) 0.3184713375796178%, rgb(50, 51, 74) 50.318471337579616%, #3b4157 100%)&#8221; css=&#8221;.vc_custom_1679653274340{padding-top: 145px !important;padding-bottom: 40px !important;background-image: url(https:\/\/monteconsultancy.com\/wp-content\/uploads\/2023\/03\/United-Kingdom-2.jpg?id=973) !important;}&#8221; row_svg_divider=&#8221;bottom_shape_type:8|bottom_shape_color:%23ffffff|bottom_shape_height:60&#8243; overlay_bg=&#8221;rgba(0, 0, 0, 0.4)&#8221;][vc_column offset=&#8221;vc_col-lg-offset-3 vc_col-lg-6 vc_col-md-offset-2 vc_col-md-8&#8243; responsive_align=&#8221;text-center&#8221; responsive_css=&#8221;padding_right_large:10%25|padding_left_large:10%25|padding_right_medium:15%25|padding_left_medium:15%25&#8243;][\/vc_column][\/vc_row][vc_row content_placement=&#8221;middle&#8221; responsive_css=&#8221;padding_top_medium:100px|padding_bottom_medium:100px|padding_top_small:80px|padding_bottom_small:80px&#8221; css=&#8221;.vc_custom_1610102039754{padding-top: 30px !important;padding-bottom: 60px !important;}&#8221;][vc_column enable_content_animation=&#8221;yes&#8221; ca_init_scale_x=&#8221;1&#8243; ca_init_scale_y=&#8221;1&#8243; ca_init_opacity=&#8221;0&#8243; ca_an_scale_x=&#8221;1&#8243; ca_an_scale_y=&#8221;1&#8243; ca_an_opacity=&#8221;1&#8243; ca_init_scale_z=&#8221;1&#8243; ca_an_scale_z=&#8221;1&#8243; offset=&#8221;vc_col-lg-5 vc_col-md-6&#8243; ca_duration=&#8221;1800&#8243; ca_delay=&#8221;180&#8243; ca_init_translate_y=&#8221;60&#8243; css=&#8221;.vc_custom_1685954696366{padding-top: [&hellip;]<\/p>\n","protected":false},"author":1,"featured_media":0,"parent":0,"menu_order":0,"comment_status":"closed","ping_status":"closed","template":"","meta":{"om_disable_all_campaigns":false,"_monsterinsights_skip_tracking":false,"_monsterinsights_sitenote_active":false,"_monsterinsights_sitenote_note":"","_monsterinsights_sitenote_category":0,"footnotes":""},"class_list":["post-3329","page","type-page","status-publish","hentry"],"aioseo_notices":[],"_links":{"self":[{"href":"https:\/\/monteconsultancy.com\/pt-br\/wp-json\/wp\/v2\/pages\/3329","targetHints":{"allow":["GET"]}}],"collection":[{"href":"https:\/\/monteconsultancy.com\/pt-br\/wp-json\/wp\/v2\/pages"}],"about":[{"href":"https:\/\/monteconsultancy.com\/pt-br\/wp-json\/wp\/v2\/types\/page"}],"author":[{"embeddable":true,"href":"https:\/\/monteconsultancy.com\/pt-br\/wp-json\/wp\/v2\/users\/1"}],"replies":[{"embeddable":true,"href":"https:\/\/monteconsultancy.com\/pt-br\/wp-json\/wp\/v2\/comments?post=3329"}],"version-history":[{"count":10,"href":"https:\/\/monteconsultancy.com\/pt-br\/wp-json\/wp\/v2\/pages\/3329\/revisions"}],"predecessor-version":[{"id":4195,"href":"https:\/\/monteconsultancy.com\/pt-br\/wp-json\/wp\/v2\/pages\/3329\/revisions\/4195"}],"wp:attachment":[{"href":"https:\/\/monteconsultancy.com\/pt-br\/wp-json\/wp\/v2\/media?parent=3329"}],"curies":[{"name":"wp","href":"https:\/\/api.w.org\/{rel}","templated":true}]}}