{"id":3337,"date":"2023-04-26T05:13:23","date_gmt":"2023-04-26T04:13:23","guid":{"rendered":"https:\/\/monteconsultancy.com\/politica-de-cookies\/"},"modified":"2024-04-08T19:11:51","modified_gmt":"2024-04-08T18:11:51","slug":"politica-de-cookies","status":"publish","type":"page","link":"https:\/\/monteconsultancy.com\/pt-br\/politica-de-cookies\/","title":{"rendered":"Pol\u00edtica de cookies"},"content":{"rendered":"<p>[vc_row enable_gradient=&#8221;yes&#8221; enable_overlay=&#8221;yes&#8221; enable_row_dividers=&#8221;yes&#8221; gradient_bg=&#8221;linear-gradient(40deg, rgb(46, 52, 67) 0.3184713375796178%, rgb(50, 51, 74) 50.318471337579616%, #3b4157 100%)&#8221; css=&#8221;.vc_custom_1679653274340{padding-top: 145px !important;padding-bottom: 40px !important;background-image: url(https:\/\/monteconsultancy.com\/wp-content\/uploads\/2023\/03\/United-Kingdom-2.jpg?id=973) !important;}&#8221; row_svg_divider=&#8221;bottom_shape_type:8|bottom_shape_color:%23ffffff|bottom_shape_height:60&#8243; overlay_bg=&#8221;rgba(0, 0, 0, 0.4)&#8221;][vc_column offset=&#8221;vc_col-lg-offset-3 vc_col-lg-6 vc_col-md-offset-2 vc_col-md-8&#8243; responsive_align=&#8221;text-center&#8221; responsive_css=&#8221;padding_right_large:10%25|padding_left_large:10%25|padding_right_medium:15%25|padding_left_medium:15%25&#8243;]<style>.ld_fancy_heading_69d25b5564312 h1{color:rgb(255, 255, 255);}.ld_fancy_heading_69d25b5564312 h1 {font-size:62px; } @media (min-width: 768px) { .ld_fancy_heading_69d25b5564312 h1 {font-size:73px; }  } .ld_fancy_heading_69d25b5564312 h1 {margin-bottom:0.2em !important;  } .ld_fancy_heading_69d25b5564312 .lqd-highlight-inner{height:0.275em!important;bottom:0px!important;}.ld_fancy_heading_69d25b5564312 h1 {font-size:62px; } @media (min-width: 768px) { .ld_fancy_heading_69d25b5564312 h1 {font-size:73px; }  } .ld_fancy_heading_69d25b5564312 h1 {margin-bottom:0.2em !important;  } <\/style><div class=\"ld-fancy-heading ld_fancy_heading_69d25b5564312\">\n\t<h1 class=\"ld-fh-element lqd-highlight-underline lqd-highlight-grow-left text-decoration-default\"   >  Pol\u00edtica de cookies<\/h1><\/div><style>.ld_button_69d25b5564494.btn-icon-solid .btn-icon{background:rgb(255, 255, 255);}.ld_button_69d25b5564494.btn-icon-circle.btn-icon-ripple .btn-icon:before{border-color:rgb(255, 255, 255);}.ld_button_69d25b5564494 .btn-icon{font-size:18px;}.ld_button_69d25b5564494{color:rgb(255, 255, 255);}<\/style><a href=\"#\" class=\"btn btn-naked btn-icon-block btn-no-label ld_button_69d25b5564494\" data-localscroll=\"true\" data-localscroll-options=\"{&quot;scrollBelowSection&quot;:true}\" >\n\t<span>\n\t\n\t\t\n\t<span class=\"btn-icon\"><i class=\"lqd-icn-ess icon-ion-ios-arrow-down\"><\/i><\/span>\t\t\t\t<\/span>\n<\/a>\n[\/vc_column][\/vc_row][vc_row responsive_css=&#8221;padding_top_large:60px|padding_top_medium:110px|padding_top_small:80px|padding_bottom_small:60px&#8221; css=&#8221;.vc_custom_1682478361260{padding-top: 60px !important;padding-bottom: 30px !important;}&#8221;][vc_column][vc_column_text]<strong>Esta Pol\u00edtica de Cookies \u00e9 um documento adicional \u00e0 Pol\u00edtica de Privacidade da Monte Consultoria, dispon\u00edvel <a href=\"https:\/\/monteconsultancy.com\/pt-br\/?page_id=3159\">neste link<\/a>. Aqui, voc\u00ea encontrar\u00e1 informa\u00e7\u00f5es objetivas e claras sobre o que s\u00e3o cookies, quais cookies usamos em nossos aplicativos, que fun\u00e7\u00e3o eles desempenham e como configur\u00e1-los.<\/strong>[\/vc_column_text]<style>.ld_spacer_69d25b556479d{height:32px;}<\/style>\n<div class=\"ld-empty-space ld_spacer_69d25b556479d\"><\/div><style>.ld_fancy_heading_69d25b556485e .lqd-highlight-inner{height:0.275em!important;bottom:0px!important;}<\/style><div class=\"ld-fancy-heading ld_fancy_heading_69d25b556485e\">\n\t<h4 class=\"ld-fh-element lqd-highlight-underline lqd-highlight-grow-left text-decoration-default\"   >  1. O que s\u00e3o cookies?<\/h4><\/div>[vc_column_text]Cookies s\u00e3o pequenos arquivos de texto ou informa\u00e7\u00f5es que s\u00e3o baixados para o seu computador, smartphone ou qualquer outro dispositivo com acesso \u00e0 Internet quando voc\u00ea visita nosso aplicativo.<\/p>\n<p>Eles cont\u00eam informa\u00e7\u00f5es sobre sua navega\u00e7\u00e3o em nossas p\u00e1ginas e ret\u00eam apenas informa\u00e7\u00f5es relacionadas \u00e0s suas prefer\u00eancias.<\/p>\n<p>Assim, esta p\u00e1gina \u00e9 capaz de armazenar e recuperar dados sobre seus h\u00e1bitos de navega\u00e7\u00e3o, a fim de melhorar a experi\u00eancia do usu\u00e1rio, por exemplo. \u00c9 importante observar que eles n\u00e3o cont\u00eam informa\u00e7\u00f5es pessoais espec\u00edficas, como dados confidenciais ou banc\u00e1rios.<\/p>\n<p>O navegador armazena cookies no disco r\u00edgido, mas eles ocupam um espa\u00e7o m\u00ednimo na mem\u00f3ria, o que n\u00e3o afeta o desempenho do computador. A maioria das informa\u00e7\u00f5es \u00e9 apagada logo ap\u00f3s o t\u00e9rmino da sess\u00e3o, como voc\u00ea ver\u00e1 no pr\u00f3ximo t\u00f3pico.[\/vc_column_text]<style>.ld_spacer_69d25b5564a32{height:32px;}<\/style>\n<div class=\"ld-empty-space ld_spacer_69d25b5564a32\"><\/div><style>.ld_fancy_heading_69d25b5564aa1 .lqd-highlight-inner{height:0.275em!important;bottom:0px!important;}<\/style><div class=\"ld-fancy-heading ld_fancy_heading_69d25b5564aa1\">\n\t<h4 class=\"ld-fh-element lqd-highlight-underline lqd-highlight-grow-left text-decoration-default\"   >  1.1. Tipos de cookies<\/h4><\/div>[vc_column_text]Os cookies, em termos de seus propriet\u00e1rios, podem ser:<\/p>\n<ol>\n<li><strong>Cookies propriet\u00e1rios:<\/strong> S\u00e3o cookies definidos por n\u00f3s ou por terceiros em nosso nome<\/li>\n<li><strong>Cookies de terceiros:<\/strong> Esses s\u00e3o cookies definidos por terceiros confi\u00e1veis em nosso aplicativo.<\/li>\n<\/ol>\n<p>Os cookies, em termos de sua vida \u00fatil, podem ser:<\/p>\n<ol>\n<li><strong>Cookies de sess\u00e3o ou tempor\u00e1rios:<\/strong> Esses s\u00e3o cookies que expiram assim que voc\u00ea fecha o navegador, encerrando a sess\u00e3o.<\/li>\n<li><strong>Cookies persistentes ou permanentes:<\/strong> S\u00e3o cookies que permanecem em seu dispositivo por um per\u00edodo espec\u00edfico ou at\u00e9 que voc\u00ea os exclua.<\/li>\n<\/ol>\n<p>Os cookies, em termos de sua finalidade, podem ser:<\/p>\n<ol>\n<li><strong>Cookies necess\u00e1rios:<\/strong> s\u00e3o cookies essenciais que permitem a navega\u00e7\u00e3o em nossos aplicativos e o acesso a todos os recursos; caso contr\u00e1rio, nossos servi\u00e7os podem ter um desempenho ruim ou n\u00e3o funcionar.<\/li>\n<li><strong>Cookies de desempenho:<\/strong> S\u00e3o cookies que otimizam a forma como nossos aplicativos funcionam, coletando informa\u00e7\u00f5es an\u00f4nimas sobre as p\u00e1ginas acessadas.<\/li>\n<li><strong>Cookies de funcionalidade:<\/strong> Esses s\u00e3o cookies que lembram suas prefer\u00eancias e escolhas (como seu nome de usu\u00e1rio)<\/li>\n<li><strong>Cookies de publicidade:<\/strong> Esses s\u00e3o cookies que direcionam an\u00fancios com base em seus interesses e limitam o n\u00famero de vezes que o an\u00fancio \u00e9 exibido.<\/li>\n<\/ol>\n<p>[\/vc_column_text]<style>.ld_spacer_69d25b5564c0c{height:32px;}<\/style>\n<div class=\"ld-empty-space ld_spacer_69d25b5564c0c\"><\/div><style>.ld_fancy_heading_69d25b5564c77 .lqd-highlight-inner{height:0.275em!important;bottom:0px!important;}<\/style><div class=\"ld-fancy-heading ld_fancy_heading_69d25b5564c77\">\n\t<h4 class=\"ld-fh-element lqd-highlight-underline lqd-highlight-grow-left text-decoration-default\"   >  2. Por que usamos cookies?<\/h4><\/div>[vc_column_text]A Monte Consultancy utiliza cookies para proporcionar a melhor experi\u00eancia ao usu\u00e1rio, tornando nossos aplicativos mais f\u00e1ceis e personalizados, com base em suas escolhas e comportamento de navega\u00e7\u00e3o.<\/p>\n<p>Assim, procuramos entender como voc\u00ea usa nossos aplicativos e ajustar o conte\u00fado para torn\u00e1-lo mais relevante para voc\u00ea, al\u00e9m de lembrar suas prefer\u00eancias.<\/p>\n<p>Os cookies participam desse processo, pois armazenam, leem e executam os dados necess\u00e1rios para cumprir nossa finalidade.[\/vc_column_text]<style>.ld_spacer_69d25b5564d29{height:32px;}<\/style>\n<div class=\"ld-empty-space ld_spacer_69d25b5564d29\"><\/div><style>.ld_fancy_heading_69d25b5564d8d .lqd-highlight-inner{height:0.275em!important;bottom:0px!important;}<\/style><div class=\"ld-fancy-heading ld_fancy_heading_69d25b5564d8d\">\n\t<h4 class=\"ld-fh-element lqd-highlight-underline lqd-highlight-grow-left text-decoration-default\"   >  3. Que tipos de cookies usamos?<\/h4><\/div>[vc_column_text]Abaixo, listamos todos os cookies que podem ser usados por (nome da empresa). \u00c9 importante lembrar que voc\u00ea pode gerenciar a permiss\u00e3o concedida para cada Cookie em seu navegador.<\/p>\n<p>Al\u00e9m disso, como os cookies capturam dados sobre voc\u00ea, recomendamos que voc\u00ea leia nossa Pol\u00edtica de Privacidade, dispon\u00edvel neste link.<\/p>\n<ol>\n<li>Cookies necess\u00e1rios<\/li>\n<li>Cookies de desempenho<\/li>\n<li>Cookies de funcionalidade<\/li>\n<li>Cookies de publicidade<\/li>\n<\/ol>\n<p>[\/vc_column_text]<style>.ld_spacer_69d25b5564dda{height:32px;}<\/style>\n<div class=\"ld-empty-space ld_spacer_69d25b5564dda\"><\/div><style>.ld_fancy_heading_69d25b5564e3a .lqd-highlight-inner{height:0.275em!important;bottom:0px!important;}<\/style><div class=\"ld-fancy-heading ld_fancy_heading_69d25b5564e3a\">\n\t<h4 class=\"ld-fh-element lqd-highlight-underline lqd-highlight-grow-left text-decoration-default\"   >  4. Gerenciamento de cookies<\/h4><\/div>[vc_column_text]A instala\u00e7\u00e3o de cookies est\u00e1 sujeita ao seu consentimento. Embora a maioria dos navegadores seja inicialmente configurada para aceitar cookies automaticamente, voc\u00ea pode revisar suas permiss\u00f5es a qualquer momento para bloque\u00e1-los, aceit\u00e1-los ou ativar notifica\u00e7\u00f5es quando alguns cookies forem enviados ao seu dispositivo.<\/p>\n<p>Atualmente, na primeira vez que acessar nossos aplicativos, ser\u00e1 necess\u00e1rio concordar com a instala\u00e7\u00e3o deles. Somente ap\u00f3s sua aceita\u00e7\u00e3o, eles ser\u00e3o ativados.<\/p>\n<p>Para isso, usamos um sistema (banner informativo ou outro mecanismo que alerta e solicita o consentimento) na p\u00e1gina inicial da Monte Consultoria. Dessa forma, n\u00e3o apenas solicitamos sua concord\u00e2ncia, mas tamb\u00e9m informamos que a navega\u00e7\u00e3o cont\u00ednua em nossos sites ser\u00e1 entendida como consentimento.<\/p>\n<p>Como j\u00e1 mencionado, voc\u00ea pode, a qualquer momento e sem custo, alterar as permiss\u00f5es, bloquear ou recusar cookies. Voc\u00ea tamb\u00e9m pode configur\u00e1-los caso a caso. Entretanto, a revoga\u00e7\u00e3o do consentimento para determinados cookies pode impossibilitar o funcionamento correto de alguns recursos da plataforma.<\/p>\n<p>Para gerenciar os cookies do seu navegador, basta faz\u00ea-lo diretamente nas configura\u00e7\u00f5es do navegador, na \u00e1rea de gerenciamento de cookies.<\/p>\n<p>Voc\u00ea pode acessar os tutoriais sobre o t\u00f3pico diretamente nos links abaixo:<\/p>\n<ul>\n<li>Se voc\u00ea usa o <a href=\"https:\/\/support.microsoft.com\/en-us\/help\/17442\/windows-internet-explorer-delete-manage-cookies\" target=\"_blank\" rel=\"noopener\">Internet Explorer.<\/a><\/li>\n<li>Se voc\u00ea usa o <a href=\"https:\/\/support.mozilla.org\/en-US\/kb\/manage-configuracoes-de-%20s-local-storage\" target=\"_blank\" rel=\"noopener\">Firefox<\/a>.<\/li>\n<li>Se voc\u00ea usa <a href=\"https:\/\/support.apple.com\/en-us\/guide\/safari\/sfri11471\/mac\" target=\"_blank\" rel=\"noopener\">o Safari<\/a>.<\/li>\n<li>Se voc\u00ea usa <a href=\"https:\/\/support.google.com\/chrome\/answer\/95647?co=GENIE.Platform%3DDesktop&amp;oco=1&amp;hl=pt-BR\" target=\"_blank\" rel=\"noopener\">o Google Chrome<\/a>.<\/li>\n<li>Se voc\u00ea usa o <a href=\"https:\/\/support.microsoft.com\/en-us\/help\/4027947\/microsoft-edge-delete-cookies\" target=\"_blank\" rel=\"noopener\">Microsoft Edge. <\/a><\/li>\n<li>Se voc\u00ea usa o <a href=\"https:\/\/help.opera.com\/en\/latest\/web-preferences\/#cookies\" target=\"_blank\" rel=\"noopener\">Opera<\/a>.<\/li>\n<\/ul>\n<p>[\/vc_column_text]<style>.ld_spacer_69d25b5564e80{height:32px;}<\/style>\n<div class=\"ld-empty-space ld_spacer_69d25b5564e80\"><\/div><style>.ld_fancy_heading_69d25b5564ede .lqd-highlight-inner{height:0.275em!important;bottom:0px!important;}<\/style><div class=\"ld-fancy-heading ld_fancy_heading_69d25b5564ede\">\n\t<h4 class=\"ld-fh-element lqd-highlight-underline lqd-highlight-grow-left text-decoration-default\"   >  5. Disposi\u00e7\u00f5es finais<\/h4><\/div>[vc_column_text]Para a Monte Consultancy, a privacidade e a confian\u00e7a s\u00e3o fundamentais para o nosso relacionamento com voc\u00ea. Estamos sempre nos atualizando para manter os mais altos padr\u00f5es de seguran\u00e7a.<\/p>\n<p>Portanto, reservamo-nos o direito de alterar esta Pol\u00edtica de Cookies a qualquer momento.<\/p>\n<p>As altera\u00e7\u00f5es entrar\u00e3o em vigor logo ap\u00f3s a publica\u00e7\u00e3o, e voc\u00ea ser\u00e1 notificado.<\/p>\n<p>Ao continuar a navegar em nossos aplicativos ap\u00f3s a entrada em vigor dessa altera\u00e7\u00e3o, voc\u00ea concorda com ela. Recomendamos que voc\u00ea sempre verifique esta Pol\u00edtica, bem como nossa Pol\u00edtica de Privacidade.<\/p>\n<p>Se tiver alguma d\u00favida sobre esta Pol\u00edtica de Cookies, entre em contato conosco pelos seguintes meios:<\/p>\n<p>Contato: e-mail, telefone ou outros meios.<\/p>\n<p>Esta Pol\u00edtica de Cookies foi atualizada pela \u00faltima vez: 20\/10\/2021.[\/vc_column_text][\/vc_column][\/vc_row]<\/p>\n","protected":false},"excerpt":{"rendered":"<p>[vc_row enable_gradient=&#8221;yes&#8221; enable_overlay=&#8221;yes&#8221; enable_row_dividers=&#8221;yes&#8221; gradient_bg=&#8221;linear-gradient(40deg, rgb(46, 52, 67) 0.3184713375796178%, rgb(50, 51, 74) 50.318471337579616%, #3b4157 100%)&#8221; css=&#8221;.vc_custom_1679653274340{padding-top: 145px !important;padding-bottom: 40px !important;background-image: url(https:\/\/monteconsultancy.com\/wp-content\/uploads\/2023\/03\/United-Kingdom-2.jpg?id=973) !important;}&#8221; row_svg_divider=&#8221;bottom_shape_type:8|bottom_shape_color:%23ffffff|bottom_shape_height:60&#8243; overlay_bg=&#8221;rgba(0, 0, 0, 0.4)&#8221;][vc_column offset=&#8221;vc_col-lg-offset-3 vc_col-lg-6 vc_col-md-offset-2 vc_col-md-8&#8243; responsive_align=&#8221;text-center&#8221; responsive_css=&#8221;padding_right_large:10%25|padding_left_large:10%25|padding_right_medium:15%25|padding_left_medium:15%25&#8243;][\/vc_column][\/vc_row][vc_row responsive_css=&#8221;padding_top_large:60px|padding_top_medium:110px|padding_top_small:80px|padding_bottom_small:60px&#8221; css=&#8221;.vc_custom_1682478361260{padding-top: 60px !important;padding-bottom: 30px !important;}&#8221;][vc_column][vc_column_text]Esta Pol\u00edtica de Cookies \u00e9 um documento adicional \u00e0 Pol\u00edtica de Privacidade da Monte Consultoria, dispon\u00edvel neste [&hellip;]<\/p>\n","protected":false},"author":1,"featured_media":0,"parent":0,"menu_order":0,"comment_status":"closed","ping_status":"closed","template":"","meta":{"om_disable_all_campaigns":false,"_monsterinsights_skip_tracking":false,"_monsterinsights_sitenote_active":false,"_monsterinsights_sitenote_note":"","_monsterinsights_sitenote_category":0,"footnotes":""},"class_list":["post-3337","page","type-page","status-publish","hentry"],"aioseo_notices":[],"_links":{"self":[{"href":"https:\/\/monteconsultancy.com\/pt-br\/wp-json\/wp\/v2\/pages\/3337","targetHints":{"allow":["GET"]}}],"collection":[{"href":"https:\/\/monteconsultancy.com\/pt-br\/wp-json\/wp\/v2\/pages"}],"about":[{"href":"https:\/\/monteconsultancy.com\/pt-br\/wp-json\/wp\/v2\/types\/page"}],"author":[{"embeddable":true,"href":"https:\/\/monteconsultancy.com\/pt-br\/wp-json\/wp\/v2\/users\/1"}],"replies":[{"embeddable":true,"href":"https:\/\/monteconsultancy.com\/pt-br\/wp-json\/wp\/v2\/comments?post=3337"}],"version-history":[{"count":1,"href":"https:\/\/monteconsultancy.com\/pt-br\/wp-json\/wp\/v2\/pages\/3337\/revisions"}],"predecessor-version":[{"id":3905,"href":"https:\/\/monteconsultancy.com\/pt-br\/wp-json\/wp\/v2\/pages\/3337\/revisions\/3905"}],"wp:attachment":[{"href":"https:\/\/monteconsultancy.com\/pt-br\/wp-json\/wp\/v2\/media?parent=3337"}],"curies":[{"name":"wp","href":"https:\/\/api.w.org\/{rel}","templated":true}]}}